{"id":11124,"date":"2025-09-01T08:03:04","date_gmt":"2025-09-01T08:03:04","guid":{"rendered":"https:\/\/tokdev.al\/abiesse\/?page_id=11124"},"modified":"2026-04-17T13:39:59","modified_gmt":"2026-04-17T13:39:59","slug":"rreth-nesh","status":"publish","type":"page","link":"https:\/\/tokdev.al\/abiesse\/rreth-nesh\/","title":{"rendered":"Rreth Nesh"},"content":{"rendered":"\t\t<div data-elementor-type=\"wp-page\" data-elementor-id=\"11124\" class=\"elementor elementor-11124\" data-elementor-post-type=\"page\">\n\t\t\t\t<div class=\"wd-negative-gap elementor-element elementor-element-656c5ee e-flex e-con-boxed e-con e-parent\" data-id=\"656c5ee\" data-element_type=\"container\" data-e-type=\"container\" data-settings=\"{&quot;background_background&quot;:&quot;classic&quot;}\">\n\t\t\t\t\t<div class=\"e-con-inner\">\n\t\t<div class=\"elementor-element elementor-element-3e91d82 e-con-full e-flex e-con e-child\" data-id=\"3e91d82\" data-element_type=\"container\" data-e-type=\"container\" data-settings=\"{&quot;background_background&quot;:&quot;classic&quot;}\">\n\t\t\t\t<div class=\"elementor-element elementor-element-40ca824 elementor-widget elementor-widget-heading\" data-id=\"40ca824\" data-element_type=\"widget\" data-e-type=\"widget\" data-widget_type=\"heading.default\">\n\t\t\t\t\t<h2 class=\"elementor-heading-title elementor-size-default\">Historia Jon\u00eb<\/h2>\t\t\t\t<\/div>\n\t\t\t\t<div class=\"elementor-element elementor-element-a27e3dd color-scheme-inherit text-left elementor-widget elementor-widget-text-editor\" data-id=\"a27e3dd\" data-element_type=\"widget\" data-e-type=\"widget\" data-widget_type=\"text-editor.default\">\n\t\t\t\t\t\t\t\t\t<p>E themeluar n\u00eb Tiran\u00eb n\u00eb vitin 1995, ABIESSE u b\u00eb shpejt nj\u00eb nga kompanit\u00eb lider n\u00eb furnizimin me shumic\u00eb dhe pakic\u00eb t\u00eb materialeve elektrike. Gjat\u00eb gjith\u00eb k\u00ebtyre viteve, kompania ka nd\u00ebrtuar reputacionin e saj mbi cil\u00ebsin\u00eb e produkteve dhe sh\u00ebrbimit, duke u b\u00ebr\u00eb nj\u00eb pik\u00eb referimi e besueshme n\u00eb treg.<\/p><p>N\u00eb planet e zhvillimit, ABIESSE ka pasur gjithmon\u00eb dy pika t\u00eb forta: k\u00ebrkimin e vazhduesh\u00ebm t\u00eb produkteve dhe teknologjive t\u00eb reja p\u00ebr t\u00eb ofruar cil\u00ebsin\u00eb m\u00eb t\u00eb mir\u00eb, si dhe zgjerimin e rrjetit t\u00eb filialeve p\u00ebr t\u00eb p\u00ebrmir\u00ebsuar sh\u00ebrbimin ndaj klient\u00ebve. Sot, kompania operon me 4 filiale n\u00eb Tiran\u00eb dhe vijon t\u00eb rritet n\u00eb sektor\u00eb t\u00eb rinj.<\/p>\t\t\t\t\t\t\t\t<\/div>\n\t\t\t\t<\/div>\n\t\t<div class=\"elementor-element elementor-element-394c313 e-con-full e-flex e-con e-child\" data-id=\"394c313\" data-element_type=\"container\" data-e-type=\"container\" data-settings=\"{&quot;background_background&quot;:&quot;classic&quot;}\">\n\t\t\t\t<\/div>\n\t\t\t\t\t<\/div>\n\t\t\t\t<\/div>\n\t\t<div class=\"wd-negative-gap elementor-element elementor-element-150f9e9 e-flex e-con-boxed e-con e-parent\" data-id=\"150f9e9\" data-element_type=\"container\" data-e-type=\"container\" data-settings=\"{&quot;background_background&quot;:&quot;classic&quot;}\">\n\t\t\t\t\t<div class=\"e-con-inner\">\n\t\t\t\t<div class=\"elementor-element elementor-element-9e65126 elementor-widget elementor-widget-heading\" data-id=\"9e65126\" data-element_type=\"widget\" data-e-type=\"widget\" data-widget_type=\"heading.default\">\n\t\t\t\t\t<h2 class=\"elementor-heading-title elementor-size-default\">Suksesi Nd\u00ebr Vite<\/h2>\t\t\t\t<\/div>\n\t\t\t\t<div class=\"elementor-element elementor-element-ac74e0a elementor-widget elementor-widget-wd_infobox_carousel\" data-id=\"ac74e0a\" data-element_type=\"widget\" data-e-type=\"widget\" data-widget_type=\"wd_infobox_carousel.default\">\n\t\t\t\t<div class=\"elementor-widget-container\">\n\t\t\t\t\t\t\t<div class=\"wd-carousel-container info-box-carousel-wrapper\">\n\t\t\t<div class=\"wd-carousel-inner\">\n\t\t\t\t<div class=\"wd-carousel wd-grid info-box-carousel scroll-init\" data-speed=\"5000\" data-autoplay=\"yes\" data-autoheight=\"yes\" data-scroll_per_page=\"yes\" style=\"--wd-col-lg:6;--wd-col-md:3;--wd-col-sm:2;--wd-gap-lg:20px;--wd-gap-sm:10px;\">\n\t\t\t\t\t<div class=\"wd-carousel-wrap\">\n\t\t\t\t\t\t\t\t\t\t\t\t\t\t\t\t\t\t\t\t\t\t<div class=\"info-box-wrapper wd-carousel-item\">\n\t\t\t<div class=\"wd-info-box text-left box-icon-align-top box-style-base color-scheme-  elementor-repeater-item-0225382\">\n\t\t\t\t\n\t\t\t\t<div class=\"info-box-content\">\n\t\t\t\t\t\n\t\t\t\t\t\t\t\t\t\t\t<h2\t\t\t\t\t\tclass=\"info-box-title title box-title-style-default wd-fontsize-s\" data-elementor-setting-key=\"title\">\n\t\t\t\t\t\t\t\t1995\t\t\t\t\t\t<\/h2>\n\t\t\t\t\t\n\t\t\t\t\t<div class=\"info-box-inner reset-last-child\"data-elementor-setting-key=\"content\"><p>Themelimi i kompanis\u00eb ABIESSE.<\/p>\n<\/div>\n\n\t\t\t\t\t\t\t\t\t<\/div>\n\n\t\t\t\t\t\t\t<\/div>\n\t\t<\/div>\n\t\t\t\t\t\t\t\t\t\t\t\t\t\t\t\t\t\t\t\t\t\t\t\t<div class=\"info-box-wrapper wd-carousel-item\">\n\t\t\t<div class=\"wd-info-box text-left box-icon-align-top box-style-base color-scheme-  elementor-repeater-item-e65ce45\">\n\t\t\t\t\n\t\t\t\t<div class=\"info-box-content\">\n\t\t\t\t\t\n\t\t\t\t\t\t\t\t\t\t\t<h2\t\t\t\t\t\tclass=\"info-box-title title box-title-style-default wd-fontsize-s\" data-elementor-setting-key=\"title\">\n\t\t\t\t\t\t\t\t1996\t\t\t\t\t\t<\/h2>\n\t\t\t\t\t\n\t\t\t\t\t<div class=\"info-box-inner reset-last-child\"data-elementor-setting-key=\"content\"><p>Nd\u00ebrtimi i selis\u00eb qendrore.<\/p>\n<\/div>\n\n\t\t\t\t\t\t\t\t\t<\/div>\n\n\t\t\t\t\t\t\t<\/div>\n\t\t<\/div>\n\t\t\t\t\t\t\t\t\t\t\t\t\t\t\t\t\t\t\t\t\t\t\t\t<div class=\"info-box-wrapper wd-carousel-item\">\n\t\t\t<div class=\"wd-info-box text-left box-icon-align-top box-style-base color-scheme-  elementor-repeater-item-3273515\">\n\t\t\t\t\n\t\t\t\t<div class=\"info-box-content\">\n\t\t\t\t\t\n\t\t\t\t\t\t\t\t\t\t\t<h2\t\t\t\t\t\tclass=\"info-box-title title box-title-style-default wd-fontsize-s\" data-elementor-setting-key=\"title\">\n\t\t\t\t\t\t\t\t2001\t\t\t\t\t\t<\/h2>\n\t\t\t\t\t\n\t\t\t\t\t<div class=\"info-box-inner reset-last-child\"data-elementor-setting-key=\"content\"><p>Inaugurimi i filialit ABIESSE pran\u00eb Stacionit t\u00eb Trenit, Tiran\u00eb.<\/p>\n<\/div>\n\n\t\t\t\t\t\t\t\t\t<\/div>\n\n\t\t\t\t\t\t\t<\/div>\n\t\t<\/div>\n\t\t\t\t\t\t\t\t\t\t\t\t\t\t\t\t\t\t\t\t\t\t\t\t<div class=\"info-box-wrapper wd-carousel-item\">\n\t\t\t<div class=\"wd-info-box text-left box-icon-align-top box-style-base color-scheme-  elementor-repeater-item-d306e80\">\n\t\t\t\t\n\t\t\t\t<div class=\"info-box-content\">\n\t\t\t\t\t\n\t\t\t\t\t\t\t\t\t\t\t<h2\t\t\t\t\t\tclass=\"info-box-title title box-title-style-default wd-fontsize-s\" data-elementor-setting-key=\"title\">\n\t\t\t\t\t\t\t\t2003\t\t\t\t\t\t<\/h2>\n\t\t\t\t\t\n\t\t\t\t\t<div class=\"info-box-inner reset-last-child\"data-elementor-setting-key=\"content\"><p>Krijimi i sektorit t\u00eb paneleve \u201cPanel Builder\u201d, i autorizuar nga Schneider dhe Legrand.<\/p>\n<\/div>\n\n\t\t\t\t\t\t\t\t\t<\/div>\n\n\t\t\t\t\t\t\t<\/div>\n\t\t<\/div>\n\t\t\t\t\t\t\t\t\t\t\t\t\t\t\t\t\t\t\t\t\t\t\t\t<div class=\"info-box-wrapper wd-carousel-item\">\n\t\t\t<div class=\"wd-info-box text-left box-icon-align-top box-style-base color-scheme-  elementor-repeater-item-d3c7769\">\n\t\t\t\t\n\t\t\t\t<div class=\"info-box-content\">\n\t\t\t\t\t\n\t\t\t\t\t\t\t\t\t\t\t<h2\t\t\t\t\t\tclass=\"info-box-title title box-title-style-default wd-fontsize-s\" data-elementor-setting-key=\"title\">\n\t\t\t\t\t\t\t\t2005\t\t\t\t\t\t<\/h2>\n\t\t\t\t\t\n\t\t\t\t\t<div class=\"info-box-inner reset-last-child\"data-elementor-setting-key=\"content\"><p>Inaugurimi i filialit ABIESSE te Zogu i Zi, Tiran\u00eb.<br \/>10-vjetorit t\u00eb kompanis\u00eb.<\/p>\n<\/div>\n\n\t\t\t\t\t\t\t\t\t<\/div>\n\n\t\t\t\t\t\t\t<\/div>\n\t\t<\/div>\n\t\t\t\t\t\t\t\t\t\t\t\t\t\t\t\t\t\t\t\t\t\t\t\t<div class=\"info-box-wrapper wd-carousel-item\">\n\t\t\t<div class=\"wd-info-box text-left box-icon-align-top box-style-base color-scheme-  elementor-repeater-item-8d6f16a\">\n\t\t\t\t\n\t\t\t\t<div class=\"info-box-content\">\n\t\t\t\t\t\n\t\t\t\t\t\t\t\t\t\t\t<h2\t\t\t\t\t\tclass=\"info-box-title title box-title-style-default wd-fontsize-s\" data-elementor-setting-key=\"title\">\n\t\t\t\t\t\t\t\t2006\t\t\t\t\t\t<\/h2>\n\t\t\t\t\t\n\t\t\t\t\t<div class=\"info-box-inner reset-last-child\"data-elementor-setting-key=\"content\"><p>Krijimi i struktur\u00ebs p\u00ebr sektorin e servisit dhe mir\u00ebmbajtjes.<\/p>\n<\/div>\n\n\t\t\t\t\t\t\t\t\t<\/div>\n\n\t\t\t\t\t\t\t<\/div>\n\t\t<\/div>\n\t\t\t\t\t\t\t\t\t\t\t\t\t\t\t\t\t\t\t\t\t\t\t\t<div class=\"info-box-wrapper wd-carousel-item\">\n\t\t\t<div class=\"wd-info-box text-left box-icon-align-top box-style-base color-scheme-  elementor-repeater-item-5046596\">\n\t\t\t\t\n\t\t\t\t<div class=\"info-box-content\">\n\t\t\t\t\t\n\t\t\t\t\t\t\t\t\t\t\t<h2\t\t\t\t\t\tclass=\"info-box-title title box-title-style-default wd-fontsize-s\" data-elementor-setting-key=\"title\">\n\t\t\t\t\t\t\t\t2009\t\t\t\t\t\t<\/h2>\n\t\t\t\t\t\n\t\t\t\t\t<div class=\"info-box-inner reset-last-child\"data-elementor-setting-key=\"content\"><p>Inaugurimi i filialit ABIESSE te Brryli, Tiran\u00eb.<\/p>\n<\/div>\n\n\t\t\t\t\t\t\t\t\t<\/div>\n\n\t\t\t\t\t\t\t<\/div>\n\t\t<\/div>\n\t\t\t\t\t\t\t\t\t\t\t\t\t\t\t\t\t\t\t\t\t\t\t\t<div class=\"info-box-wrapper wd-carousel-item\">\n\t\t\t<div class=\"wd-info-box text-left box-icon-align-top box-style-base color-scheme-  elementor-repeater-item-5f50ad0\">\n\t\t\t\t\n\t\t\t\t<div class=\"info-box-content\">\n\t\t\t\t\t\n\t\t\t\t\t\t\t\t\t\t\t<h2\t\t\t\t\t\tclass=\"info-box-title title box-title-style-default wd-fontsize-s\" data-elementor-setting-key=\"title\">\n\t\t\t\t\t\t\t\t2011\t\t\t\t\t\t<\/h2>\n\t\t\t\t\t\n\t\t\t\t\t<div class=\"info-box-inner reset-last-child\"data-elementor-setting-key=\"content\"><p>Restyling i selis\u00eb qendrore me nj\u00eb pamje t\u00eb re dhe bashk\u00ebkohore.<\/p>\n<\/div>\n\n\t\t\t\t\t\t\t\t\t<\/div>\n\n\t\t\t\t\t\t\t<\/div>\n\t\t<\/div>\n\t\t\t\t\t\t\t\t\t\t\t\t\t\t\t\t\t\t\t\t\t\t\t\t<div class=\"info-box-wrapper wd-carousel-item\">\n\t\t\t<div class=\"wd-info-box text-left box-icon-align-top box-style-base color-scheme-  elementor-repeater-item-a2446a4\">\n\t\t\t\t\n\t\t\t\t<div class=\"info-box-content\">\n\t\t\t\t\t\n\t\t\t\t\t\t\t\t\t\t\t<h2\t\t\t\t\t\tclass=\"info-box-title title box-title-style-default wd-fontsize-s\" data-elementor-setting-key=\"title\">\n\t\t\t\t\t\t\t\t2013\t\t\t\t\t\t<\/h2>\n\t\t\t\t\t\n\t\t\t\t\t<div class=\"info-box-inner reset-last-child\"data-elementor-setting-key=\"content\"><p>Krijimi i K-Biesse n\u00eb Kosov\u00eb dhe inaugurimi i filialit n\u00eb Prishtin\u00eb.<\/p>\n<\/div>\n\n\t\t\t\t\t\t\t\t\t<\/div>\n\n\t\t\t\t\t\t\t<\/div>\n\t\t<\/div>\n\t\t\t\t\t\t\t\t\t\t\t\t\t\t\t\t\t\t\t\t\t\t\t\t<div class=\"info-box-wrapper wd-carousel-item\">\n\t\t\t<div class=\"wd-info-box text-left box-icon-align-top box-style-base color-scheme-  elementor-repeater-item-79cccf1\">\n\t\t\t\t\n\t\t\t\t<div class=\"info-box-content\">\n\t\t\t\t\t\n\t\t\t\t\t\t\t\t\t\t\t<h2\t\t\t\t\t\tclass=\"info-box-title title box-title-style-default wd-fontsize-s\" data-elementor-setting-key=\"title\">\n\t\t\t\t\t\t\t\t2015\t\t\t\t\t\t<\/h2>\n\t\t\t\t\t\n\t\t\t\t\t<div class=\"info-box-inner reset-last-child\"data-elementor-setting-key=\"content\"><p>Festa e 20-vjetorit t\u00eb kompanis\u00eb (1995\u20132015).<\/p>\n<\/div>\n\n\t\t\t\t\t\t\t\t\t<\/div>\n\n\t\t\t\t\t\t\t<\/div>\n\t\t<\/div>\n\t\t\t\t\t\t\t\t\t\t\t\t\t\t\t\t\t\t\t\t\t\t\t\t<div class=\"info-box-wrapper wd-carousel-item\">\n\t\t\t<div class=\"wd-info-box text-left box-icon-align-top box-style-base color-scheme-  elementor-repeater-item-5026997\">\n\t\t\t\t\n\t\t\t\t<div class=\"info-box-content\">\n\t\t\t\t\t\n\t\t\t\t\t\t\t\t\t\t\t<h2\t\t\t\t\t\tclass=\"info-box-title title box-title-style-default wd-fontsize-s\" data-elementor-setting-key=\"title\">\n\t\t\t\t\t\t\t\t2025\t\t\t\t\t\t<\/h2>\n\t\t\t\t\t\n\t\t\t\t\t<div class=\"info-box-inner reset-last-child\"data-elementor-setting-key=\"content\"><p>Festa e 30-vjetorit t\u00eb kompanis\u00eb.<\/p>\n<\/div>\n\n\t\t\t\t\t\t\t\t\t<\/div>\n\n\t\t\t\t\t\t\t<\/div>\n\t\t<\/div>\n\t\t\t\t\t\t\t\t\t\t\t\t\t<\/div>\n\t\t\t\t<\/div>\n\n\t\t\t\t\t\t\t<\/div>\n\n\t\t\t\t\t<div class=\"wd-nav-pagin-wrap text-center wd-style-shape wd-hide-md-sm wd-hide-sm\">\n\t\t\t<ul class=\"wd-nav-pagin\"><\/ul>\n\t\t<\/div>\n\t\t\t\t\t\t\t<\/div>\n\t\t\t\t\t\t<\/div>\n\t\t\t\t<\/div>\n\t\t\t\t\t<\/div>\n\t\t\t\t<\/div>\n\t\t<div class=\"elementor-element elementor-element-0cd8acc e-flex e-con-boxed e-con e-parent\" data-id=\"0cd8acc\" data-element_type=\"container\" data-e-type=\"container\">\n\t\t\t\t\t<div class=\"e-con-inner\">\n\t\t<div class=\"elementor-element elementor-element-5f22c7b e-con-full e-flex e-con e-child\" data-id=\"5f22c7b\" data-element_type=\"container\" data-e-type=\"container\">\n\t\t\t\t<div class=\"elementor-element elementor-element-8640417 elementor-widget__width-initial elementor-widget elementor-widget-heading\" data-id=\"8640417\" data-element_type=\"widget\" data-e-type=\"widget\" data-widget_type=\"heading.default\">\n\t\t\t\t\t<h2 class=\"elementor-heading-title elementor-size-default\">Profili i Kompanis\u00eb<\/h2>\t\t\t\t<\/div>\n\t\t\t\t<\/div>\n\t\t<div class=\"elementor-element elementor-element-970e3e2 e-con-full e-flex e-con e-child\" data-id=\"970e3e2\" data-element_type=\"container\" data-e-type=\"container\">\n\t\t\t\t<div class=\"elementor-element elementor-element-babd26c elementor-widget__width-initial color-scheme-inherit text-left elementor-widget elementor-widget-text-editor\" data-id=\"babd26c\" data-element_type=\"widget\" data-e-type=\"widget\" data-widget_type=\"text-editor.default\">\n\t\t\t\t\t\t\t\t\t<p>Aktiviteti i ABIESSE filloi me shp\u00ebrndarjen e materialeve elektrike, por shum\u00eb shpejt u zgjerua edhe n\u00eb fusha t\u00eb tjera si ndri\u00e7imi, siguria, domotika, automatika industriale, UPS, gjenerator\u00ebt dhe stabilizator\u00ebt.<\/p><p>Kompania ofron nj\u00eb gam\u00eb t\u00eb gjer\u00eb produktesh dhe sh\u00ebrbimesh, t\u00eb cilat p\u00ebrfshijn\u00eb instalime civile dhe industriale, sisteme menaxhimi p\u00ebr godina dhe hotele, rrjete kompjuterike si dhe panele elektrike. Sh\u00ebrbimi profesional dhe konsulenca teknike e stafit t\u00eb specializuar garantojn\u00eb zgjidhje t\u00eb personalizuara p\u00ebr \u00e7do klient.<\/p>\t\t\t\t\t\t\t\t<\/div>\n\t\t\t\t<div class=\"elementor-element elementor-element-7e65fef elementor-widget__width-initial color-scheme-inherit text-left elementor-widget elementor-widget-text-editor\" data-id=\"7e65fef\" data-element_type=\"widget\" data-e-type=\"widget\" data-widget_type=\"text-editor.default\">\n\t\t\t\t\t\t\t\t\t<p>Nj\u00eb sektor i r\u00ebnd\u00ebsish\u00ebm \u00ebsht\u00eb Studio e Ndri\u00e7imit, e cila ofron projekte t\u00eb personalizuara p\u00ebr ndri\u00e7im civil, hotelier, rrugor dhe industrial, gjithmon\u00eb me produkte nga markat m\u00eb t\u00eb njohura evropiane. Po ashtu, kompania ofron sh\u00ebrbime mir\u00ebmbajtjeje p\u00ebr gjenerator\u00eb, UPS dhe pajisje t\u00eb tjera, duke vendosur p\u00ebrpar\u00ebsi cil\u00ebsin\u00eb, sigurin\u00eb dhe performanc\u00ebn.<\/p><p>Fal\u00eb p\u00ebrkushtimit dhe inovacionit t\u00eb vazhduesh\u00ebm, ABIESSE mbetet nj\u00eb nd\u00ebrmarrje dinamike dhe nj\u00eb partner i besuesh\u00ebm p\u00ebr tregun shqiptar.<\/p>\t\t\t\t\t\t\t\t<\/div>\n\t\t\t\t<\/div>\n\t\t\t\t\t<\/div>\n\t\t\t\t<\/div>\n\t\t<div class=\"wd-negative-gap elementor-element elementor-element-efb47ff e-flex e-con-boxed e-con e-parent\" data-id=\"efb47ff\" data-element_type=\"container\" data-e-type=\"container\" data-settings=\"{&quot;background_background&quot;:&quot;classic&quot;}\">\n\t\t\t\t\t<div class=\"e-con-inner\">\n\t\t<div class=\"elementor-element elementor-element-4fbe77a e-con-full e-flex e-con e-child\" data-id=\"4fbe77a\" data-element_type=\"container\" data-e-type=\"container\" data-settings=\"{&quot;background_background&quot;:&quot;classic&quot;}\">\n\t\t\t\t<div class=\"elementor-element elementor-element-04a53d4 elementor-widget elementor-widget-heading\" data-id=\"04a53d4\" data-element_type=\"widget\" data-e-type=\"widget\" data-widget_type=\"heading.default\">\n\t\t\t\t\t<h2 class=\"elementor-heading-title elementor-size-default\">Ekipi Yn\u00eb<\/h2>\t\t\t\t<\/div>\n\t\t\t\t<div class=\"elementor-element elementor-element-e77a175 color-scheme-inherit text-left elementor-widget elementor-widget-text-editor\" data-id=\"e77a175\" data-element_type=\"widget\" data-e-type=\"widget\" data-widget_type=\"text-editor.default\">\n\t\t\t\t\t\t\t\t\t<p>N\u00eb ABIESSE besojm\u00eb se njer\u00ebzit jan\u00eb vlera m\u00eb e madhe dhe \u00e7el\u00ebsi i suksesit ton\u00eb, t\u00eb cilin e arrijm\u00eb gjithmon\u00eb si skuad\u00ebr. K\u00ebrkojm\u00eb individ\u00eb ambicioz\u00eb, me objektiva t\u00eb qarta, besnik\u00eb dhe t\u00eb ndersh\u00ebm.<\/p><p>Po aq r\u00ebnd\u00ebsi u kushtojm\u00eb kualifikimeve profesionale e akademike, duke investuar te profesionist\u00ebt pasionant\u00eb, t\u00eb cil\u00ebt rriten nj\u00ebkoh\u00ebsisht bashk\u00eb me kompanin\u00eb.<\/p>\t\t\t\t\t\t\t\t<\/div>\n\t\t\t\t<\/div>\n\t\t<div class=\"elementor-element elementor-element-171635e e-con-full e-flex e-con e-child\" data-id=\"171635e\" data-element_type=\"container\" data-e-type=\"container\" data-settings=\"{&quot;background_background&quot;:&quot;classic&quot;}\">\n\t\t\t\t<div class=\"elementor-element elementor-element-b3e9aa8 elementor-widget elementor-widget-image\" data-id=\"b3e9aa8\" data-element_type=\"widget\" data-e-type=\"widget\" data-widget_type=\"image.default\">\n\t\t\t\t\t\t\t\t\t\t\t\t\t\t\t<img fetchpriority=\"high\" decoding=\"async\" width=\"1920\" height=\"1070\" src=\"https:\/\/tokdev.al\/abiesse\/wp-content\/uploads\/2026\/04\/Foto-staff-banner.jpg\" class=\"attachment-full size-full wp-image-58594\" alt=\"\" srcset=\"https:\/\/tokdev.al\/abiesse\/wp-content\/uploads\/2026\/04\/Foto-staff-banner.jpg 1920w, https:\/\/tokdev.al\/abiesse\/wp-content\/uploads\/2026\/04\/Foto-staff-banner-300x167.jpg 300w, https:\/\/tokdev.al\/abiesse\/wp-content\/uploads\/2026\/04\/Foto-staff-banner-1024x571.jpg 1024w, https:\/\/tokdev.al\/abiesse\/wp-content\/uploads\/2026\/04\/Foto-staff-banner-768x428.jpg 768w, https:\/\/tokdev.al\/abiesse\/wp-content\/uploads\/2026\/04\/Foto-staff-banner-1536x856.jpg 1536w, https:\/\/tokdev.al\/abiesse\/wp-content\/uploads\/2026\/04\/Foto-staff-banner-1200x669.jpg 1200w, https:\/\/tokdev.al\/abiesse\/wp-content\/uploads\/2026\/04\/Foto-staff-banner-150x84.jpg 150w\" sizes=\"(max-width: 1920px) 100vw, 1920px\" \/>\t\t\t\t\t\t\t\t\t\t\t\t\t\t\t<\/div>\n\t\t\t\t<\/div>\n\t\t\t\t\t<\/div>\n\t\t\t\t<\/div>\n\t\t\t\t<\/div>\n\t\t","protected":false},"excerpt":{"rendered":"<p>Historia Jon\u00eb E themeluar n\u00eb Tiran\u00eb n\u00eb vitin 1995, ABIESSE u b\u00eb shpejt nj\u00eb nga kompanit\u00eb lider n\u00eb furnizimin me<\/p>\n","protected":false},"author":1,"featured_media":0,"parent":0,"menu_order":0,"comment_status":"closed","ping_status":"closed","template":"elementor_header_footer","meta":{"_acf_changed":false,"footnotes":""},"class_list":["post-11124","page","type-page","status-publish","hentry"],"acf":[],"_links":{"self":[{"href":"https:\/\/tokdev.al\/abiesse\/wp-json\/wp\/v2\/pages\/11124","targetHints":{"allow":["GET"]}}],"collection":[{"href":"https:\/\/tokdev.al\/abiesse\/wp-json\/wp\/v2\/pages"}],"about":[{"href":"https:\/\/tokdev.al\/abiesse\/wp-json\/wp\/v2\/types\/page"}],"author":[{"embeddable":true,"href":"https:\/\/tokdev.al\/abiesse\/wp-json\/wp\/v2\/users\/1"}],"replies":[{"embeddable":true,"href":"https:\/\/tokdev.al\/abiesse\/wp-json\/wp\/v2\/comments?post=11124"}],"version-history":[{"count":148,"href":"https:\/\/tokdev.al\/abiesse\/wp-json\/wp\/v2\/pages\/11124\/revisions"}],"predecessor-version":[{"id":58718,"href":"https:\/\/tokdev.al\/abiesse\/wp-json\/wp\/v2\/pages\/11124\/revisions\/58718"}],"wp:attachment":[{"href":"https:\/\/tokdev.al\/abiesse\/wp-json\/wp\/v2\/media?parent=11124"}],"curies":[{"name":"wp","href":"https:\/\/api.w.org\/{rel}","templated":true}]}}