{"id":11165,"date":"2025-09-08T07:30:47","date_gmt":"2025-09-08T07:30:47","guid":{"rendered":"https:\/\/tokdev.al\/abiesse\/?page_id=11165"},"modified":"2026-01-07T16:03:49","modified_gmt":"2026-01-07T16:03:49","slug":"karriera","status":"publish","type":"page","link":"https:\/\/tokdev.al\/abiesse\/karriera\/","title":{"rendered":"Karriera"},"content":{"rendered":"\t\t<div data-elementor-type=\"wp-page\" data-elementor-id=\"11165\" class=\"elementor elementor-11165\" data-elementor-post-type=\"page\">\n\t\t\t\t<div class=\"wd-negative-gap elementor-element elementor-element-b9075b3 e-flex e-con-boxed e-con e-parent\" data-id=\"b9075b3\" data-element_type=\"container\" data-e-type=\"container\" data-settings=\"{&quot;background_background&quot;:&quot;classic&quot;}\">\n\t\t\t\t\t<div class=\"e-con-inner\">\n\t\t<div class=\"elementor-element elementor-element-ad485ce e-con-full e-flex e-con e-child\" data-id=\"ad485ce\" data-element_type=\"container\" data-e-type=\"container\">\n\t\t<div class=\"elementor-element elementor-element-67f4a4e e-con-full e-flex e-con e-child\" data-id=\"67f4a4e\" data-element_type=\"container\" data-e-type=\"container\" data-settings=\"{&quot;background_background&quot;:&quot;classic&quot;}\">\n\t\t\t\t<div class=\"elementor-element elementor-element-c2d97c1 elementor-widget elementor-widget-heading\" data-id=\"c2d97c1\" data-element_type=\"widget\" data-e-type=\"widget\" data-widget_type=\"heading.default\">\n\t\t\t\t\t<h2 class=\"elementor-heading-title elementor-size-default\">Bashkohu me ekipin Abiesse\u2028<\/h2>\t\t\t\t<\/div>\n\t\t\t\t<div class=\"elementor-element elementor-element-41eeb9c color-scheme-inherit text-left elementor-widget elementor-widget-text-editor\" data-id=\"41eeb9c\" data-element_type=\"widget\" data-e-type=\"widget\" data-widget_type=\"text-editor.default\">\n\t\t\t\t\t\t\t\t\t<p>Ne jemi n\u00eb k\u00ebrkim t\u00eb njer\u00ebzve t\u00eb motivuar, q\u00eb besojn\u00eb te vlerat e ndershm\u00ebris\u00eb, respektit dhe p\u00ebrkat\u00ebsis\u00eb.<br \/>N\u00ebse d\u00ebshiron t\u00eb b\u00ebhesh pjes\u00eb e nj\u00eb ekipi ku rritja \u00ebsht\u00eb e p\u00ebrbashk\u00ebt, at\u00ebher\u00eb je n\u00eb vendin e duhur.<\/p>\t\t\t\t\t\t\t\t<\/div>\n\t\t\t\t<\/div>\n\t\t\t\t<\/div>\n\t\t\t\t\t<\/div>\n\t\t\t\t<\/div>\n\t\t<div class=\"wd-negative-gap elementor-element elementor-element-dd0f7ec e-flex e-con-boxed e-con e-parent\" data-id=\"dd0f7ec\" data-element_type=\"container\" data-e-type=\"container\">\n\t\t\t\t\t<div class=\"e-con-inner\">\n\t\t\t\t<div class=\"elementor-element elementor-element-2b34a0e elementor-widget elementor-widget-heading\" data-id=\"2b34a0e\" data-element_type=\"widget\" data-e-type=\"widget\" data-widget_type=\"heading.default\">\n\t\t\t\t\t<h2 class=\"elementor-heading-title elementor-size-default\">Bashkohu me ne!<\/h2>\t\t\t\t<\/div>\n\t\t\t\t<div class=\"elementor-element elementor-element-33567d8 elementor-widget__width-initial color-scheme-inherit text-left elementor-widget elementor-widget-text-editor\" data-id=\"33567d8\" data-element_type=\"widget\" data-e-type=\"widget\" data-widget_type=\"text-editor.default\">\n\t\t\t\t\t\t\t\t\t<p>ABIESSE \u00ebsht\u00eb nj\u00eb kompani me rr\u00ebnj\u00eb t\u00eb forta dhe nj\u00eb histori rritjeje t\u00eb vazhdueshme n\u00eb tregun shqiptar t\u00eb materialeve elektrike dhe ndri\u00e7imit. Q\u00eb prej fillimit, kemi besuar se suksesi nd\u00ebrtohet mbi njer\u00ebz t\u00eb mir\u00eb, ide t\u00eb guximshme dhe transparenc\u00eb n\u00eb \u00e7do marr\u00ebdh\u00ebnie \u2013 qoft\u00eb me klient\u00ebt, furnitor\u00ebt apo me nj\u00ebri-tjetrin.<\/p><p>Tek ABIESSE, njer\u00ebzit jan\u00eb gjithmon\u00eb n\u00eb qend\u00ebr. Inkurajojm\u00eb zhvillimin personal dhe profesional, duke ofruar trajnime, mb\u00ebshtetje dhe nj\u00eb kultur\u00eb ku bashk\u00ebpunimi \u00ebsht\u00eb \u00e7el\u00ebsi. Ne nuk k\u00ebrkojm\u00eb thjesht punonj\u00ebs \u2013 k\u00ebrkojm\u00eb njer\u00ebz q\u00eb duan t\u00eb rriten s\u00eb bashku me ne.<\/p>\t\t\t\t\t\t\t\t<\/div>\n\t\t\t\t\t<\/div>\n\t\t\t\t<\/div>\n\t\t<div class=\"wd-negative-gap elementor-element elementor-element-0e7c3dd e-flex e-con-boxed e-con e-parent\" data-id=\"0e7c3dd\" data-element_type=\"container\" data-e-type=\"container\">\n\t\t\t\t\t<div class=\"e-con-inner\">\n\t\t\t\t<div class=\"elementor-element elementor-element-a5d2a7e elementor-widget elementor-widget-heading\" data-id=\"a5d2a7e\" data-element_type=\"widget\" data-e-type=\"widget\" data-widget_type=\"heading.default\">\n\t\t\t\t\t<h2 class=\"elementor-heading-title elementor-size-default\">Vlerat q\u00eb na p\u00ebrfaq\u00ebsojn\u00eb<\/h2>\t\t\t\t<\/div>\n\t\t<div class=\"elementor-element elementor-element-3ef9c24 e-con-full e-flex e-con e-child\" data-id=\"3ef9c24\" data-element_type=\"container\" data-e-type=\"container\">\n\t\t<div class=\"elementor-element elementor-element-61b20b6 e-con-full e-flex e-con e-child\" data-id=\"61b20b6\" data-element_type=\"container\" data-e-type=\"container\">\n\t\t\t\t<div class=\"elementor-element elementor-element-e24c54e elementor-view-default elementor-position-block-start elementor-mobile-position-block-start elementor-widget elementor-widget-icon-box\" data-id=\"e24c54e\" data-element_type=\"widget\" data-e-type=\"widget\" data-widget_type=\"icon-box.default\">\n\t\t\t\t\t\t\t<div class=\"elementor-icon-box-wrapper\">\n\n\t\t\t\t\t\t<div class=\"elementor-icon-box-icon\">\n\t\t\t\t<span  class=\"elementor-icon\">\n\t\t\t\t<svg aria-hidden=\"true\" class=\"e-font-icon-svg e-fas-check\" viewBox=\"0 0 512 512\" xmlns=\"http:\/\/www.w3.org\/2000\/svg\"><path d=\"M173.898 439.404l-166.4-166.4c-9.997-9.997-9.997-26.206 0-36.204l36.203-36.204c9.997-9.998 26.207-9.998 36.204 0L192 312.69 432.095 72.596c9.997-9.997 26.207-9.997 36.204 0l36.203 36.204c9.997 9.997 9.997 26.206 0 36.204l-294.4 294.401c-9.998 9.997-26.207 9.997-36.204-.001z\"><\/path><\/svg>\t\t\t\t<\/span>\n\t\t\t<\/div>\n\t\t\t\n\t\t\t\t\t\t<div class=\"elementor-icon-box-content\">\n\n\t\t\t\t\t\t\t\t\t<h3 class=\"elementor-icon-box-title\">\n\t\t\t\t\t\t<span  >\n\t\t\t\t\t\t\tIntegritet dhe p\u00ebrgjegj\u00ebsi n\u00eb \u00e7do hap\t\t\t\t\t\t<\/span>\n\t\t\t\t\t<\/h3>\n\t\t\t\t\n\t\t\t\t\n\t\t\t<\/div>\n\t\t\t\n\t\t<\/div>\n\t\t\t\t\t\t<\/div>\n\t\t\t\t<\/div>\n\t\t<div class=\"elementor-element elementor-element-d4f3954 e-con-full e-flex e-con e-child\" data-id=\"d4f3954\" data-element_type=\"container\" data-e-type=\"container\">\n\t\t\t\t<div class=\"elementor-element elementor-element-7466520 elementor-view-default elementor-position-block-start elementor-mobile-position-block-start elementor-widget elementor-widget-icon-box\" data-id=\"7466520\" data-element_type=\"widget\" data-e-type=\"widget\" data-widget_type=\"icon-box.default\">\n\t\t\t\t\t\t\t<div class=\"elementor-icon-box-wrapper\">\n\n\t\t\t\t\t\t<div class=\"elementor-icon-box-icon\">\n\t\t\t\t<span  class=\"elementor-icon\">\n\t\t\t\t<svg aria-hidden=\"true\" class=\"e-font-icon-svg e-fas-star\" viewBox=\"0 0 576 512\" xmlns=\"http:\/\/www.w3.org\/2000\/svg\"><path d=\"M259.3 17.8L194 150.2 47.9 171.5c-26.2 3.8-36.7 36.1-17.7 54.6l105.7 103-25 145.5c-4.5 26.3 23.2 46 46.4 33.7L288 439.6l130.7 68.7c23.2 12.2 50.9-7.4 46.4-33.7l-25-145.5 105.7-103c19-18.5 8.5-50.8-17.7-54.6L382 150.2 316.7 17.8c-11.7-23.6-45.6-23.9-57.4 0z\"><\/path><\/svg>\t\t\t\t<\/span>\n\t\t\t<\/div>\n\t\t\t\n\t\t\t\t\t\t<div class=\"elementor-icon-box-content\">\n\n\t\t\t\t\t\t\t\t\t<h3 class=\"elementor-icon-box-title\">\n\t\t\t\t\t\t<span  >\n\t\t\t\t\t\t\tP\u00ebrpjekje p\u00ebr ekselenc\u00eb\t\t\t\t\t\t<\/span>\n\t\t\t\t\t<\/h3>\n\t\t\t\t\n\t\t\t\t\n\t\t\t<\/div>\n\t\t\t\n\t\t<\/div>\n\t\t\t\t\t\t<\/div>\n\t\t\t\t<\/div>\n\t\t<div class=\"elementor-element elementor-element-8520168 e-con-full e-flex e-con e-child\" data-id=\"8520168\" data-element_type=\"container\" data-e-type=\"container\">\n\t\t\t\t<div class=\"elementor-element elementor-element-959f777 elementor-view-default elementor-position-block-start elementor-mobile-position-block-start elementor-widget elementor-widget-icon-box\" data-id=\"959f777\" data-element_type=\"widget\" data-e-type=\"widget\" data-widget_type=\"icon-box.default\">\n\t\t\t\t\t\t\t<div class=\"elementor-icon-box-wrapper\">\n\n\t\t\t\t\t\t<div class=\"elementor-icon-box-icon\">\n\t\t\t\t<span  class=\"elementor-icon\">\n\t\t\t\t<svg aria-hidden=\"true\" class=\"e-font-icon-svg e-fas-handshake\" viewBox=\"0 0 640 512\" xmlns=\"http:\/\/www.w3.org\/2000\/svg\"><path d=\"M434.7 64h-85.9c-8 0-15.7 3-21.6 8.4l-98.3 90c-.1.1-.2.3-.3.4-16.6 15.6-16.3 40.5-2.1 56 12.7 13.9 39.4 17.6 56.1 2.7.1-.1.3-.1.4-.2l79.9-73.2c6.5-5.9 16.7-5.5 22.6 1 6 6.5 5.5 16.6-1 22.6l-26.1 23.9L504 313.8c2.9 2.4 5.5 5 7.9 7.7V128l-54.6-54.6c-5.9-6-14.1-9.4-22.6-9.4zM544 128.2v223.9c0 17.7 14.3 32 32 32h64V128.2h-96zm48 223.9c-8.8 0-16-7.2-16-16s7.2-16 16-16 16 7.2 16 16-7.2 16-16 16zM0 384h64c17.7 0 32-14.3 32-32V128.2H0V384zm48-63.9c8.8 0 16 7.2 16 16s-7.2 16-16 16-16-7.2-16-16c0-8.9 7.2-16 16-16zm435.9 18.6L334.6 217.5l-30 27.5c-29.7 27.1-75.2 24.5-101.7-4.4-26.9-29.4-24.8-74.9 4.4-101.7L289.1 64h-83.8c-8.5 0-16.6 3.4-22.6 9.4L128 128v223.9h18.3l90.5 81.9c27.4 22.3 67.7 18.1 90-9.3l.2-.2 17.9 15.5c15.9 13 39.4 10.5 52.3-5.4l31.4-38.6 5.4 4.4c13.7 11.1 33.9 9.1 45-4.7l9.5-11.7c11.2-13.8 9.1-33.9-4.6-45.1z\"><\/path><\/svg>\t\t\t\t<\/span>\n\t\t\t<\/div>\n\t\t\t\n\t\t\t\t\t\t<div class=\"elementor-icon-box-content\">\n\n\t\t\t\t\t\t\t\t\t<h3 class=\"elementor-icon-box-title\">\n\t\t\t\t\t\t<span  >\n\t\t\t\t\t\t\tRespekt dhe bashk\u00ebpunim i nd\u00ebrsjell\u00eb\t\t\t\t\t\t<\/span>\n\t\t\t\t\t<\/h3>\n\t\t\t\t\n\t\t\t\t\n\t\t\t<\/div>\n\t\t\t\n\t\t<\/div>\n\t\t\t\t\t\t<\/div>\n\t\t\t\t<\/div>\n\t\t<div class=\"elementor-element elementor-element-4fc76d1 e-con-full e-flex e-con e-child\" data-id=\"4fc76d1\" data-element_type=\"container\" data-e-type=\"container\">\n\t\t\t\t<div class=\"elementor-element elementor-element-d0afd86 elementor-view-default elementor-position-block-start elementor-mobile-position-block-start elementor-widget elementor-widget-icon-box\" data-id=\"d0afd86\" data-element_type=\"widget\" data-e-type=\"widget\" data-widget_type=\"icon-box.default\">\n\t\t\t\t\t\t\t<div class=\"elementor-icon-box-wrapper\">\n\n\t\t\t\t\t\t<div class=\"elementor-icon-box-icon\">\n\t\t\t\t<span  class=\"elementor-icon\">\n\t\t\t\t<svg aria-hidden=\"true\" class=\"e-font-icon-svg e-far-lightbulb\" viewBox=\"0 0 352 512\" xmlns=\"http:\/\/www.w3.org\/2000\/svg\"><path d=\"M176 80c-52.94 0-96 43.06-96 96 0 8.84 7.16 16 16 16s16-7.16 16-16c0-35.3 28.72-64 64-64 8.84 0 16-7.16 16-16s-7.16-16-16-16zM96.06 459.17c0 3.15.93 6.22 2.68 8.84l24.51 36.84c2.97 4.46 7.97 7.14 13.32 7.14h78.85c5.36 0 10.36-2.68 13.32-7.14l24.51-36.84c1.74-2.62 2.67-5.7 2.68-8.84l.05-43.18H96.02l.04 43.18zM176 0C73.72 0 0 82.97 0 176c0 44.37 16.45 84.85 43.56 115.78 16.64 18.99 42.74 58.8 52.42 92.16v.06h48v-.12c-.01-4.77-.72-9.51-2.15-14.07-5.59-17.81-22.82-64.77-62.17-109.67-20.54-23.43-31.52-53.15-31.61-84.14-.2-73.64 59.67-128 127.95-128 70.58 0 128 57.42 128 128 0 30.97-11.24 60.85-31.65 84.14-39.11 44.61-56.42 91.47-62.1 109.46a47.507 47.507 0 0 0-2.22 14.3v.1h48v-.05c9.68-33.37 35.78-73.18 52.42-92.16C335.55 260.85 352 220.37 352 176 352 78.8 273.2 0 176 0z\"><\/path><\/svg>\t\t\t\t<\/span>\n\t\t\t<\/div>\n\t\t\t\n\t\t\t\t\t\t<div class=\"elementor-icon-box-content\">\n\n\t\t\t\t\t\t\t\t\t<h3 class=\"elementor-icon-box-title\">\n\t\t\t\t\t\t<span  >\n\t\t\t\t\t\t\tInovacion dhe p\u00ebrmir\u00ebsim i vazhduesh\u00ebm\t\t\t\t\t\t<\/span>\n\t\t\t\t\t<\/h3>\n\t\t\t\t\n\t\t\t\t\n\t\t\t<\/div>\n\t\t\t\n\t\t<\/div>\n\t\t\t\t\t\t<\/div>\n\t\t\t\t<\/div>\n\t\t\t\t<\/div>\n\t\t\t\t\t<\/div>\n\t\t\t\t<\/div>\n\t\t<div class=\"wd-negative-gap elementor-element elementor-element-76f80e7 e-flex e-con-boxed e-con e-parent\" data-id=\"76f80e7\" data-element_type=\"container\" data-e-type=\"container\">\n\t\t\t\t\t<div class=\"e-con-inner\">\n\t\t<div class=\"elementor-element elementor-element-5b92d3d e-con-full e-flex e-con e-child\" data-id=\"5b92d3d\" data-element_type=\"container\" data-e-type=\"container\">\n\t\t\t\t<div class=\"elementor-element elementor-element-cdb7d23 elementor-widget elementor-widget-heading\" data-id=\"cdb7d23\" data-element_type=\"widget\" data-e-type=\"widget\" data-widget_type=\"heading.default\">\n\t\t\t\t\t<h2 class=\"elementor-heading-title elementor-size-default\">Apliko dhe b\u00ebhu pjes\u00eb e Abiesse!<\/h2>\t\t\t\t<\/div>\n\t\t\t\t<div class=\"elementor-element elementor-element-aab36bd elementor-widget-tablet__width-initial color-scheme-inherit text-left elementor-widget elementor-widget-text-editor\" data-id=\"aab36bd\" data-element_type=\"widget\" data-e-type=\"widget\" data-widget_type=\"text-editor.default\">\n\t\t\t\t\t\t\t\t\t<p>P\u00ebr t\u00eb aplikuar, plot\u00ebso formularin e m\u00ebposht\u00ebm dhe bashk\u00ebngjit CV-n\u00eb t\u00ebnde. N\u00ebse nuk gjen pozicionin q\u00eb k\u00ebrkon, mos nguro t\u00eb na d\u00ebrgosh nj\u00eb aplikim, ne gjithmon\u00eb jemi n\u00eb k\u00ebrkim t\u00eb njer\u00ebzve t\u00eb talentuar.<\/p>\t\t\t\t\t\t\t\t<\/div>\n\t\t\t\t<\/div>\n\t\t<div class=\"elementor-element elementor-element-10f3fc7 e-con-full e-flex e-con e-child\" data-id=\"10f3fc7\" data-element_type=\"container\" data-e-type=\"container\">\n\t\t\t\t<div class=\"elementor-element elementor-element-3925378 wd-cf7 elementor-widget elementor-widget-wd_contact_form_7\" data-id=\"3925378\" data-element_type=\"widget\" data-e-type=\"widget\" data-widget_type=\"wd_contact_form_7.default\">\n\t\t\t\t<div class=\"elementor-widget-container\">\n\t\t\t\t\t\n<div class=\"wpcf7 no-js\" id=\"wpcf7-f57921-o1\" lang=\"en-US\" dir=\"ltr\" data-wpcf7-id=\"57921\">\n<div class=\"screen-reader-response\"><p role=\"status\" aria-live=\"polite\" aria-atomic=\"true\"><\/p> <ul><\/ul><\/div>\n<form action=\"\/abiesse\/wp-json\/wp\/v2\/pages\/11165#wpcf7-f57921-o1\" method=\"post\" class=\"wpcf7-form init\" aria-label=\"Contact form\" enctype=\"multipart\/form-data\" novalidate=\"novalidate\" data-status=\"init\">\n<fieldset class=\"hidden-fields-container\"><input type=\"hidden\" name=\"_wpcf7\" value=\"57921\" \/><input type=\"hidden\" name=\"_wpcf7_version\" value=\"6.1.5\" \/><input type=\"hidden\" name=\"_wpcf7_locale\" value=\"en_US\" \/><input type=\"hidden\" name=\"_wpcf7_unit_tag\" value=\"wpcf7-f57921-o1\" \/><input type=\"hidden\" name=\"_wpcf7_container_post\" value=\"0\" \/><input type=\"hidden\" name=\"_wpcf7_posted_data_hash\" value=\"\" \/>\n<\/fieldset>\n<div class=\"wd-grid-g\">\n\t<div class=\"wd-grid-f-stretch\">\n\t\t<p class=\"wd-col\"><span class=\"wpcf7-form-control-wrap\" data-name=\"First\"><input size=\"40\" maxlength=\"400\" class=\"wpcf7-form-control wpcf7-text wpcf7-validates-as-required\" aria-required=\"true\" aria-invalid=\"false\" placeholder=\"Em\u00ebr\" value=\"\" type=\"text\" name=\"First\" \/><\/span>\n\t\t<\/p>\n\t\t<p class=\"wd-col\"><span class=\"wpcf7-form-control-wrap\" data-name=\"Last\"><input size=\"40\" maxlength=\"400\" class=\"wpcf7-form-control wpcf7-text wpcf7-validates-as-required\" aria-required=\"true\" aria-invalid=\"false\" placeholder=\"Mbiem\u00ebr\" value=\"\" type=\"text\" name=\"Last\" \/><\/span>\n\t\t<\/p>\n\t<\/div>\n\t<div class=\"wd-grid-f-stretch\">\n\t\t<p class=\"wd-col\"><span class=\"wpcf7-form-control-wrap\" data-name=\"city\"><input size=\"40\" maxlength=\"400\" class=\"wpcf7-form-control wpcf7-text wpcf7-validates-as-required\" aria-required=\"true\" aria-invalid=\"false\" placeholder=\"Qyteti\" value=\"\" type=\"text\" name=\"city\" \/><\/span>\n\t\t<\/p>\n\t\t<p class=\"wd-col\"><span class=\"wpcf7-form-control-wrap\" data-name=\"phone\"><input size=\"40\" maxlength=\"400\" class=\"wpcf7-form-control wpcf7-tel wpcf7-validates-as-required wpcf7-text wpcf7-validates-as-tel\" aria-required=\"true\" aria-invalid=\"false\" placeholder=\"Numri i telefonit\" value=\"\" type=\"tel\" name=\"phone\" \/><\/span>\n\t\t<\/p>\n\t<\/div>\n\t<div class=\"wd-grid-f-stretch\">\n\t\t<p class=\"wd-col\"><span class=\"wpcf7-form-control-wrap\" data-name=\"Last\"><input size=\"40\" maxlength=\"400\" class=\"wpcf7-form-control wpcf7-text wpcf7-validates-as-required\" aria-required=\"true\" aria-invalid=\"false\" placeholder=\"Email\" value=\"\" type=\"text\" name=\"Last\" \/><\/span>\n\t\t<\/p>\n\t\t<p class=\"wd-col\"><span class=\"wpcf7-form-control-wrap\" data-name=\"position\"><input size=\"40\" maxlength=\"400\" class=\"wpcf7-form-control wpcf7-text wpcf7-validates-as-required\" aria-required=\"true\" aria-invalid=\"false\" placeholder=\"Pozicioni i d\u00ebshiruar\" value=\"\" type=\"text\" name=\"position\" \/><\/span>\n\t\t<\/p>\n\t<\/div>\n\t<p class=\"wd-col\"><label>Ngarko CV (PDF, DOC, DOCX)<\/label><span class=\"wpcf7-form-control-wrap\" data-name=\"cv\"><input size=\"40\" class=\"wpcf7-form-control wpcf7-file wpcf7-validates-as-required\" accept=\".pdf,.doc,.docx\" aria-required=\"true\" aria-invalid=\"false\" type=\"file\" name=\"cv\" \/><\/span>\n\t<\/p>\n\t<p class=\"wd-col\"><span class=\"wpcf7-form-control-wrap\" data-name=\"your-message\"><textarea cols=\"40\" rows=\"10\" maxlength=\"2000\" class=\"wpcf7-form-control wpcf7-textarea\" aria-invalid=\"false\" placeholder=\"Mesazh\" name=\"your-message\"><\/textarea><\/span>\n\t<\/p>\n\t<p class=\"wd-col\"><span class=\"wpcf7-form-control-wrap\" data-name=\"privacy\"><span class=\"wpcf7-form-control wpcf7-acceptance\"><span class=\"wpcf7-list-item\"><input type=\"checkbox\" name=\"privacy\" value=\"1\" aria-invalid=\"false\" \/><\/span><\/span><\/span> Pranoj <a href=\"\/politika-e-privatesise\" target=\"_blank\">politik\u00ebn e privat\u00ebsis\u00eb<\/a>\n\t<\/p>\n\t<p class=\"wd-col\"><input class=\"wpcf7-form-control wpcf7-submit has-spinner btn btn-color-primary\" type=\"submit\" value=\"D\u00ebrgo aplikimin t\u00ebnd\" \/>\n\t<\/p>\n\t<p>\u00c7do aplikim \u00ebsht\u00eb nj\u00eb mund\u00ebsi p\u00ebr t\u00eb njohur talente t\u00eb reja. Ne mezi presim t\u00eb t\u00eb njohim!\n\t<\/p>\n<\/div><div class=\"wpcf7-response-output\" aria-hidden=\"true\"><\/div>\n<\/form>\n<\/div>\n\t\t\t\t<\/div>\n\t\t\t\t<\/div>\n\t\t\t\t<\/div>\n\t\t\t\t\t<\/div>\n\t\t\t\t<\/div>\n\t\t\t\t<\/div>\n\t\t","protected":false},"excerpt":{"rendered":"<p>Bashkohu me ekipin Abiesse\u2028 Ne jemi n\u00eb k\u00ebrkim t\u00eb njer\u00ebzve t\u00eb motivuar, q\u00eb besojn\u00eb te vlerat e ndershm\u00ebris\u00eb, respektit dhe<\/p>\n","protected":false},"author":1,"featured_media":0,"parent":0,"menu_order":0,"comment_status":"closed","ping_status":"closed","template":"elementor_header_footer","meta":{"_acf_changed":false,"footnotes":""},"class_list":["post-11165","page","type-page","status-publish","hentry"],"acf":[],"_links":{"self":[{"href":"https:\/\/tokdev.al\/abiesse\/wp-json\/wp\/v2\/pages\/11165","targetHints":{"allow":["GET"]}}],"collection":[{"href":"https:\/\/tokdev.al\/abiesse\/wp-json\/wp\/v2\/pages"}],"about":[{"href":"https:\/\/tokdev.al\/abiesse\/wp-json\/wp\/v2\/types\/page"}],"author":[{"embeddable":true,"href":"https:\/\/tokdev.al\/abiesse\/wp-json\/wp\/v2\/users\/1"}],"replies":[{"embeddable":true,"href":"https:\/\/tokdev.al\/abiesse\/wp-json\/wp\/v2\/comments?post=11165"}],"version-history":[{"count":100,"href":"https:\/\/tokdev.al\/abiesse\/wp-json\/wp\/v2\/pages\/11165\/revisions"}],"predecessor-version":[{"id":58249,"href":"https:\/\/tokdev.al\/abiesse\/wp-json\/wp\/v2\/pages\/11165\/revisions\/58249"}],"wp:attachment":[{"href":"https:\/\/tokdev.al\/abiesse\/wp-json\/wp\/v2\/media?parent=11165"}],"curies":[{"name":"wp","href":"https:\/\/api.w.org\/{rel}","templated":true}]}}