{"id":11337,"date":"2025-10-15T08:49:40","date_gmt":"2025-10-15T08:49:40","guid":{"rendered":"https:\/\/tokdev.al\/abiesse\/?page_id=11337"},"modified":"2026-04-21T09:01:16","modified_gmt":"2026-04-21T09:01:16","slug":"panele-elektrike","status":"publish","type":"page","link":"https:\/\/tokdev.al\/abiesse\/panele-elektrike\/","title":{"rendered":"Panele Elektrike"},"content":{"rendered":"\t\t<div data-elementor-type=\"wp-page\" data-elementor-id=\"11337\" class=\"elementor elementor-11337\" data-elementor-post-type=\"page\">\n\t\t\t\t<div class=\"wd-negative-gap elementor-element elementor-element-f66344f e-flex e-con-boxed e-con e-parent\" data-id=\"f66344f\" data-element_type=\"container\" data-e-type=\"container\" data-settings=\"{&quot;background_background&quot;:&quot;classic&quot;}\">\n\t\t\t\t\t<div class=\"e-con-inner\">\n\t\t\t\t\t<\/div>\n\t\t\t\t<\/div>\n\t\t<div class=\"wd-negative-gap elementor-element elementor-element-1bb7957 e-flex e-con-boxed e-con e-parent\" data-id=\"1bb7957\" data-element_type=\"container\" data-e-type=\"container\">\n\t\t\t\t\t<div class=\"e-con-inner\">\n\t\t<div class=\"elementor-element elementor-element-93ab6d4 e-con-full e-flex e-con e-child\" data-id=\"93ab6d4\" data-element_type=\"container\" data-e-type=\"container\">\n\t\t\t\t<div class=\"elementor-element elementor-element-af6ff64 elementor-widget elementor-widget-heading\" data-id=\"af6ff64\" data-element_type=\"widget\" data-e-type=\"widget\" data-widget_type=\"heading.default\">\n\t\t\t\t\t<h2 class=\"elementor-heading-title elementor-size-default\">Panele Elektrike<\/h2>\t\t\t\t<\/div>\n\t\t\t\t<\/div>\n\t\t<div class=\"elementor-element elementor-element-1f119a4 e-con-full e-flex e-con e-child\" data-id=\"1f119a4\" data-element_type=\"container\" data-e-type=\"container\">\n\t\t\t\t<div class=\"elementor-element elementor-element-94471e4 color-scheme-inherit text-left elementor-widget elementor-widget-text-editor\" data-id=\"94471e4\" data-element_type=\"widget\" data-e-type=\"widget\" data-widget_type=\"text-editor.default\">\n\t\t\t\t\t\t\t\t\t<p>Ofrimi i zgjidhjeve t\u00eb avancuara p\u00ebr dizajnin dhe nd\u00ebrtimin e paneleve elektrike \u00ebsht\u00eb pjes\u00eb ky\u00e7e e sh\u00ebrbimeve tona. Ne konceptojme dhe ndertojme panele t\u00eb pershtatur sipas kerkeses dhe nevojes tuaj duke ofruar dhe garantuar kontroll, siguri dhe efikasitet maksimal n\u00eb \u00e7do aplikim elektrik duke ruajtur standartet e kerkuara.<\/p>\t\t\t\t\t\t\t\t<\/div>\n\t\t<div class=\"elementor-element elementor-element-211bb75 e-con-full e-flex e-con e-child\" data-id=\"211bb75\" data-element_type=\"container\" data-e-type=\"container\" data-settings=\"{&quot;background_background&quot;:&quot;classic&quot;}\">\n\t\t\t\t<div class=\"elementor-element elementor-element-11e6374 elementor-widget elementor-widget-heading\" data-id=\"11e6374\" data-element_type=\"widget\" data-e-type=\"widget\" data-widget_type=\"heading.default\">\n\t\t\t\t\t<h2 class=\"elementor-heading-title elementor-size-default\">Sh\u00ebrbimet tona p\u00ebrfshijn\u00eb:<\/h2>\t\t\t\t<\/div>\n\t\t\t\t<div class=\"elementor-element elementor-element-8fd4357 color-scheme-inherit text-left elementor-widget elementor-widget-text-editor\" data-id=\"8fd4357\" data-element_type=\"widget\" data-e-type=\"widget\" data-widget_type=\"text-editor.default\">\n\t\t\t\t\t\t\t\t\t<ul><li aria-level=\"1\"><b>Dizajn, nd\u00ebrtim dhe instalim profesional<\/b>\u00a0t\u00eb paneleve elektrike, sipas standardeve nd\u00ebrkomb\u00ebtare t\u00eb siguris\u00eb dhe cil\u00ebsis\u00eb.<\/li><li aria-level=\"1\"><b>Panele komandimi<\/b>, p\u00ebr menaxhimin dhe kontrollin e proceseve t\u00eb ndryshme.<\/li><li aria-level=\"1\"><b>Panele shp\u00ebrndarjeje<\/b>, p\u00ebr shp\u00ebrndarje t\u00eb sigurt dhe sipas standarteve , t\u00eb energjis\u00eb elektrike.<\/li><\/ul><p><b>Panele automatizimi<\/b>, t\u00eb integruara me pajisje dhe sisteme t\u00eb ndryshme industriale apo rezidenciale.<\/p>\t\t\t\t\t\t\t\t<\/div>\n\t\t\t\t<\/div>\n\t\t<div class=\"elementor-element elementor-element-04d3213 e-con-full e-flex e-con e-child\" data-id=\"04d3213\" data-element_type=\"container\" data-e-type=\"container\" data-settings=\"{&quot;background_background&quot;:&quot;classic&quot;}\">\n\t\t\t\t<div class=\"elementor-element elementor-element-cdf7468 elementor-widget elementor-widget-heading\" data-id=\"cdf7468\" data-element_type=\"widget\" data-e-type=\"widget\" data-widget_type=\"heading.default\">\n\t\t\t\t\t<h2 class=\"elementor-heading-title elementor-size-default\">Zgjidhje t\u00eb personalizuara<\/h2>\t\t\t\t<\/div>\n\t\t\t\t<div class=\"elementor-element elementor-element-b8ed16e color-scheme-inherit text-left elementor-widget elementor-widget-text-editor\" data-id=\"b8ed16e\" data-element_type=\"widget\" data-e-type=\"widget\" data-widget_type=\"text-editor.default\">\n\t\t\t\t\t\t\t\t\t<p>\u00c7do panel nd\u00ebrtohet sipas\u00a0<b>k\u00ebrkesave specifike t\u00eb klientit<\/b>, duke u p\u00ebrshtatur me nevojat teknike, hap\u00ebsinore dhe funksionale t\u00eb projektit.<\/p><h5><strong>Integrim me sisteme t\u00eb automatizimit<\/strong><\/h5><p>Panelet tona mund t\u00eb integrohen plot\u00ebsisht me sisteme t\u00eb avancuara t\u00eb automatizimit si:<\/p><ul><li aria-level=\"1\"><b>KNX<\/b><\/li><li aria-level=\"1\"><b>BUS System<\/b><\/li><li aria-level=\"1\"><b>BMS (Building Management System)<\/b><\/li><\/ul><p>Ne ofrojm\u00eb nj\u00eb zgjidhje t\u00eb plot\u00eb \u2013 nga koncepti fillestar deri te zbatimi n\u00eb terren \u2013 p\u00ebr t\u00eb garantuar performanc\u00eb t\u00eb q\u00ebndrueshme dhe menaxhim intelegjent t\u00eb energjis\u00eb<\/p>\t\t\t\t\t\t\t\t<\/div>\n\t\t\t\t<\/div>\n\t\t\t\t<\/div>\n\t\t\t\t\t<\/div>\n\t\t\t\t<\/div>\n\t\t\t\t<\/div>\n\t\t","protected":false},"excerpt":{"rendered":"<p>Panele Elektrike Ofrimi i zgjidhjeve t\u00eb avancuara p\u00ebr dizajnin dhe nd\u00ebrtimin e paneleve elektrike \u00ebsht\u00eb pjes\u00eb ky\u00e7e e sh\u00ebrbimeve tona.<\/p>\n","protected":false},"author":1,"featured_media":0,"parent":0,"menu_order":0,"comment_status":"closed","ping_status":"closed","template":"elementor_header_footer","meta":{"_acf_changed":false,"footnotes":""},"class_list":["post-11337","page","type-page","status-publish","hentry"],"acf":[],"_links":{"self":[{"href":"https:\/\/tokdev.al\/abiesse\/wp-json\/wp\/v2\/pages\/11337","targetHints":{"allow":["GET"]}}],"collection":[{"href":"https:\/\/tokdev.al\/abiesse\/wp-json\/wp\/v2\/pages"}],"about":[{"href":"https:\/\/tokdev.al\/abiesse\/wp-json\/wp\/v2\/types\/page"}],"author":[{"embeddable":true,"href":"https:\/\/tokdev.al\/abiesse\/wp-json\/wp\/v2\/users\/1"}],"replies":[{"embeddable":true,"href":"https:\/\/tokdev.al\/abiesse\/wp-json\/wp\/v2\/comments?post=11337"}],"version-history":[{"count":16,"href":"https:\/\/tokdev.al\/abiesse\/wp-json\/wp\/v2\/pages\/11337\/revisions"}],"predecessor-version":[{"id":58848,"href":"https:\/\/tokdev.al\/abiesse\/wp-json\/wp\/v2\/pages\/11337\/revisions\/58848"}],"wp:attachment":[{"href":"https:\/\/tokdev.al\/abiesse\/wp-json\/wp\/v2\/media?parent=11337"}],"curies":[{"name":"wp","href":"https:\/\/api.w.org\/{rel}","templated":true}]}}