{"id":11346,"date":"2025-10-15T09:43:44","date_gmt":"2025-10-15T09:43:44","guid":{"rendered":"https:\/\/tokdev.al\/abiesse\/?page_id=11346"},"modified":"2026-01-07T16:22:06","modified_gmt":"2026-01-07T16:22:06","slug":"energjia-rezerva","status":"publish","type":"page","link":"https:\/\/tokdev.al\/abiesse\/energjia-rezerva\/","title":{"rendered":"Energjia &amp; Rezerva"},"content":{"rendered":"\t\t<div data-elementor-type=\"wp-page\" data-elementor-id=\"11346\" class=\"elementor elementor-11346\" data-elementor-post-type=\"page\">\n\t\t\t\t<div class=\"wd-negative-gap elementor-element elementor-element-b42a23a e-flex e-con-boxed e-con e-parent\" data-id=\"b42a23a\" data-element_type=\"container\" data-e-type=\"container\" data-settings=\"{&quot;background_background&quot;:&quot;classic&quot;}\">\n\t\t\t\t\t<div class=\"e-con-inner\">\n\t\t\t\t\t<\/div>\n\t\t\t\t<\/div>\n\t\t<div class=\"wd-negative-gap elementor-element elementor-element-5920ef1 e-flex e-con-boxed e-con e-parent\" data-id=\"5920ef1\" data-element_type=\"container\" data-e-type=\"container\">\n\t\t\t\t\t<div class=\"e-con-inner\">\n\t\t<div class=\"elementor-element elementor-element-57320f4 e-con-full e-flex e-con e-child\" data-id=\"57320f4\" data-element_type=\"container\" data-e-type=\"container\">\n\t\t\t\t<div class=\"elementor-element elementor-element-5b559ca elementor-widget elementor-widget-heading\" data-id=\"5b559ca\" data-element_type=\"widget\" data-e-type=\"widget\" data-widget_type=\"heading.default\">\n\t\t\t\t\t<h2 class=\"elementor-heading-title elementor-size-default\">Sistemet e Prodhimit t\u00eb Energjis\u00eb &amp; BACK-UP<\/h2>\t\t\t\t<\/div>\n\t\t\t\t<\/div>\n\t\t<div class=\"elementor-element elementor-element-bef7ff6 e-con-full e-flex e-con e-child\" data-id=\"bef7ff6\" data-element_type=\"container\" data-e-type=\"container\">\n\t\t\t\t<div class=\"elementor-element elementor-element-09a7b3d color-scheme-inherit text-left elementor-widget elementor-widget-text-editor\" data-id=\"09a7b3d\" data-element_type=\"widget\" data-e-type=\"widget\" data-widget_type=\"text-editor.default\">\n\t\t\t\t\t\t\t\t\t<p>Ne ofrojm\u00eb zgjidhje t\u00eb plota p\u00ebr prodhimin, menaxhimin dhe rezervimin e energjis\u00eb, duke kombinuar\u00a0<b>teknologjit\u00eb e fundit t\u00eb energjis\u00eb s\u00eb rinovueshme<\/b>\u00a0me\u00a0<b>sistemet m\u00eb t\u00eb besueshme t\u00eb energjis\u00eb emergjente<\/b>. Q\u00ebllimi yn\u00eb \u00ebsht\u00eb t\u00eb sigurojm\u00eb\u00a0<b>vazhdimesi dhe eficienc\u00eb<\/b>, pavar\u00ebsisht nga kushtet apo nd\u00ebrprerjet e furnizimit me energji elektrike.<\/p>\t\t\t\t\t\t\t\t<\/div>\n\t\t<div class=\"elementor-element elementor-element-cba5ecf e-con-full e-flex e-con e-child\" data-id=\"cba5ecf\" data-element_type=\"container\" data-e-type=\"container\" data-settings=\"{&quot;background_background&quot;:&quot;classic&quot;}\">\n\t\t\t\t<div class=\"elementor-element elementor-element-c596de0 elementor-widget elementor-widget-heading\" data-id=\"c596de0\" data-element_type=\"widget\" data-e-type=\"widget\" data-widget_type=\"heading.default\">\n\t\t\t\t\t<h2 class=\"elementor-heading-title elementor-size-default\">Integrimi i Energjis\u00eb s\u00eb Rinovueshme<\/h2>\t\t\t\t<\/div>\n\t\t\t\t<div class=\"elementor-element elementor-element-3fbc426 color-scheme-inherit text-left elementor-widget elementor-widget-text-editor\" data-id=\"3fbc426\" data-element_type=\"widget\" data-e-type=\"widget\" data-widget_type=\"text-editor.default\">\n\t\t\t\t\t\t\t\t\t<p>Ne projektojm\u00eb dhe instalojm\u00eb sisteme moderne p\u00ebr prodhimin e energjis\u00eb diellore, t\u00eb p\u00ebrshtatura p\u00ebr nevojat rezidenciale, komerciale dhe industriale:<\/p><ul><li aria-level=\"1\"><b>Panele fotovoltaike<\/b>\u00a0t\u00eb efikasitetit t\u00eb lart\u00eb<\/li><li aria-level=\"1\"><b>Invertera inteligjent\u00eb<\/b>\u00a0p\u00ebr menaxhim t\u00eb optimizuar t\u00eb energjis\u00eb<\/li><li aria-level=\"1\"><b>Optimizues<\/b>\u00a0p\u00ebr kontroll maksimal t\u00eb prodhimit n\u00eb \u00e7do panel<\/li><\/ul><p>\u00a0Zgjidhje t\u00eb personalizuara p\u00ebr\u00a0<b>prodhim, ruajtje dhe menaxhim t\u00eb energjis\u00eb s\u00eb gjelb\u00ebr<\/b>, duke ulur kostot dhe ndikimin mjedisor.<\/p>\t\t\t\t\t\t\t\t<\/div>\n\t\t\t\t<\/div>\n\t\t<div class=\"elementor-element elementor-element-6251a33 e-con-full e-flex e-con e-child\" data-id=\"6251a33\" data-element_type=\"container\" data-e-type=\"container\" data-settings=\"{&quot;background_background&quot;:&quot;classic&quot;}\">\n\t\t\t\t<div class=\"elementor-element elementor-element-feea214 elementor-widget elementor-widget-heading\" data-id=\"feea214\" data-element_type=\"widget\" data-e-type=\"widget\" data-widget_type=\"heading.default\">\n\t\t\t\t\t<h2 class=\"elementor-heading-title elementor-size-default\">Sistemet e Energjis\u00eb Emergjente<\/h2>\t\t\t\t<\/div>\n\t\t\t\t<div class=\"elementor-element elementor-element-48d7a1a color-scheme-inherit text-left elementor-widget elementor-widget-text-editor\" data-id=\"48d7a1a\" data-element_type=\"widget\" data-e-type=\"widget\" data-widget_type=\"text-editor.default\">\n\t\t\t\t\t\t\t\t\t<p>Sigurojme funksionimin e pand\u00ebrprer\u00eb t\u00eb pajisjeve dhe sistemeve kritike n\u00eb \u00e7do situat\u00eb:<\/p><ul><li aria-level=\"1\"><b>UPS<\/b>\u00a0\u2013 Furnizim pa nd\u00ebrprerje p\u00ebr pajisje elektronike dhe sisteme t\u00eb ndjeshme<\/li><li aria-level=\"1\"><b>Gjenerator\u00eb rezerv\u00eb<\/b>\u00a0\u2013 p\u00ebr mbulimin e nd\u00ebrprerjeve t\u00eb zgjatura t\u00eb energjis\u00eb<\/li><li aria-level=\"1\"><b>Stabilizator\u00eb tensioni<\/b>\u00a0\u2013 p\u00ebr mbrojtjen e pajisjeve ndaj luhatjeve t\u00eb tensionit<\/li><\/ul><p>Sisteme t\u00eb integruara q\u00eb garantojn\u00eb\u00a0<b>siguri, stabilitet dhe besueshm\u00ebri maksimale<\/b>\u00a0n\u00eb \u00e7do moment.<\/p><p>Jemi distributor te autorizuar per Servise ne rang rajonal .<\/p>\t\t\t\t\t\t\t\t<\/div>\n\t\t\t\t<\/div>\n\t\t\t\t<\/div>\n\t\t\t\t\t<\/div>\n\t\t\t\t<\/div>\n\t\t\t\t<\/div>\n\t\t","protected":false},"excerpt":{"rendered":"<p>Sistemet e Prodhimit t\u00eb Energjis\u00eb &amp; BACK-UP Ne ofrojm\u00eb zgjidhje t\u00eb plota p\u00ebr prodhimin, menaxhimin dhe rezervimin e energjis\u00eb, duke<\/p>\n","protected":false},"author":1,"featured_media":0,"parent":0,"menu_order":0,"comment_status":"closed","ping_status":"closed","template":"elementor_header_footer","meta":{"_acf_changed":false,"footnotes":""},"class_list":["post-11346","page","type-page","status-publish","hentry"],"acf":[],"_links":{"self":[{"href":"https:\/\/tokdev.al\/abiesse\/wp-json\/wp\/v2\/pages\/11346","targetHints":{"allow":["GET"]}}],"collection":[{"href":"https:\/\/tokdev.al\/abiesse\/wp-json\/wp\/v2\/pages"}],"about":[{"href":"https:\/\/tokdev.al\/abiesse\/wp-json\/wp\/v2\/types\/page"}],"author":[{"embeddable":true,"href":"https:\/\/tokdev.al\/abiesse\/wp-json\/wp\/v2\/users\/1"}],"replies":[{"embeddable":true,"href":"https:\/\/tokdev.al\/abiesse\/wp-json\/wp\/v2\/comments?post=11346"}],"version-history":[{"count":22,"href":"https:\/\/tokdev.al\/abiesse\/wp-json\/wp\/v2\/pages\/11346\/revisions"}],"predecessor-version":[{"id":58269,"href":"https:\/\/tokdev.al\/abiesse\/wp-json\/wp\/v2\/pages\/11346\/revisions\/58269"}],"wp:attachment":[{"href":"https:\/\/tokdev.al\/abiesse\/wp-json\/wp\/v2\/media?parent=11346"}],"curies":[{"name":"wp","href":"https:\/\/api.w.org\/{rel}","templated":true}]}}