{"id":11362,"date":"2025-10-15T10:13:37","date_gmt":"2025-10-15T10:13:37","guid":{"rendered":"https:\/\/tokdev.al\/abiesse\/?page_id=11362"},"modified":"2026-04-14T10:22:10","modified_gmt":"2026-04-14T10:22:10","slug":"automatizim-smart","status":"publish","type":"page","link":"https:\/\/tokdev.al\/abiesse\/automatizim-smart\/","title":{"rendered":"Automatizim Smart"},"content":{"rendered":"\t\t<div data-elementor-type=\"wp-page\" data-elementor-id=\"11362\" class=\"elementor elementor-11362\" data-elementor-post-type=\"page\">\n\t\t\t\t<div class=\"wd-negative-gap elementor-element elementor-element-5b51c27 e-flex e-con-boxed e-con e-parent\" data-id=\"5b51c27\" data-element_type=\"container\" data-e-type=\"container\" data-settings=\"{&quot;background_background&quot;:&quot;classic&quot;}\">\n\t\t\t\t\t<div class=\"e-con-inner\">\n\t\t\t\t\t<\/div>\n\t\t\t\t<\/div>\n\t\t<div class=\"wd-negative-gap elementor-element elementor-element-2a76308 e-flex e-con-boxed e-con e-parent\" data-id=\"2a76308\" data-element_type=\"container\" data-e-type=\"container\">\n\t\t\t\t\t<div class=\"e-con-inner\">\n\t\t<div class=\"elementor-element elementor-element-65c6dec e-con-full e-flex e-con e-child\" data-id=\"65c6dec\" data-element_type=\"container\" data-e-type=\"container\">\n\t\t\t\t<div class=\"elementor-element elementor-element-2bc1cac elementor-widget elementor-widget-heading\" data-id=\"2bc1cac\" data-element_type=\"widget\" data-e-type=\"widget\" data-widget_type=\"heading.default\">\n\t\t\t\t\t<h2 class=\"elementor-heading-title elementor-size-default\">Sistemet e Automatizimit &amp; Smart Building<\/h2>\t\t\t\t<\/div>\n\t\t\t\t<\/div>\n\t\t<div class=\"elementor-element elementor-element-52d1423 e-con-full e-flex e-con e-child\" data-id=\"52d1423\" data-element_type=\"container\" data-e-type=\"container\">\n\t\t\t\t<div class=\"elementor-element elementor-element-e739b53 color-scheme-inherit text-left elementor-widget elementor-widget-text-editor\" data-id=\"e739b53\" data-element_type=\"widget\" data-e-type=\"widget\" data-widget_type=\"text-editor.default\">\n\t\t\t\t\t\t\t\t\t<p>Nd\u00ebrtesat e s\u00eb ardhmes jan\u00eb\u00a0<b>inteligjente, t\u00eb automatizuara dhe t\u00eb nd\u00ebrlidhura<\/b>. Ne ofrojm\u00eb zgjidhje t\u00eb integruara p\u00ebr automatizimin e ambienteve rezidenciale, komerciale dhe industriale \u2013 duke rritur komoditetin,kursimin, efikasitetin energjetik dhe sigurin\u00eb.<\/p>\t\t\t\t\t\t\t\t<\/div>\n\t\t<div class=\"elementor-element elementor-element-3f15991 e-con-full e-flex e-con e-child\" data-id=\"3f15991\" data-element_type=\"container\" data-e-type=\"container\" data-settings=\"{&quot;background_background&quot;:&quot;classic&quot;}\">\n\t\t\t\t<div class=\"elementor-element elementor-element-9ec08a8 elementor-widget elementor-widget-heading\" data-id=\"9ec08a8\" data-element_type=\"widget\" data-e-type=\"widget\" data-widget_type=\"heading.default\">\n\t\t\t\t\t<h2 class=\"elementor-heading-title elementor-size-default\">Sistemi i Menaxhimit t\u00eb Nd\u00ebrtesave (BMS)<\/h2>\t\t\t\t<\/div>\n\t\t\t\t<div class=\"elementor-element elementor-element-35db392 color-scheme-inherit text-left elementor-widget elementor-widget-text-editor\" data-id=\"35db392\" data-element_type=\"widget\" data-e-type=\"widget\" data-widget_type=\"text-editor.default\">\n\t\t\t\t\t\t\t\t\t<p><b>BMS \u2013 Building Management System<\/b>\u00a0<\/p><p>Menaxhim i centralizuar i energjis\u00eb, ndri\u00e7imit, HVAC, siguris\u00eb dhe impianteve t\u00eb tjera p\u00ebrmes nj\u00eb platforme t\u00eb vetme inteligjente. Ideale p\u00ebr nd\u00ebrtesa t\u00eb m\u00ebdha, spitale, qendra tregtare dhe objekte industriale. Mund te themi qe sistemi BMS eshte zemra e cdo impianti madhor , dhe funskionalitetit te ndertesave te kategorive te tilla.<\/p>\t\t\t\t\t\t\t\t<\/div>\n\t\t\t\t<\/div>\n\t\t<div class=\"elementor-element elementor-element-e370f89 e-con-full e-flex e-con e-child\" data-id=\"e370f89\" data-element_type=\"container\" data-e-type=\"container\" data-settings=\"{&quot;background_background&quot;:&quot;classic&quot;}\">\n\t\t\t\t<div class=\"elementor-element elementor-element-e968a47 elementor-widget elementor-widget-heading\" data-id=\"e968a47\" data-element_type=\"widget\" data-e-type=\"widget\" data-widget_type=\"heading.default\">\n\t\t\t\t\t<h2 class=\"elementor-heading-title elementor-size-default\">Sistemet KNX<\/h2>\t\t\t\t<\/div>\n\t\t\t\t<div class=\"elementor-element elementor-element-8a466b0 color-scheme-inherit text-left elementor-widget elementor-widget-text-editor\" data-id=\"8a466b0\" data-element_type=\"widget\" data-e-type=\"widget\" data-widget_type=\"text-editor.default\">\n\t\t\t\t\t\t\t\t\t<p>Zgjidhje\u00a0<b>inteligjente dhe t\u00eb personalizueshme<\/b>\u00a0p\u00ebr kontrollin e:<\/p><ul><li aria-level=\"1\">Ndri\u00e7imit<\/li><li aria-level=\"1\">Sistemeve HVAC (ngrohje, ftohje, ventilim)<\/li><li aria-level=\"1\">Siguris\u00eb<\/li><li aria-level=\"1\">Impianteve elektrike dhe elektronik\u00eb<\/li><\/ul><p>E gjith\u00eb nd\u00ebrtesa n\u00ebn kontrollin tuaj, me teknologji t\u00eb certifikuar nd\u00ebrkomb\u00ebtarisht.<\/p>\t\t\t\t\t\t\t\t<\/div>\n\t\t\t\t<\/div>\n\t\t<div class=\"elementor-element elementor-element-d5303d6 e-con-full e-flex e-con e-child\" data-id=\"d5303d6\" data-element_type=\"container\" data-e-type=\"container\" data-settings=\"{&quot;background_background&quot;:&quot;classic&quot;}\">\n\t\t\t\t<div class=\"elementor-element elementor-element-9957778 elementor-widget elementor-widget-heading\" data-id=\"9957778\" data-element_type=\"widget\" data-e-type=\"widget\" data-widget_type=\"heading.default\">\n\t\t\t\t\t<h2 class=\"elementor-heading-title elementor-size-default\"><a href=\"https:\/\/www.bticino.com\/\">Sistemet BUS \u2013 si \u201cMy Home\u201d nga BTicino<\/a><\/h2>\t\t\t\t<\/div>\n\t\t\t\t<div class=\"elementor-element elementor-element-19c7f2a color-scheme-inherit text-left elementor-widget elementor-widget-text-editor\" data-id=\"19c7f2a\" data-element_type=\"widget\" data-e-type=\"widget\" data-widget_type=\"text-editor.default\">\n\t\t\t\t\t\t\t\t\t<p>Automatizim modern p\u00ebr banesa dhe zyra, me\u00a0<b>kontroll t\u00eb leht\u00eb dhe dizajn elegant<\/b>.<br \/>Integrim i ndri\u00e7imit, motor\u00ebve t\u00eb perdeve, alarmit, temperatur\u00ebs dhe shum\u00eb funksioneve t\u00eb tjera n\u00eb nj\u00eb sistem t\u00eb vet\u00ebm.<\/p>\t\t\t\t\t\t\t\t<\/div>\n\t\t\t\t<\/div>\n\t\t<div class=\"elementor-element elementor-element-7ef95f7 e-con-full e-flex e-con e-child\" data-id=\"7ef95f7\" data-element_type=\"container\" data-e-type=\"container\" data-settings=\"{&quot;background_background&quot;:&quot;classic&quot;}\">\n\t\t\t\t<div class=\"elementor-element elementor-element-5e20d70 elementor-widget elementor-widget-heading\" data-id=\"5e20d70\" data-element_type=\"widget\" data-e-type=\"widget\" data-widget_type=\"heading.default\">\n\t\t\t\t\t<h2 class=\"elementor-heading-title elementor-size-default\">Sistemet Wireless \/ Radio<\/h2>\t\t\t\t<\/div>\n\t\t\t\t<div class=\"elementor-element elementor-element-384c063 color-scheme-inherit text-left elementor-widget elementor-widget-text-editor\" data-id=\"384c063\" data-element_type=\"widget\" data-e-type=\"widget\" data-widget_type=\"text-editor.default\">\n\t\t\t\t\t\t\t\t\t<p>Zgjidhje fleksibile dhe pa kabllim p\u00ebr automatizim n\u00eb ambiente ekzistuese ose aty ku instalimi i rrjeteve tradicionale \u00ebsht\u00eb i v\u00ebshtir\u00eb.<br \/>Teknologjit\u00eb q\u00eb p\u00ebrdorim:<\/p><ul><li aria-level=\"1\"><b>ZigBee<\/b><\/li><li aria-level=\"1\"><b>Netatmo<\/b><\/li><li aria-level=\"1\"><b>Yokis<\/b><\/li><li aria-level=\"1\"><b>Casambi<\/b><\/li><\/ul><p>Instalim i shpejt\u00eb dhe kontroll p\u00ebrmes aplikacioneve mobile ose asistent\u00ebve dixhital\u00eb.<\/p>\t\t\t\t\t\t\t\t<\/div>\n\t\t\t\t<\/div>\n\t\t<div class=\"elementor-element elementor-element-65e161c e-con-full e-flex e-con e-child\" data-id=\"65e161c\" data-element_type=\"container\" data-e-type=\"container\" data-settings=\"{&quot;background_background&quot;:&quot;classic&quot;}\">\n\t\t\t\t<div class=\"elementor-element elementor-element-d01afa1 elementor-widget elementor-widget-heading\" data-id=\"d01afa1\" data-element_type=\"widget\" data-e-type=\"widget\" data-widget_type=\"heading.default\">\n\t\t\t\t\t<h2 class=\"elementor-heading-title elementor-size-default\">Automatizim p\u00ebr procese mekanike &amp; elektrike<\/h2>\t\t\t\t<\/div>\n\t\t\t\t<div class=\"elementor-element elementor-element-d5550ac color-scheme-inherit text-left elementor-widget elementor-widget-text-editor\" data-id=\"d5550ac\" data-element_type=\"widget\" data-e-type=\"widget\" data-widget_type=\"text-editor.default\">\n\t\t\t\t\t\t\t\t\t<p>Zhvillim i sistemeve t\u00eb specifikie p\u00ebr kontrollin dhe optimizimin e proceseve teknike, si:<\/p><ul><li aria-level=\"1\">Linjat e prodhimit<\/li><li aria-level=\"1\">Mekanizmat motorik\u00eb<\/li><li aria-level=\"1\">Pajisjet elektrike t\u00eb automatizuara<\/li><\/ul><ul><li aria-level=\"1\"><b>12. Integrim Industrial \u2013 PLC, HMI, SCADA<\/b><\/li><\/ul><p>Automatizim industrial i avancuar p\u00ebrmes integrimit t\u00eb:<\/p><ul><li aria-level=\"1\"><b>PLC (Programmable Logic Controllers)<\/b><\/li><li aria-level=\"1\"><b>HMI (Human Machine Interface)<\/b><\/li><li aria-level=\"1\"><b>SCADA (Supervisory Control and Data Acquisition)<\/b><\/li><\/ul><p>Krijojm\u00eb sisteme t\u00eb fuqishme dhe t\u00eb q\u00ebndrueshme p\u00ebr monitorim dhe kontroll n\u00eb koh\u00eb reale t\u00eb proceseve industriale.<\/p>\t\t\t\t\t\t\t\t<\/div>\n\t\t\t\t<\/div>\n\t\t\t\t<\/div>\n\t\t\t\t\t<\/div>\n\t\t\t\t<\/div>\n\t\t\t\t<\/div>\n\t\t","protected":false},"excerpt":{"rendered":"<p>Sistemet e Automatizimit &amp; Smart Building Nd\u00ebrtesat e s\u00eb ardhmes jan\u00eb\u00a0inteligjente, t\u00eb automatizuara dhe t\u00eb nd\u00ebrlidhura. Ne ofrojm\u00eb zgjidhje t\u00eb<\/p>\n","protected":false},"author":1,"featured_media":0,"parent":0,"menu_order":0,"comment_status":"closed","ping_status":"closed","template":"elementor_header_footer","meta":{"_acf_changed":false,"footnotes":""},"class_list":["post-11362","page","type-page","status-publish","hentry"],"acf":[],"_links":{"self":[{"href":"https:\/\/tokdev.al\/abiesse\/wp-json\/wp\/v2\/pages\/11362","targetHints":{"allow":["GET"]}}],"collection":[{"href":"https:\/\/tokdev.al\/abiesse\/wp-json\/wp\/v2\/pages"}],"about":[{"href":"https:\/\/tokdev.al\/abiesse\/wp-json\/wp\/v2\/types\/page"}],"author":[{"embeddable":true,"href":"https:\/\/tokdev.al\/abiesse\/wp-json\/wp\/v2\/users\/1"}],"replies":[{"embeddable":true,"href":"https:\/\/tokdev.al\/abiesse\/wp-json\/wp\/v2\/comments?post=11362"}],"version-history":[{"count":22,"href":"https:\/\/tokdev.al\/abiesse\/wp-json\/wp\/v2\/pages\/11362\/revisions"}],"predecessor-version":[{"id":58407,"href":"https:\/\/tokdev.al\/abiesse\/wp-json\/wp\/v2\/pages\/11362\/revisions\/58407"}],"wp:attachment":[{"href":"https:\/\/tokdev.al\/abiesse\/wp-json\/wp\/v2\/media?parent=11362"}],"curies":[{"name":"wp","href":"https:\/\/api.w.org\/{rel}","templated":true}]}}