{"id":29,"date":"2022-11-30T16:09:17","date_gmt":"2022-11-30T16:09:17","guid":{"rendered":"http:\/\/dummy.xtemos.com\/woodmart2\/mega-electronics-elementor\/?page_id=29"},"modified":"2026-04-14T14:45:42","modified_gmt":"2026-04-14T14:45:42","slug":"kontakt","status":"publish","type":"page","link":"https:\/\/tokdev.al\/abiesse\/kontakt\/","title":{"rendered":"Kontakt"},"content":{"rendered":"\t\t<div data-elementor-type=\"wp-page\" data-elementor-id=\"29\" class=\"elementor elementor-29\" data-elementor-post-type=\"page\">\n\t\t\t\t<div class=\"wd-negative-gap elementor-element elementor-element-a9abe0c e-flex e-con-boxed e-con e-parent\" data-id=\"a9abe0c\" data-element_type=\"container\" data-e-type=\"container\">\n\t\t\t\t\t<div class=\"e-con-inner\">\n\t\t\t\t<div class=\"elementor-element elementor-element-ac4439e wd-width-100 elementor-widget elementor-widget-wd_open_street_map\" data-id=\"ac4439e\" data-element_type=\"widget\" data-e-type=\"widget\" data-widget_type=\"wd_open_street_map.default\">\n\t\t\t\t<div class=\"elementor-widget-container\">\n\t\t\t\t\t\t\t<div class=\"wd-osm-map-container wd-map-container map-container-with-content\" style=\"--wd-justify-content: left; --wd-align-items: start;\">\n\t\t\t<div id=\"wd-osm-map-ac4439e\" class=\"wd-osm-map-wrapper wd-map-wrapper\" data-settings=\"{&quot;zoom&quot;:15,&quot;iconUrl&quot;:&quot;https:\\\/\\\/tokdev.al\\\/abiesse\\\/wp-content\\\/themes\\\/woodmart\\\/images\\\/icons\\\/marker-icon.png&quot;,&quot;scrollWheelZoom&quot;:&quot;no&quot;,&quot;zoomControl&quot;:&quot;yes&quot;,&quot;dragging&quot;:&quot;yes&quot;,&quot;geoapify_tile&quot;:&quot;osm-carto&quot;,&quot;markers&quot;:[{&quot;marker&quot;:{&quot;_id&quot;:&quot;aa83737&quot;,&quot;marker_coords&quot;:&quot;41.3518642,19.7495032&quot;,&quot;marker_title&quot;:&quot;&quot;,&quot;marker_description&quot;:&quot;&quot;,&quot;marker_behavior&quot;:&quot;popup&quot;,&quot;show_button&quot;:&quot;no&quot;,&quot;button_text&quot;:null,&quot;button_url&quot;:null,&quot;button_url_target&quot;:null,&quot;image&quot;:{&quot;url&quot;:&quot;&quot;,&quot;id&quot;:&quot;&quot;,&quot;size&quot;:&quot;&quot;},&quot;image_size&quot;:[],&quot;image_custom_dimension&quot;:null},&quot;lat&quot;:&quot;41.3518642&quot;,&quot;lng&quot;:&quot;19.7495032&quot;}],&quot;center&quot;:&quot;41.3518642,19.7495032&quot;,&quot;init_type&quot;:&quot;page_load&quot;}\"><\/div>\n\n\t\t\t\n\t\t\t\n\t\t\t\t\t\t\t<div class=\"wd-osm-map-content-wrap wd-map-content-wrap wd-fill\">\n\t\t\t\t\t<div class=\"wd-osm-map-content wd-map-content wd-entry-content\">\n\t\t\t\t\t\t\t\t\t\t\t\t\t<p>A BI ESSE Material Elektrik - Pakic\u00eb<\/p>\n\t\t\t\t\t\t\t\t\t\t\t<\/div>\n\t\t\t\t<\/div>\n\t\t\t\t\t<\/div>\n\t\t\t\t\t\t<\/div>\n\t\t\t\t<\/div>\n\t\t\t\t\t<\/div>\n\t\t\t\t<\/div>\n\t\t<div class=\"wd-negative-gap elementor-element elementor-element-305ed2b e-flex e-con-boxed e-con e-parent\" data-id=\"305ed2b\" data-element_type=\"container\" data-e-type=\"container\">\n\t\t\t\t\t<div class=\"e-con-inner\">\n\t\t<div class=\"elementor-element elementor-element-5cb84dd e-con-full e-flex e-con e-child\" data-id=\"5cb84dd\" data-element_type=\"container\" data-e-type=\"container\" data-settings=\"{&quot;background_background&quot;:&quot;classic&quot;}\">\n\t\t\t\t<div class=\"elementor-element elementor-element-25821a6 wd-width-100 elementor-widget elementor-widget-wd_title\" data-id=\"25821a6\" data-element_type=\"widget\" data-e-type=\"widget\" data-widget_type=\"wd_title.default\">\n\t\t\t\t<div class=\"elementor-widget-container\">\n\t\t\t\t\t\t\t<div class=\"title-wrapper wd-set-mb reset-last-child wd-title-color-default wd-title-style-default wd-title-size-default text-left\">\n\n\t\t\t\n\t\t\t<div class=\"liner-continer\">\n\t\t\t\t<h4 class=\"woodmart-title-container title wd-fontsize-l\">Rezervo nj\u00eb takim<\/h4> \n\t\t\t\t\t\t\t<\/div>\n\n\t\t\t\t\t<\/div>\n\t\t\t\t\t\t<\/div>\n\t\t\t\t<\/div>\n\t\t\t\t<div class=\"elementor-element elementor-element-e781b79 wd-cf7 elementor-widget elementor-widget-wd_contact_form_7\" data-id=\"e781b79\" data-element_type=\"widget\" data-e-type=\"widget\" data-widget_type=\"wd_contact_form_7.default\">\n\t\t\t\t<div class=\"elementor-widget-container\">\n\t\t\t\t\t\n<div class=\"wpcf7 no-js\" id=\"wpcf7-f2024-o1\" lang=\"en-US\" dir=\"ltr\" data-wpcf7-id=\"2024\">\n<div class=\"screen-reader-response\"><p role=\"status\" aria-live=\"polite\" aria-atomic=\"true\"><\/p> <ul><\/ul><\/div>\n<form action=\"\/abiesse\/wp-json\/wp\/v2\/pages\/29#wpcf7-f2024-o1\" method=\"post\" class=\"wpcf7-form init\" aria-label=\"Contact form\" novalidate=\"novalidate\" data-status=\"init\">\n<fieldset class=\"hidden-fields-container\"><input type=\"hidden\" name=\"_wpcf7\" value=\"2024\" \/><input type=\"hidden\" name=\"_wpcf7_version\" value=\"6.1.5\" \/><input type=\"hidden\" name=\"_wpcf7_locale\" value=\"en_US\" \/><input type=\"hidden\" name=\"_wpcf7_unit_tag\" value=\"wpcf7-f2024-o1\" \/><input type=\"hidden\" name=\"_wpcf7_container_post\" value=\"0\" \/><input type=\"hidden\" name=\"_wpcf7_posted_data_hash\" value=\"\" \/>\n<\/fieldset>\n<div class=\"wd-grid-g\">\n\t<div class=\"wd-grid-f-stretch\">\n\t\t<p class=\"wd-col\"><span class=\"wpcf7-form-control-wrap\" data-name=\"First\"><input size=\"40\" maxlength=\"400\" class=\"wpcf7-form-control wpcf7-text wpcf7-validates-as-required\" aria-required=\"true\" aria-invalid=\"false\" placeholder=\"Em\u00ebr\" value=\"\" type=\"text\" name=\"First\" \/><\/span>\n\t\t<\/p>\n\t\t<p class=\"wd-col\"><span class=\"wpcf7-form-control-wrap\" data-name=\"Last\"><input size=\"40\" maxlength=\"400\" class=\"wpcf7-form-control wpcf7-text wpcf7-validates-as-required\" aria-required=\"true\" aria-invalid=\"false\" placeholder=\"Mbiem\u00ebr\" value=\"\" type=\"text\" name=\"Last\" \/><\/span>\n\t\t<\/p>\n\t<\/div>\n\t<p class=\"wd-col\"><span class=\"wpcf7-form-control-wrap\" data-name=\"Last\"><input size=\"40\" maxlength=\"400\" class=\"wpcf7-form-control wpcf7-text wpcf7-validates-as-required\" aria-required=\"true\" aria-invalid=\"false\" placeholder=\"Email\" value=\"\" type=\"text\" name=\"Last\" \/><\/span>\n\t<\/p>\n\t<p class=\"wd-col\"><span class=\"wpcf7-form-control-wrap\" data-name=\"your-message\"><textarea cols=\"40\" rows=\"10\" maxlength=\"2000\" class=\"wpcf7-form-control wpcf7-textarea\" aria-invalid=\"false\" placeholder=\"Mesazh\" name=\"your-message\"><\/textarea><\/span>\n\t<\/p>\n\t<p class=\"wd-col\"><input class=\"wpcf7-form-control wpcf7-submit has-spinner btn btn-color-primary\" type=\"submit\" value=\"D\u00ebrgo\" \/>\n\t<\/p>\n<\/div><div class=\"wpcf7-response-output\" aria-hidden=\"true\"><\/div>\n<\/form>\n<\/div>\n\t\t\t\t<\/div>\n\t\t\t\t<\/div>\n\t\t\t\t<\/div>\n\t\t<div class=\"elementor-element elementor-element-e3d2f24 e-con-full e-flex e-con e-child\" data-id=\"e3d2f24\" data-element_type=\"container\" data-e-type=\"container\" data-settings=\"{&quot;background_background&quot;:&quot;classic&quot;}\">\n\t\t<div class=\"wd-negative-gap elementor-element elementor-element-bf27a7b e-flex e-con-boxed e-con e-child\" data-id=\"bf27a7b\" data-element_type=\"container\" data-e-type=\"container\" data-settings=\"{&quot;background_background&quot;:&quot;classic&quot;}\">\n\t\t\t\t\t<div class=\"e-con-inner\">\n\t\t\t\t<div class=\"elementor-element elementor-element-bf694ca wd-width-100 elementor-widget elementor-widget-wd_title\" data-id=\"bf694ca\" data-element_type=\"widget\" data-e-type=\"widget\" data-widget_type=\"wd_title.default\">\n\t\t\t\t<div class=\"elementor-widget-container\">\n\t\t\t\t\t\t\t<div class=\"title-wrapper wd-set-mb reset-last-child wd-title-color-default wd-title-style-default wd-title-size-small text-left\">\n\n\t\t\t\n\t\t\t<div class=\"liner-continer\">\n\t\t\t\t<h4 class=\"woodmart-title-container title wd-fontsize-m\">Selia Q\u00ebndrore \u2013 Headquarters<\/h4> \n\t\t\t\t\t\t\t<\/div>\n\n\t\t\t\t\t<\/div>\n\t\t\t\t\t\t<\/div>\n\t\t\t\t<\/div>\n\t\t\t\t<div class=\"elementor-element elementor-element-5d3c985 color-scheme-inherit text-left elementor-widget elementor-widget-text-editor\" data-id=\"5d3c985\" data-element_type=\"widget\" data-e-type=\"widget\" data-widget_type=\"text-editor.default\">\n\t\t\t\t\t\t\t\t\t<p><strong>A:<\/strong> <a style=\"color: #010101;\" href=\"Rr.%2028 Nentori Nr. 73, 1051 Kashar, Tirana \u2013 Albania, P.O Box 8307\" target=\"_blank\" rel=\"noopener\">Rr. 28 Nentori Nr. 73, 1051 Kashar, Tirana \u2013 Albania, P.O Box 8307<\/a><\/p>\n<p><strong>T:<\/strong> <a style=\"color: #010101;\" href=\"tel:+35542407290\">\u00a0+355 42 407 290<\/a> <a style=\"color: #010101;\" href=\"tel:+35542407291\">+355 42 407 291<\/a><\/p>\n<p><strong>M:<\/strong> <a style=\"color: #010101;\" href=\"tel:+355694065800\u00a0\u00a0\">+355 69 40 65 800\u00a0\u00a0<\/a> <a style=\"color: #010101;\" href=\"tel:+355672033100\">+355 67 20 33 100<\/a><\/p>\n<p><strong>wp:<\/strong> <a style=\"color: #010101;\" href=\"https:\/\/api.whatsapp.com\/send?phone=355672033100\">+355 67 20 33 100<\/a><\/p>\n<p><strong>E:<\/strong> <a style=\"color: #010101;\" href=\"mailto:info@abiesse.al\">info@abiesse.al<\/a><\/p>\t\t\t\t\t\t\t\t<\/div>\n\t\t\t\t\t<\/div>\n\t\t\t\t<\/div>\n\t\t\t\t<\/div>\n\t\t\t\t\t<\/div>\n\t\t\t\t<\/div>\n\t\t<div class=\"wd-negative-gap elementor-element elementor-element-3a29612 e-flex e-con-boxed e-con e-parent\" data-id=\"3a29612\" data-element_type=\"container\" data-e-type=\"container\">\n\t\t\t\t\t<div class=\"e-con-inner\">\n\t\t<div class=\"elementor-element elementor-element-6ac4460 e-con-full e-flex e-con e-child\" data-id=\"6ac4460\" data-element_type=\"container\" data-e-type=\"container\">\n\t\t\t\t<div class=\"elementor-element elementor-element-4bef883 elementor-widget__width-initial elementor-widget elementor-widget-wd_infobox\" data-id=\"4bef883\" data-element_type=\"widget\" data-e-type=\"widget\" data-widget_type=\"wd_infobox.default\">\n\t\t\t\t<div class=\"elementor-widget-container\">\n\t\t\t\t\t\t\t<div class=\"info-box-wrapper\">\n\t\t\t<div class=\"wd-info-box text-left box-icon-align-top box-style-base color-scheme-\">\n\t\t\t\t\n\t\t\t\t<div class=\"info-box-content\">\n\t\t\t\t\t\n\t\t\t\t\t\t\t\t\t\t\t<h4\t\t\t\t\t\tclass=\"info-box-title title box-title-style-default wd-fontsize-m\" data-elementor-setting-key=\"title\">\n\t\t\t\t\t\t\t\tFILIALI TIRANA 1 \u2013 STACIONI I TRENIT\t\t\t\t\t\t<\/h4>\n\t\t\t\t\t\n\t\t\t\t\t<div class=\"info-box-inner reset-last-child\"data-elementor-setting-key=\"content\"><p><strong>A:<\/strong> Sheshi Ferenc Nopcka, Nd.5 H.2, K.P.1016, Tiran\u00eb<br \/><strong>T:<\/strong> +<a style=\"color: #010101;\" href=\"tel:35542232659\">355 42 23 26 59<\/a><br \/><strong>M:<\/strong> <a style=\"color: #010101;\" href=\"tel:+355692065807\">+355 69 20 65 807<\/a><br \/><strong>E:<\/strong> <a style=\"color: #010101;\" href=\"mailto:tirana1@abiesse.al\">tirana1@abiesse.al<\/a><\/p>\n<\/div>\n\n\t\t\t\t\t\t\t\t\t<\/div>\n\n\t\t\t\t\t\t\t\t\t<a href=\"\/abiesse\/stacioni-i-trenit\/\" class=\"wd-info-box-link wd-fill\" aria-label=\"Infobox link\"><\/a>\n\t\t\t\t\t\t\t<\/div>\n\t\t<\/div>\n\t\t\t\t\t\t<\/div>\n\t\t\t\t<\/div>\n\t\t\t\t<div class=\"elementor-element elementor-element-e6a210f elementor-widget__width-initial elementor-widget elementor-widget-wd_infobox\" data-id=\"e6a210f\" data-element_type=\"widget\" data-e-type=\"widget\" data-widget_type=\"wd_infobox.default\">\n\t\t\t\t<div class=\"elementor-widget-container\">\n\t\t\t\t\t\t\t<div class=\"info-box-wrapper\">\n\t\t\t<div class=\"wd-info-box text-left box-icon-align-top box-style-base color-scheme-\">\n\t\t\t\t\n\t\t\t\t<div class=\"info-box-content\">\n\t\t\t\t\t\n\t\t\t\t\t\t\t\t\t\t\t<h4\t\t\t\t\t\tclass=\"info-box-title title box-title-style-default wd-fontsize-m\" data-elementor-setting-key=\"title\">\n\t\t\t\t\t\t\t\tFILIALI TIRANA 2 \u2013 STUDIO LUCE\t\t\t\t\t\t<\/h4>\n\t\t\t\t\t\n\t\t\t\t\t<div class=\"info-box-inner reset-last-child\"data-elementor-setting-key=\"content\"><p><strong>A:<\/strong> Rruga e Kosovareve, Godina Orion Construction, Tiran\u00eb<br \/>\n<strong>T:<\/strong> <a style=\"color: #010101;\" href=\"tel:+35542404036\">+355 42 40 40 36<\/a><br \/>\n<strong>M:<\/strong> <a style=\"color: #010101;\" href=\"tel:+355692065814\">+355 69 20 65 814<\/a><br \/>\n<strong>E:<\/strong> <a style=\"color: #010101;\" href=\"mailto:tirana2@abiesse.al\">tirana2@abiesse.al<\/a><\/p>\n<\/div>\n\n\t\t\t\t\t\t\t\t\t<\/div>\n\n\t\t\t\t\t\t\t\t\t<a href=\"\/abiesse\/filiali-studio-luce\/\" class=\"wd-info-box-link wd-fill\" aria-label=\"Infobox link\"><\/a>\n\t\t\t\t\t\t\t<\/div>\n\t\t<\/div>\n\t\t\t\t\t\t<\/div>\n\t\t\t\t<\/div>\n\t\t\t\t<\/div>\n\t\t<div class=\"elementor-element elementor-element-baea431 e-con-full e-flex e-con e-child\" data-id=\"baea431\" data-element_type=\"container\" data-e-type=\"container\">\n\t\t\t\t<div class=\"elementor-element elementor-element-4e06d22 elementor-widget__width-initial elementor-widget elementor-widget-wd_infobox\" data-id=\"4e06d22\" data-element_type=\"widget\" data-e-type=\"widget\" data-widget_type=\"wd_infobox.default\">\n\t\t\t\t<div class=\"elementor-widget-container\">\n\t\t\t\t\t\t\t<div class=\"info-box-wrapper\">\n\t\t\t<div class=\"wd-info-box text-left box-icon-align-top box-style-base color-scheme-\">\n\t\t\t\t\n\t\t\t\t<div class=\"info-box-content\">\n\t\t\t\t\t\n\t\t\t\t\t\t\t\t\t\t\t<h4\t\t\t\t\t\tclass=\"info-box-title title box-title-style-default wd-fontsize-m\" data-elementor-setting-key=\"title\">\n\t\t\t\t\t\t\t\tFILIALI TIRANA 3 \u2013 MATERNITETI I RI\t\t\t\t\t\t<\/h4>\n\t\t\t\t\t\n\t\t\t\t\t<div class=\"info-box-inner reset-last-child\"data-elementor-setting-key=\"content\"><p><strong>A:<\/strong> Bul. Bajram Curri, Nd.298, H.2, K.P.1004, Tiran\u00eb<br \/>\n<strong>T:<\/strong> <a style=\"color: #010101;\" href=\"tel:+35542450732\">+355 42 45 07 32<\/a><br \/>\n<strong>M:<\/strong> <a style=\"color: #010101;\" href=\"tel:+355692065806\">+355 69 20 65 806<\/a><br \/>\n<strong>E:<\/strong><a style=\"color: #010101;\" href=\"mailto:tirana3@abiesse.al\"> tirana3@abiesse.al<\/a><\/p>\n<\/div>\n\n\t\t\t\t\t\t\t\t\t<\/div>\n\n\t\t\t\t\t\t\t\t\t<a href=\"\/abiesse\/materniteti-i-ri\/\" class=\"wd-info-box-link wd-fill\" aria-label=\"Infobox link\"><\/a>\n\t\t\t\t\t\t\t<\/div>\n\t\t<\/div>\n\t\t\t\t\t\t<\/div>\n\t\t\t\t<\/div>\n\t\t\t\t<div class=\"elementor-element elementor-element-013ea8b elementor-widget__width-initial elementor-widget elementor-widget-wd_infobox\" data-id=\"013ea8b\" data-element_type=\"widget\" data-e-type=\"widget\" data-widget_type=\"wd_infobox.default\">\n\t\t\t\t<div class=\"elementor-widget-container\">\n\t\t\t\t\t\t\t<div class=\"info-box-wrapper\">\n\t\t\t<div class=\"wd-info-box text-left box-icon-align-top box-style-base color-scheme-\">\n\t\t\t\t\n\t\t\t\t<div class=\"info-box-content\">\n\t\t\t\t\t\n\t\t\t\t\t\t\t\t\t\t\t<h4\t\t\t\t\t\tclass=\"info-box-title title box-title-style-default wd-fontsize-m\" data-elementor-setting-key=\"title\">\n\t\t\t\t\t\t\t\tFILIALI KOSOV\u00cb \u2013 K BI ESSE\t\t\t\t\t\t<\/h4>\n\t\t\t\t\t\n\t\t\t\t\t<div class=\"info-box-inner reset-last-child\"data-elementor-setting-key=\"content\"><p><strong>A:<\/strong> Magjistralja E65 Km 4, \u00c7agllavic\u00eb, Prishtin\u00eb, Kosov\u00eb<br \/>\n<strong>M:<\/strong> <a style=\"color: #010101;\" href=\"tel;+38344950655\">+383 44 95 06 55<\/a><br \/>\n<strong>E:<\/strong><a style=\"color: #010101;\" href=\"mailto:info@kbiesse.al\"> info@kbiesse.al<\/a><\/p>\n<\/div>\n\n\t\t\t\t\t\t\t\t\t<\/div>\n\n\t\t\t\t\t\t\t\t\t<a href=\"\/abiesse\/k-bi-esse\/\" class=\"wd-info-box-link wd-fill\" aria-label=\"Infobox link\"><\/a>\n\t\t\t\t\t\t\t<\/div>\n\t\t<\/div>\n\t\t\t\t\t\t<\/div>\n\t\t\t\t<\/div>\n\t\t\t\t<\/div>\n\t\t\t\t\t<\/div>\n\t\t\t\t<\/div>\n\t\t\t\t<\/div>\n\t\t","protected":false},"excerpt":{"rendered":"<p>A BI ESSE Material Elektrik &#8211; Pakic\u00eb Rezervo nj\u00eb takim Selia Q\u00ebndrore \u2013 Headquarters A: Rr. 28 Nentori Nr. 73,<\/p>\n","protected":false},"author":1,"featured_media":0,"parent":0,"menu_order":0,"comment_status":"closed","ping_status":"closed","template":"","meta":{"_acf_changed":false,"footnotes":""},"class_list":["post-29","page","type-page","status-publish","hentry"],"acf":[],"_links":{"self":[{"href":"https:\/\/tokdev.al\/abiesse\/wp-json\/wp\/v2\/pages\/29","targetHints":{"allow":["GET"]}}],"collection":[{"href":"https:\/\/tokdev.al\/abiesse\/wp-json\/wp\/v2\/pages"}],"about":[{"href":"https:\/\/tokdev.al\/abiesse\/wp-json\/wp\/v2\/types\/page"}],"author":[{"embeddable":true,"href":"https:\/\/tokdev.al\/abiesse\/wp-json\/wp\/v2\/users\/1"}],"replies":[{"embeddable":true,"href":"https:\/\/tokdev.al\/abiesse\/wp-json\/wp\/v2\/comments?post=29"}],"version-history":[{"count":37,"href":"https:\/\/tokdev.al\/abiesse\/wp-json\/wp\/v2\/pages\/29\/revisions"}],"predecessor-version":[{"id":58509,"href":"https:\/\/tokdev.al\/abiesse\/wp-json\/wp\/v2\/pages\/29\/revisions\/58509"}],"wp:attachment":[{"href":"https:\/\/tokdev.al\/abiesse\/wp-json\/wp\/v2\/media?parent=29"}],"curies":[{"name":"wp","href":"https:\/\/api.w.org\/{rel}","templated":true}]}}