{"id":57016,"date":"2025-12-12T13:09:49","date_gmt":"2025-12-12T13:09:49","guid":{"rendered":"https:\/\/tokdev.al\/abiesse\/?page_id=57016"},"modified":"2025-12-15T11:09:51","modified_gmt":"2025-12-15T11:09:51","slug":"kuti-per-fruta","status":"publish","type":"page","link":"https:\/\/tokdev.al\/abiesse\/materiale-per-instalime-civile\/kuti-per-fruta\/","title":{"rendered":"Kuti per Fruta"},"content":{"rendered":"\t\t<div data-elementor-type=\"wp-page\" data-elementor-id=\"57016\" class=\"elementor elementor-57016\" data-elementor-post-type=\"page\">\n\t\t\t\t<div class=\"wd-negative-gap elementor-element elementor-element-7996c38 e-flex e-con-boxed e-con e-parent\" data-id=\"7996c38\" data-element_type=\"container\" data-e-type=\"container\">\n\t\t\t\t\t<div class=\"e-con-inner\">\n\t\t\t\t<div class=\"elementor-element elementor-element-74433ee elementor--h-position-center elementor--v-position-middle elementor-arrows-position-inside elementor-pagination-position-inside elementor-widget elementor-widget-slides\" data-id=\"74433ee\" data-element_type=\"widget\" data-e-type=\"widget\" data-settings=\"{&quot;navigation&quot;:&quot;both&quot;,&quot;autoplay&quot;:&quot;yes&quot;,&quot;pause_on_hover&quot;:&quot;yes&quot;,&quot;pause_on_interaction&quot;:&quot;yes&quot;,&quot;autoplay_speed&quot;:5000,&quot;infinite&quot;:&quot;yes&quot;,&quot;transition&quot;:&quot;slide&quot;,&quot;transition_speed&quot;:500}\" data-widget_type=\"slides.default\">\n\t\t\t\t\t\t\t\t\t\t<div class=\"elementor-slides-wrapper elementor-main-swiper swiper\" role=\"region\" aria-roledescription=\"carousel\" aria-label=\"Slides\" dir=\"ltr\" data-animation=\"fadeInUp\">\n\t\t\t\t<div class=\"swiper-wrapper elementor-slides\">\n\t\t\t\t\t\t\t\t\t\t<div class=\"elementor-repeater-item-60425c4 swiper-slide\" role=\"group\" aria-roledescription=\"slide\"><div class=\"swiper-slide-bg\" role=\"img\" aria-label=\"1 (1)\"><\/div><div class=\"swiper-slide-inner\" ><div class=\"swiper-slide-contents\"><\/div><\/div><\/div><div class=\"elementor-repeater-item-a19546e swiper-slide\" role=\"group\" aria-roledescription=\"slide\"><div class=\"swiper-slide-bg\" role=\"img\" aria-label=\"3 (1)\"><\/div><div class=\"swiper-slide-inner\" ><div class=\"swiper-slide-contents\"><\/div><\/div><\/div><div class=\"elementor-repeater-item-4835b8a swiper-slide\" role=\"group\" aria-roledescription=\"slide\"><div class=\"swiper-slide-bg\" role=\"img\" aria-label=\"2 (3)\"><\/div><div class=\"swiper-slide-inner\" ><div class=\"swiper-slide-contents\"><\/div><\/div><\/div>\t\t\t\t<\/div>\n\t\t\t\t\t\t\t\t\t\t\t\t\t\t\t<div class=\"elementor-swiper-button elementor-swiper-button-prev\" role=\"button\" tabindex=\"0\" aria-label=\"Previous slide\">\n\t\t\t\t\t\t\t<svg aria-hidden=\"true\" class=\"e-font-icon-svg e-eicon-chevron-left\" viewBox=\"0 0 1000 1000\" xmlns=\"http:\/\/www.w3.org\/2000\/svg\"><path d=\"M646 125C629 125 613 133 604 142L308 442C296 454 292 471 292 487 292 504 296 521 308 533L604 854C617 867 629 875 646 875 663 875 679 871 692 858 704 846 713 829 713 812 713 796 708 779 692 767L438 487 692 225C700 217 708 204 708 187 708 171 704 154 692 142 675 129 663 125 646 125Z\"><\/path><\/svg>\t\t\t\t\t\t<\/div>\n\t\t\t\t\t\t<div class=\"elementor-swiper-button elementor-swiper-button-next\" role=\"button\" tabindex=\"0\" aria-label=\"Next slide\">\n\t\t\t\t\t\t\t<svg aria-hidden=\"true\" class=\"e-font-icon-svg e-eicon-chevron-right\" viewBox=\"0 0 1000 1000\" xmlns=\"http:\/\/www.w3.org\/2000\/svg\"><path d=\"M696 533C708 521 713 504 713 487 713 471 708 454 696 446L400 146C388 133 375 125 354 125 338 125 325 129 313 142 300 154 292 171 292 187 292 204 296 221 308 233L563 492 304 771C292 783 288 800 288 817 288 833 296 850 308 863 321 871 338 875 354 875 371 875 388 867 400 854L696 533Z\"><\/path><\/svg>\t\t\t\t\t\t<\/div>\n\t\t\t\t\t\t\t\t\t\t\t\t\t\t\t\t<div class=\"swiper-pagination\"><\/div>\n\t\t\t\t\t\t\t\t\t\t\t\t<\/div>\n\t\t\t\t\t\t\t\t<\/div>\n\t\t\t\t\t<\/div>\n\t\t\t\t<\/div>\n\t\t<div class=\"wd-negative-gap elementor-element elementor-element-4a83f03 e-flex e-con-boxed e-con e-parent\" data-id=\"4a83f03\" data-element_type=\"container\" data-e-type=\"container\">\n\t\t\t\t\t<div class=\"e-con-inner\">\n\t\t\t\t<div class=\"elementor-element elementor-element-5185267 elementor-widget elementor-widget-n-accordion\" data-id=\"5185267\" data-element_type=\"widget\" data-e-type=\"widget\" data-settings=\"{&quot;max_items_expended&quot;:&quot;multiple&quot;,&quot;default_state&quot;:&quot;expanded&quot;,&quot;n_accordion_animation_duration&quot;:{&quot;unit&quot;:&quot;ms&quot;,&quot;size&quot;:400,&quot;sizes&quot;:[]}}\" data-widget_type=\"nested-accordion.default\">\n\t\t\t\t\t\t\t<div class=\"e-n-accordion\" aria-label=\"Accordion. Open links with Enter or Space, close with Escape, and navigate with Arrow Keys\">\n\t\t\t\t\t\t<details id=\"e-n-accordion-item-8540\" class=\"e-n-accordion-item\" open>\n\t\t\t\t<summary class=\"e-n-accordion-item-title\" data-accordion-index=\"1\" tabindex=\"0\" aria-expanded=\"true\" aria-controls=\"e-n-accordion-item-8540\" >\n\t\t\t\t\t<span class='e-n-accordion-item-title-header'><div class=\"e-n-accordion-item-title-text\"> Kuti p\u00ebr Inkasim n\u00eb Mur Tulle <\/div><\/span>\n\t\t\t\t\t\t\t<span class='e-n-accordion-item-title-icon'>\n\t\t\t<span class='e-opened' ><svg aria-hidden=\"true\" class=\"e-font-icon-svg e-fas-minus\" viewBox=\"0 0 448 512\" xmlns=\"http:\/\/www.w3.org\/2000\/svg\"><path d=\"M416 208H32c-17.67 0-32 14.33-32 32v32c0 17.67 14.33 32 32 32h384c17.67 0 32-14.33 32-32v-32c0-17.67-14.33-32-32-32z\"><\/path><\/svg><\/span>\n\t\t\t<span class='e-closed'><svg aria-hidden=\"true\" class=\"e-font-icon-svg e-fas-plus\" viewBox=\"0 0 448 512\" xmlns=\"http:\/\/www.w3.org\/2000\/svg\"><path d=\"M416 208H272V64c0-17.67-14.33-32-32-32h-32c-17.67 0-32 14.33-32 32v144H32c-17.67 0-32 14.33-32 32v32c0 17.67 14.33 32 32 32h144v144c0 17.67 14.33 32 32 32h32c17.67 0 32-14.33 32-32V304h144c17.67 0 32-14.33 32-32v-32c0-17.67-14.33-32-32-32z\"><\/path><\/svg><\/span>\n\t\t<\/span>\n\n\t\t\t\t\t\t<\/summary>\n\t\t\t\t<div role=\"region\" aria-labelledby=\"e-n-accordion-item-8540\" class=\"elementor-element elementor-element-f6170fd e-con-full e-flex e-con e-child\" data-id=\"f6170fd\" data-element_type=\"container\" data-e-type=\"container\">\n\t\t\t\t<div class=\"elementor-element elementor-element-c6480cc color-scheme-inherit text-left elementor-widget elementor-widget-text-editor\" data-id=\"c6480cc\" data-element_type=\"widget\" data-e-type=\"widget\" data-widget_type=\"text-editor.default\">\n\t\t\t\t\t\t\t\t\t<a href=\"http:\/\/www.abiesse.al\/wp-content\/uploads\/2016\/05\/502e.png\"><img decoding=\"async\" class=\"alignnone wp-image-3667\" src=\"http:\/\/www.abiesse.al\/wp-content\/uploads\/2016\/05\/502e-300x233.png\" alt=\"502e\" width=\"142\" height=\"110\" \/><\/a> <a href=\"http:\/\/www.abiesse.al\/wp-content\/uploads\/2016\/05\/503E.png\"><img decoding=\"async\" class=\"alignnone wp-image-3668\" src=\"http:\/\/www.abiesse.al\/wp-content\/uploads\/2016\/05\/503E-300x233.png\" alt=\"503E\" width=\"142\" height=\"110\" \/><\/a> <a href=\"http:\/\/www.abiesse.al\/wp-content\/uploads\/2016\/05\/504E.png\"><img decoding=\"async\" class=\"alignnone wp-image-3669\" src=\"http:\/\/www.abiesse.al\/wp-content\/uploads\/2016\/05\/504E-300x233.png\" alt=\"504E\" width=\"142\" height=\"110\" \/><\/a> <a href=\"http:\/\/www.abiesse.al\/wp-content\/uploads\/2016\/05\/506L.png\"><img loading=\"lazy\" decoding=\"async\" class=\"alignnone wp-image-3671\" src=\"http:\/\/www.abiesse.al\/wp-content\/uploads\/2016\/05\/506L-300x233.png\" alt=\"506L\" width=\"142\" height=\"110\" \/><\/a>\u00a0<a href=\"http:\/\/www.abiesse.al\/wp-content\/uploads\/2016\/05\/506E.png\"><img loading=\"lazy\" decoding=\"async\" class=\"alignnone wp-image-3670\" src=\"http:\/\/www.abiesse.al\/wp-content\/uploads\/2016\/05\/506E-300x233.png\" alt=\"506E\" width=\"142\" height=\"110\" \/><\/a>\t\t\t\t\t\t\t\t<\/div>\n\t\t\t\t<\/div>\n\t\t\t\t\t<\/details>\n\t\t\t\t\t\t<details id=\"e-n-accordion-item-8541\" class=\"e-n-accordion-item\" >\n\t\t\t\t<summary class=\"e-n-accordion-item-title\" data-accordion-index=\"2\" tabindex=\"-1\" aria-expanded=\"false\" aria-controls=\"e-n-accordion-item-8541\" >\n\t\t\t\t\t<span class='e-n-accordion-item-title-header'><div class=\"e-n-accordion-item-title-text\"> Kuti p\u00ebr Inkasim n\u00eb Mur Karton Gipsi <\/div><\/span>\n\t\t\t\t\t\t\t<span class='e-n-accordion-item-title-icon'>\n\t\t\t<span class='e-opened' ><svg aria-hidden=\"true\" class=\"e-font-icon-svg e-fas-minus\" viewBox=\"0 0 448 512\" xmlns=\"http:\/\/www.w3.org\/2000\/svg\"><path d=\"M416 208H32c-17.67 0-32 14.33-32 32v32c0 17.67 14.33 32 32 32h384c17.67 0 32-14.33 32-32v-32c0-17.67-14.33-32-32-32z\"><\/path><\/svg><\/span>\n\t\t\t<span class='e-closed'><svg aria-hidden=\"true\" class=\"e-font-icon-svg e-fas-plus\" viewBox=\"0 0 448 512\" xmlns=\"http:\/\/www.w3.org\/2000\/svg\"><path d=\"M416 208H272V64c0-17.67-14.33-32-32-32h-32c-17.67 0-32 14.33-32 32v144H32c-17.67 0-32 14.33-32 32v32c0 17.67 14.33 32 32 32h144v144c0 17.67 14.33 32 32 32h32c17.67 0 32-14.33 32-32V304h144c17.67 0 32-14.33 32-32v-32c0-17.67-14.33-32-32-32z\"><\/path><\/svg><\/span>\n\t\t<\/span>\n\n\t\t\t\t\t\t<\/summary>\n\t\t\t\t<div role=\"region\" aria-labelledby=\"e-n-accordion-item-8541\" class=\"elementor-element elementor-element-3873315 e-con-full e-flex e-con e-child\" data-id=\"3873315\" data-element_type=\"container\" data-e-type=\"container\">\n\t\t\t\t<div class=\"elementor-element elementor-element-f5805a6 color-scheme-inherit text-left elementor-widget elementor-widget-text-editor\" data-id=\"f5805a6\" data-element_type=\"widget\" data-e-type=\"widget\" data-widget_type=\"text-editor.default\">\n\t\t\t\t\t\t\t\t\t<p><a href=\"http:\/\/www.abiesse.al\/wp-content\/uploads\/2016\/05\/PB502.png\"><img loading=\"lazy\" decoding=\"async\" class=\"alignnone wp-image-3673\" src=\"http:\/\/www.abiesse.al\/wp-content\/uploads\/2016\/05\/PB502-300x233.png\" alt=\"PB502\" width=\"142\" height=\"110\" \/><\/a> <a href=\"http:\/\/www.abiesse.al\/wp-content\/uploads\/2016\/05\/PB503.png\"><img loading=\"lazy\" decoding=\"async\" class=\"alignnone wp-image-3674\" src=\"http:\/\/www.abiesse.al\/wp-content\/uploads\/2016\/05\/PB503-300x233.png\" alt=\"PB503\" width=\"142\" height=\"110\" \/><\/a> <a href=\"http:\/\/www.abiesse.al\/wp-content\/uploads\/2016\/05\/PB504.png\"><img loading=\"lazy\" decoding=\"async\" class=\"alignnone wp-image-3675\" src=\"http:\/\/www.abiesse.al\/wp-content\/uploads\/2016\/05\/PB504-300x233.png\" alt=\"PB504\" width=\"142\" height=\"110\" \/><\/a> <a href=\"http:\/\/www.abiesse.al\/wp-content\/uploads\/2016\/05\/PB506.png\"><img loading=\"lazy\" decoding=\"async\" class=\"alignnone wp-image-3676\" src=\"http:\/\/www.abiesse.al\/wp-content\/uploads\/2016\/05\/PB506-300x233.png\" alt=\"PB506\" width=\"142\" height=\"110\" \/><\/a> <a href=\"http:\/\/www.abiesse.al\/wp-content\/uploads\/2016\/05\/PB526.png\"><img loading=\"lazy\" decoding=\"async\" class=\"alignnone wp-image-3677\" src=\"http:\/\/www.abiesse.al\/wp-content\/uploads\/2016\/05\/PB526-300x233.png\" alt=\"PB526\" width=\"142\" height=\"110\" \/><\/a><\/p>\t\t\t\t\t\t\t\t<\/div>\n\t\t\t\t<\/div>\n\t\t\t\t\t<\/details>\n\t\t\t\t\t\t<details id=\"e-n-accordion-item-8542\" class=\"e-n-accordion-item\" >\n\t\t\t\t<summary class=\"e-n-accordion-item-title\" data-accordion-index=\"3\" tabindex=\"-1\" aria-expanded=\"false\" aria-controls=\"e-n-accordion-item-8542\" >\n\t\t\t\t\t<span class='e-n-accordion-item-title-header'><div class=\"e-n-accordion-item-title-text\"> Kuti p\u00ebr Instalim Jasht\u00eb Murit me Ngjyr\u00eb t\u00eb Bardh\u00eb <\/div><\/span>\n\t\t\t\t\t\t\t<span class='e-n-accordion-item-title-icon'>\n\t\t\t<span class='e-opened' ><svg aria-hidden=\"true\" class=\"e-font-icon-svg e-fas-minus\" viewBox=\"0 0 448 512\" xmlns=\"http:\/\/www.w3.org\/2000\/svg\"><path d=\"M416 208H32c-17.67 0-32 14.33-32 32v32c0 17.67 14.33 32 32 32h384c17.67 0 32-14.33 32-32v-32c0-17.67-14.33-32-32-32z\"><\/path><\/svg><\/span>\n\t\t\t<span class='e-closed'><svg aria-hidden=\"true\" class=\"e-font-icon-svg e-fas-plus\" viewBox=\"0 0 448 512\" xmlns=\"http:\/\/www.w3.org\/2000\/svg\"><path d=\"M416 208H272V64c0-17.67-14.33-32-32-32h-32c-17.67 0-32 14.33-32 32v144H32c-17.67 0-32 14.33-32 32v32c0 17.67 14.33 32 32 32h144v144c0 17.67 14.33 32 32 32h32c17.67 0 32-14.33 32-32V304h144c17.67 0 32-14.33 32-32v-32c0-17.67-14.33-32-32-32z\"><\/path><\/svg><\/span>\n\t\t<\/span>\n\n\t\t\t\t\t\t<\/summary>\n\t\t\t\t<div role=\"region\" aria-labelledby=\"e-n-accordion-item-8542\" class=\"elementor-element elementor-element-adaa98b e-con-full e-flex e-con e-child\" data-id=\"adaa98b\" data-element_type=\"container\" data-e-type=\"container\">\n\t\t\t\t<div class=\"elementor-element elementor-element-4841e74 color-scheme-inherit text-left elementor-widget elementor-widget-text-editor\" data-id=\"4841e74\" data-element_type=\"widget\" data-e-type=\"widget\" data-widget_type=\"text-editor.default\">\n\t\t\t\t\t\t\t\t\t<p><a href=\"http:\/\/www.abiesse.al\/wp-content\/uploads\/2016\/05\/503BI.png\"><img loading=\"lazy\" decoding=\"async\" class=\"alignnone wp-image-3679\" src=\"http:\/\/www.abiesse.al\/wp-content\/uploads\/2016\/05\/503BI-300x233.png\" alt=\"503BI\" width=\"142\" height=\"110\" \/><\/a> <a href=\"http:\/\/www.abiesse.al\/wp-content\/uploads\/2016\/05\/504BI.png\"><img loading=\"lazy\" decoding=\"async\" class=\"alignnone wp-image-3680\" src=\"http:\/\/www.abiesse.al\/wp-content\/uploads\/2016\/05\/504BI-300x233.png\" alt=\"504BI\" width=\"142\" height=\"110\" \/><\/a><\/p>\t\t\t\t\t\t\t\t<\/div>\n\t\t\t\t<\/div>\n\t\t\t\t\t<\/details>\n\t\t\t\t\t\t<details id=\"e-n-accordion-item-8543\" class=\"e-n-accordion-item\" >\n\t\t\t\t<summary class=\"e-n-accordion-item-title\" data-accordion-index=\"4\" tabindex=\"-1\" aria-expanded=\"false\" aria-controls=\"e-n-accordion-item-8543\" >\n\t\t\t\t\t<span class='e-n-accordion-item-title-header'><div class=\"e-n-accordion-item-title-text\"> Kuti p\u00ebr Instalim Jasht\u00eb Murit, IP40, p\u00ebr Serit\u00eb Luna, Living-Light me Ngjyr\u00eb Gri <\/div><\/span>\n\t\t\t\t\t\t\t<span class='e-n-accordion-item-title-icon'>\n\t\t\t<span class='e-opened' ><svg aria-hidden=\"true\" class=\"e-font-icon-svg e-fas-minus\" viewBox=\"0 0 448 512\" xmlns=\"http:\/\/www.w3.org\/2000\/svg\"><path d=\"M416 208H32c-17.67 0-32 14.33-32 32v32c0 17.67 14.33 32 32 32h384c17.67 0 32-14.33 32-32v-32c0-17.67-14.33-32-32-32z\"><\/path><\/svg><\/span>\n\t\t\t<span class='e-closed'><svg aria-hidden=\"true\" class=\"e-font-icon-svg e-fas-plus\" viewBox=\"0 0 448 512\" xmlns=\"http:\/\/www.w3.org\/2000\/svg\"><path d=\"M416 208H272V64c0-17.67-14.33-32-32-32h-32c-17.67 0-32 14.33-32 32v144H32c-17.67 0-32 14.33-32 32v32c0 17.67 14.33 32 32 32h144v144c0 17.67 14.33 32 32 32h32c17.67 0 32-14.33 32-32V304h144c17.67 0 32-14.33 32-32v-32c0-17.67-14.33-32-32-32z\"><\/path><\/svg><\/span>\n\t\t<\/span>\n\n\t\t\t\t\t\t<\/summary>\n\t\t\t\t<div role=\"region\" aria-labelledby=\"e-n-accordion-item-8543\" class=\"elementor-element elementor-element-d5f0b74 e-con-full e-flex e-con e-child\" data-id=\"d5f0b74\" data-element_type=\"container\" data-e-type=\"container\">\n\t\t\t\t<div class=\"elementor-element elementor-element-9e69f02 color-scheme-inherit text-left elementor-widget elementor-widget-text-editor\" data-id=\"9e69f02\" data-element_type=\"widget\" data-e-type=\"widget\" data-widget_type=\"text-editor.default\">\n\t\t\t\t\t\t\t\t\t<a href=\"http:\/\/www.abiesse.al\/wp-content\/uploads\/2016\/05\/24401.png\"><img loading=\"lazy\" decoding=\"async\" class=\"alignnone wp-image-3683\" src=\"http:\/\/www.abiesse.al\/wp-content\/uploads\/2016\/05\/24401-300x233.png\" alt=\"24401\" width=\"142\" height=\"110\" \/><\/a> <a href=\"http:\/\/www.abiesse.al\/wp-content\/uploads\/2016\/05\/24402.png\"><img loading=\"lazy\" decoding=\"async\" class=\"alignnone wp-image-3684\" src=\"http:\/\/www.abiesse.al\/wp-content\/uploads\/2016\/05\/24402-300x233.png\" alt=\"24402\" width=\"142\" height=\"110\" \/><\/a> <a href=\"http:\/\/www.abiesse.al\/wp-content\/uploads\/2016\/05\/24403.png\"><img loading=\"lazy\" decoding=\"async\" class=\"alignnone wp-image-3685\" src=\"http:\/\/www.abiesse.al\/wp-content\/uploads\/2016\/05\/24403-300x233.png\" alt=\"24403\" width=\"142\" height=\"110\" \/><\/a> <a href=\"http:\/\/www.abiesse.al\/wp-content\/uploads\/2016\/05\/24404.png\"><img loading=\"lazy\" decoding=\"async\" class=\"alignnone wp-image-3686\" src=\"http:\/\/www.abiesse.al\/wp-content\/uploads\/2016\/05\/24404-300x233.png\" alt=\"24404\" width=\"142\" height=\"110\" \/><\/a> <a href=\"http:\/\/www.abiesse.al\/wp-content\/uploads\/2016\/05\/24404-2.png\"><img loading=\"lazy\" decoding=\"async\" class=\"alignnone wp-image-3688\" src=\"http:\/\/www.abiesse.al\/wp-content\/uploads\/2016\/05\/24404-2-300x233.png\" alt=\"24404-2\" width=\"142\" height=\"110\" \/><\/a>\u00a0<a href=\"http:\/\/www.abiesse.al\/wp-content\/uploads\/2016\/05\/24406.png\"><img loading=\"lazy\" decoding=\"async\" class=\"alignnone wp-image-3687\" src=\"http:\/\/www.abiesse.al\/wp-content\/uploads\/2016\/05\/24406-300x233.png\" alt=\"24406\" width=\"142\" height=\"110\" \/><\/a>\t\t\t\t\t\t\t\t<\/div>\n\t\t\t\t<\/div>\n\t\t\t\t\t<\/details>\n\t\t\t\t\t\t<details id=\"e-n-accordion-item-8544\" class=\"e-n-accordion-item\" >\n\t\t\t\t<summary class=\"e-n-accordion-item-title\" data-accordion-index=\"5\" tabindex=\"-1\" aria-expanded=\"false\" aria-controls=\"e-n-accordion-item-8544\" >\n\t\t\t\t\t<span class='e-n-accordion-item-title-header'><div class=\"e-n-accordion-item-title-text\"> Kuti p\u00ebr Instalim Jasht\u00eb Murit, IP55, p\u00ebr Serit\u00eb Luna, Living-Light me Ngjyr\u00eb Gri <\/div><\/span>\n\t\t\t\t\t\t\t<span class='e-n-accordion-item-title-icon'>\n\t\t\t<span class='e-opened' ><svg aria-hidden=\"true\" class=\"e-font-icon-svg e-fas-minus\" viewBox=\"0 0 448 512\" xmlns=\"http:\/\/www.w3.org\/2000\/svg\"><path d=\"M416 208H32c-17.67 0-32 14.33-32 32v32c0 17.67 14.33 32 32 32h384c17.67 0 32-14.33 32-32v-32c0-17.67-14.33-32-32-32z\"><\/path><\/svg><\/span>\n\t\t\t<span class='e-closed'><svg aria-hidden=\"true\" class=\"e-font-icon-svg e-fas-plus\" viewBox=\"0 0 448 512\" xmlns=\"http:\/\/www.w3.org\/2000\/svg\"><path d=\"M416 208H272V64c0-17.67-14.33-32-32-32h-32c-17.67 0-32 14.33-32 32v144H32c-17.67 0-32 14.33-32 32v32c0 17.67 14.33 32 32 32h144v144c0 17.67 14.33 32 32 32h32c17.67 0 32-14.33 32-32V304h144c17.67 0 32-14.33 32-32v-32c0-17.67-14.33-32-32-32z\"><\/path><\/svg><\/span>\n\t\t<\/span>\n\n\t\t\t\t\t\t<\/summary>\n\t\t\t\t<div role=\"region\" aria-labelledby=\"e-n-accordion-item-8544\" class=\"elementor-element elementor-element-ee4d3a5 e-con-full e-flex e-con e-child\" data-id=\"ee4d3a5\" data-element_type=\"container\" data-e-type=\"container\">\n\t\t\t\t<div class=\"elementor-element elementor-element-0337500 color-scheme-inherit text-left elementor-widget elementor-widget-text-editor\" data-id=\"0337500\" data-element_type=\"widget\" data-e-type=\"widget\" data-widget_type=\"text-editor.default\">\n\t\t\t\t\t\t\t\t\t<a href=\"http:\/\/www.abiesse.al\/wp-content\/uploads\/2016\/05\/24501.png\"><img loading=\"lazy\" decoding=\"async\" class=\"alignnone wp-image-3690\" src=\"http:\/\/www.abiesse.al\/wp-content\/uploads\/2016\/05\/24501-300x233.png\" alt=\"24501\" width=\"142\" height=\"110\" \/><\/a> <a href=\"http:\/\/www.abiesse.al\/wp-content\/uploads\/2016\/05\/24502.png\"><img loading=\"lazy\" decoding=\"async\" class=\"alignnone wp-image-3691\" src=\"http:\/\/www.abiesse.al\/wp-content\/uploads\/2016\/05\/24502-300x233.png\" alt=\"24502\" width=\"141\" height=\"110\" \/><\/a>\u00a0<a href=\"http:\/\/www.abiesse.al\/wp-content\/uploads\/2016\/05\/24503-1.png\"><img loading=\"lazy\" decoding=\"async\" class=\"alignnone wp-image-3696\" src=\"http:\/\/www.abiesse.al\/wp-content\/uploads\/2016\/05\/24503-1-300x233.png\" alt=\"24503\" width=\"142\" height=\"110\" \/><\/a> <a href=\"http:\/\/www.abiesse.al\/wp-content\/uploads\/2016\/05\/24504-2.png\"><img loading=\"lazy\" decoding=\"async\" class=\"alignnone wp-image-3698\" src=\"http:\/\/www.abiesse.al\/wp-content\/uploads\/2016\/05\/24504-2-300x233.png\" alt=\"24504\" width=\"142\" height=\"110\" \/><\/a>\t\t\t\t\t\t\t\t<\/div>\n\t\t\t\t<\/div>\n\t\t\t\t\t<\/details>\n\t\t\t\t\t\t<details id=\"e-n-accordion-item-8545\" class=\"e-n-accordion-item\" >\n\t\t\t\t<summary class=\"e-n-accordion-item-title\" data-accordion-index=\"6\" tabindex=\"-1\" aria-expanded=\"false\" aria-controls=\"e-n-accordion-item-8545\" >\n\t\t\t\t\t<span class='e-n-accordion-item-title-header'><div class=\"e-n-accordion-item-title-text\"> Kuti p\u00ebr Instalim Jasht\u00eb Murit, IP55, p\u00ebr Serit\u00eb Luna, Living-Light me Ngjyr\u00eb Gri <\/div><\/span>\n\t\t\t\t\t\t\t<span class='e-n-accordion-item-title-icon'>\n\t\t\t<span class='e-opened' ><svg aria-hidden=\"true\" class=\"e-font-icon-svg e-fas-minus\" viewBox=\"0 0 448 512\" xmlns=\"http:\/\/www.w3.org\/2000\/svg\"><path d=\"M416 208H32c-17.67 0-32 14.33-32 32v32c0 17.67 14.33 32 32 32h384c17.67 0 32-14.33 32-32v-32c0-17.67-14.33-32-32-32z\"><\/path><\/svg><\/span>\n\t\t\t<span class='e-closed'><svg aria-hidden=\"true\" class=\"e-font-icon-svg e-fas-plus\" viewBox=\"0 0 448 512\" xmlns=\"http:\/\/www.w3.org\/2000\/svg\"><path d=\"M416 208H272V64c0-17.67-14.33-32-32-32h-32c-17.67 0-32 14.33-32 32v144H32c-17.67 0-32 14.33-32 32v32c0 17.67 14.33 32 32 32h144v144c0 17.67 14.33 32 32 32h32c17.67 0 32-14.33 32-32V304h144c17.67 0 32-14.33 32-32v-32c0-17.67-14.33-32-32-32z\"><\/path><\/svg><\/span>\n\t\t<\/span>\n\n\t\t\t\t\t\t<\/summary>\n\t\t\t\t<div role=\"region\" aria-labelledby=\"e-n-accordion-item-8545\" class=\"elementor-element elementor-element-1a53f88 e-con-full e-flex e-con e-child\" data-id=\"1a53f88\" data-element_type=\"container\" data-e-type=\"container\">\n\t\t\t\t<div class=\"elementor-element elementor-element-4b80ada color-scheme-inherit text-left elementor-widget elementor-widget-text-editor\" data-id=\"4b80ada\" data-element_type=\"widget\" data-e-type=\"widget\" data-widget_type=\"text-editor.default\">\n\t\t\t\t\t\t\t\t\t<a href=\"http:\/\/www.abiesse.al\/wp-content\/uploads\/2016\/05\/24501.png\"><img loading=\"lazy\" decoding=\"async\" class=\"alignnone wp-image-3690\" src=\"http:\/\/www.abiesse.al\/wp-content\/uploads\/2016\/05\/24501-300x233.png\" alt=\"24501\" width=\"142\" height=\"110\" \/><\/a> <a href=\"http:\/\/www.abiesse.al\/wp-content\/uploads\/2016\/05\/24502.png\"><img loading=\"lazy\" decoding=\"async\" class=\"alignnone wp-image-3691\" src=\"http:\/\/www.abiesse.al\/wp-content\/uploads\/2016\/05\/24502-300x233.png\" alt=\"24502\" width=\"141\" height=\"110\" \/><\/a>\u00a0<a href=\"http:\/\/www.abiesse.al\/wp-content\/uploads\/2016\/05\/24503-1.png\"><img loading=\"lazy\" decoding=\"async\" class=\"alignnone wp-image-3696\" src=\"http:\/\/www.abiesse.al\/wp-content\/uploads\/2016\/05\/24503-1-300x233.png\" alt=\"24503\" width=\"142\" height=\"110\" \/><\/a> <a href=\"http:\/\/www.abiesse.al\/wp-content\/uploads\/2016\/05\/24504-2.png\"><img loading=\"lazy\" decoding=\"async\" class=\"alignnone wp-image-3698\" src=\"http:\/\/www.abiesse.al\/wp-content\/uploads\/2016\/05\/24504-2-300x233.png\" alt=\"24504\" width=\"142\" height=\"110\" \/><\/a>\t\t\t\t\t\t\t\t<\/div>\n\t\t\t\t<\/div>\n\t\t\t\t\t<\/details>\n\t\t\t\t\t<\/div>\n\t\t\t\t\t\t<\/div>\n\t\t\t\t\t<\/div>\n\t\t\t\t<\/div>\n\t\t\t\t<\/div>\n\t\t","protected":false},"excerpt":{"rendered":"<p>Kuti p\u00ebr Inkasim n\u00eb Mur Tulle \u00a0 Kuti p\u00ebr Inkasim n\u00eb Mur Karton Gipsi Kuti p\u00ebr Instalim Jasht\u00eb Murit me<\/p>\n","protected":false},"author":1,"featured_media":0,"parent":56804,"menu_order":0,"comment_status":"closed","ping_status":"closed","template":"elementor_header_footer","meta":{"_acf_changed":false,"footnotes":""},"class_list":["post-57016","page","type-page","status-publish","hentry"],"acf":[],"_links":{"self":[{"href":"https:\/\/tokdev.al\/abiesse\/wp-json\/wp\/v2\/pages\/57016","targetHints":{"allow":["GET"]}}],"collection":[{"href":"https:\/\/tokdev.al\/abiesse\/wp-json\/wp\/v2\/pages"}],"about":[{"href":"https:\/\/tokdev.al\/abiesse\/wp-json\/wp\/v2\/types\/page"}],"author":[{"embeddable":true,"href":"https:\/\/tokdev.al\/abiesse\/wp-json\/wp\/v2\/users\/1"}],"replies":[{"embeddable":true,"href":"https:\/\/tokdev.al\/abiesse\/wp-json\/wp\/v2\/comments?post=57016"}],"version-history":[{"count":7,"href":"https:\/\/tokdev.al\/abiesse\/wp-json\/wp\/v2\/pages\/57016\/revisions"}],"predecessor-version":[{"id":57039,"href":"https:\/\/tokdev.al\/abiesse\/wp-json\/wp\/v2\/pages\/57016\/revisions\/57039"}],"up":[{"embeddable":true,"href":"https:\/\/tokdev.al\/abiesse\/wp-json\/wp\/v2\/pages\/56804"}],"wp:attachment":[{"href":"https:\/\/tokdev.al\/abiesse\/wp-json\/wp\/v2\/media?parent=57016"}],"curies":[{"name":"wp","href":"https:\/\/api.w.org\/{rel}","templated":true}]}}