{"id":57216,"date":"2025-12-17T09:49:22","date_gmt":"2025-12-17T09:49:22","guid":{"rendered":"https:\/\/tokdev.al\/abiesse\/?page_id=57216"},"modified":"2025-12-17T09:57:20","modified_gmt":"2025-12-17T09:57:20","slug":"sistem-alarm-zjarri","status":"publish","type":"page","link":"https:\/\/tokdev.al\/abiesse\/sisteme-sigurie-3\/sistem-alarm-zjarri\/","title":{"rendered":"Sistem Alarm Zjarri"},"content":{"rendered":"\t\t<div data-elementor-type=\"wp-page\" data-elementor-id=\"57216\" class=\"elementor elementor-57216\" data-elementor-post-type=\"page\">\n\t\t\t\t<div class=\"wd-negative-gap elementor-element elementor-element-a3cad76 e-flex e-con-boxed e-con e-parent\" data-id=\"a3cad76\" data-element_type=\"container\" data-e-type=\"container\">\n\t\t\t\t\t<div class=\"e-con-inner\">\n\t\t\t\t<div class=\"elementor-element elementor-element-06be1b3 elementor--h-position-center elementor--v-position-middle elementor-arrows-position-inside elementor-pagination-position-inside elementor-widget elementor-widget-slides\" data-id=\"06be1b3\" data-element_type=\"widget\" data-e-type=\"widget\" data-settings=\"{&quot;navigation&quot;:&quot;both&quot;,&quot;autoplay&quot;:&quot;yes&quot;,&quot;pause_on_hover&quot;:&quot;yes&quot;,&quot;pause_on_interaction&quot;:&quot;yes&quot;,&quot;autoplay_speed&quot;:5000,&quot;infinite&quot;:&quot;yes&quot;,&quot;transition&quot;:&quot;slide&quot;,&quot;transition_speed&quot;:500}\" data-widget_type=\"slides.default\">\n\t\t\t\t\t\t\t\t\t\t<div class=\"elementor-slides-wrapper elementor-main-swiper swiper\" role=\"region\" aria-roledescription=\"carousel\" aria-label=\"Slides\" dir=\"ltr\" data-animation=\"fadeInUp\">\n\t\t\t\t<div class=\"swiper-wrapper elementor-slides\">\n\t\t\t\t\t\t\t\t\t\t<div class=\"elementor-repeater-item-60425c4 swiper-slide\" role=\"group\" aria-roledescription=\"slide\"><div class=\"swiper-slide-bg\" role=\"img\" aria-label=\"1 (2)\"><\/div><div class=\"swiper-slide-inner\" ><div class=\"swiper-slide-contents\"><\/div><\/div><\/div><div class=\"elementor-repeater-item-a19546e swiper-slide\" role=\"group\" aria-roledescription=\"slide\"><div class=\"swiper-slide-bg\" role=\"img\" aria-label=\"2-3\"><\/div><div class=\"swiper-slide-inner\" ><div class=\"swiper-slide-contents\"><\/div><\/div><\/div><div class=\"elementor-repeater-item-4835b8a swiper-slide\" role=\"group\" aria-roledescription=\"slide\"><div class=\"swiper-slide-bg\" role=\"img\" aria-label=\"4 (1)\"><\/div><div class=\"swiper-slide-inner\" ><div class=\"swiper-slide-contents\"><\/div><\/div><\/div>\t\t\t\t<\/div>\n\t\t\t\t\t\t\t\t\t\t\t\t\t\t\t<div class=\"elementor-swiper-button elementor-swiper-button-prev\" role=\"button\" tabindex=\"0\" aria-label=\"Previous slide\">\n\t\t\t\t\t\t\t<svg aria-hidden=\"true\" class=\"e-font-icon-svg e-eicon-chevron-left\" viewBox=\"0 0 1000 1000\" xmlns=\"http:\/\/www.w3.org\/2000\/svg\"><path d=\"M646 125C629 125 613 133 604 142L308 442C296 454 292 471 292 487 292 504 296 521 308 533L604 854C617 867 629 875 646 875 663 875 679 871 692 858 704 846 713 829 713 812 713 796 708 779 692 767L438 487 692 225C700 217 708 204 708 187 708 171 704 154 692 142 675 129 663 125 646 125Z\"><\/path><\/svg>\t\t\t\t\t\t<\/div>\n\t\t\t\t\t\t<div class=\"elementor-swiper-button elementor-swiper-button-next\" role=\"button\" tabindex=\"0\" aria-label=\"Next slide\">\n\t\t\t\t\t\t\t<svg aria-hidden=\"true\" class=\"e-font-icon-svg e-eicon-chevron-right\" viewBox=\"0 0 1000 1000\" xmlns=\"http:\/\/www.w3.org\/2000\/svg\"><path d=\"M696 533C708 521 713 504 713 487 713 471 708 454 696 446L400 146C388 133 375 125 354 125 338 125 325 129 313 142 300 154 292 171 292 187 292 204 296 221 308 233L563 492 304 771C292 783 288 800 288 817 288 833 296 850 308 863 321 871 338 875 354 875 371 875 388 867 400 854L696 533Z\"><\/path><\/svg>\t\t\t\t\t\t<\/div>\n\t\t\t\t\t\t\t\t\t\t\t\t\t\t\t\t<div class=\"swiper-pagination\"><\/div>\n\t\t\t\t\t\t\t\t\t\t\t\t<\/div>\n\t\t\t\t\t\t\t\t<\/div>\n\t\t\t\t\t<\/div>\n\t\t\t\t<\/div>\n\t\t<div class=\"wd-negative-gap elementor-element elementor-element-c6403f1 e-flex e-con-boxed e-con e-parent\" data-id=\"c6403f1\" data-element_type=\"container\" data-e-type=\"container\">\n\t\t\t\t\t<div class=\"e-con-inner\">\n\t\t\t\t<div class=\"elementor-element elementor-element-7555cff color-scheme-inherit text-left elementor-widget elementor-widget-text-editor\" data-id=\"7555cff\" data-element_type=\"widget\" data-e-type=\"widget\" data-widget_type=\"text-editor.default\">\n\t\t\t\t\t\t\t\t\t<p><strong>Sisteme Alarm Zjarri<\/strong><\/p><p style=\"text-align: left;\">Jan\u00eb t\u00eb gjith\u00eb me mikroprocesor me sinjalizim zonash nga 2 deri 16 zona ose me identifikim\u00a0sensori pa limit numri p\u00ebr sistemin. Sensoret mund t\u00eb jen\u00eb tymi, temperature,\u00a0termovelocimetrike, si dhe gazi.\u00a0Sistemet inteligjente me identifikim sensori mund t\u00eb\u00a0monitorohen dhe nga nj\u00eb PC i vendosur pran\u00eb ose n\u00eb rrjet me monitorim n\u00eb distanc\u00eb, p\u00ebr\u00a0objekte me siperfaqe t\u00eb m\u00ebdha n\u00ebp\u00ebrmjet vendosjes s\u00eb sensor\u00ebve n\u00eb planimetrit\u00eb e objektit\u00a0identifikohet sensori q\u00eb ka dh\u00ebn\u00eb alarmin duke ditur dhe pozicionin e tij n\u00eb objekt.\u00a0Sistemi mund\u00a0t\u00eb lidhet dhe t\u00eb komandoj\u00eb dhe sistemin e fikjes s\u00eb zjarrit, kur ky i fundit \u00ebsht\u00eb vendosur.<\/p>\t\t\t\t\t\t\t\t<\/div>\n\t\t\t\t<div class=\"elementor-element elementor-element-b7ef780 elementor-widget elementor-widget-n-accordion\" data-id=\"b7ef780\" data-element_type=\"widget\" data-e-type=\"widget\" data-settings=\"{&quot;max_items_expended&quot;:&quot;multiple&quot;,&quot;default_state&quot;:&quot;expanded&quot;,&quot;n_accordion_animation_duration&quot;:{&quot;unit&quot;:&quot;ms&quot;,&quot;size&quot;:400,&quot;sizes&quot;:[]}}\" data-widget_type=\"nested-accordion.default\">\n\t\t\t\t\t\t\t<div class=\"e-n-accordion\" aria-label=\"Accordion. Open links with Enter or Space, close with Escape, and navigate with Arrow Keys\">\n\t\t\t\t\t\t<details id=\"e-n-accordion-item-1920\" class=\"e-n-accordion-item\" open>\n\t\t\t\t<summary class=\"e-n-accordion-item-title\" data-accordion-index=\"1\" tabindex=\"0\" aria-expanded=\"true\" aria-controls=\"e-n-accordion-item-1920\" >\n\t\t\t\t\t<span class='e-n-accordion-item-title-header'><div class=\"e-n-accordion-item-title-text\"> Sistem Dixhital Sinjalizim Zjarri me Adresim <\/div><\/span>\n\t\t\t\t\t\t\t<span class='e-n-accordion-item-title-icon'>\n\t\t\t<span class='e-opened' ><svg aria-hidden=\"true\" class=\"e-font-icon-svg e-fas-minus\" viewBox=\"0 0 448 512\" xmlns=\"http:\/\/www.w3.org\/2000\/svg\"><path d=\"M416 208H32c-17.67 0-32 14.33-32 32v32c0 17.67 14.33 32 32 32h384c17.67 0 32-14.33 32-32v-32c0-17.67-14.33-32-32-32z\"><\/path><\/svg><\/span>\n\t\t\t<span class='e-closed'><svg aria-hidden=\"true\" class=\"e-font-icon-svg e-fas-plus\" viewBox=\"0 0 448 512\" xmlns=\"http:\/\/www.w3.org\/2000\/svg\"><path d=\"M416 208H272V64c0-17.67-14.33-32-32-32h-32c-17.67 0-32 14.33-32 32v144H32c-17.67 0-32 14.33-32 32v32c0 17.67 14.33 32 32 32h144v144c0 17.67 14.33 32 32 32h32c17.67 0 32-14.33 32-32V304h144c17.67 0 32-14.33 32-32v-32c0-17.67-14.33-32-32-32z\"><\/path><\/svg><\/span>\n\t\t<\/span>\n\n\t\t\t\t\t\t<\/summary>\n\t\t\t\t<div role=\"region\" aria-labelledby=\"e-n-accordion-item-1920\" class=\"elementor-element elementor-element-46d05d0 e-con-full e-flex e-con e-child\" data-id=\"46d05d0\" data-element_type=\"container\" data-e-type=\"container\">\n\t\t\t\t<div class=\"elementor-element elementor-element-79a8ef1 color-scheme-inherit text-left elementor-widget elementor-widget-text-editor\" data-id=\"79a8ef1\" data-element_type=\"widget\" data-e-type=\"widget\" data-widget_type=\"text-editor.default\">\n\t\t\t\t\t\t\t\t\t<p style=\"text-align: left;\"><a href=\"http:\/\/www.abiesse.al\/wp-content\/uploads\/2016\/02\/tabela.png\"><img decoding=\"async\" class=\"alignleft wp-image-1109\" src=\"http:\/\/www.abiesse.al\/wp-content\/uploads\/2016\/02\/sis-panel-1.png\" alt=\"sis-panel-1\" width=\"182\" height=\"185\" \/><\/a><\/p>\n<p style=\"text-align: left;\">Seria e centraleve inteligjente me adresim shkon nga 1 deri n\u00eb 12 unaza. N\u00eb \u00e7do unaz\u00eb mund t\u00eb lidhen deri 128 pajisje. Memorie deri n\u00eb 1000 evente. Funksioni Master\/Slave p\u00ebr t\u00eb lidhur n\u00eb nj\u00eb sistem m\u00eb shum\u00eb se nj\u00eb central. Programimi n\u00ebp\u00ebrmjet tastier\u00ebs PS2 ose kompjuterit. Lidhje n\u00eb rrjet LAN n\u00ebp\u00ebrmjet sked\u00ebs s\u00eb dedikuar. Port\u00eb USB p\u00ebr ngarkimin ose shkarkimin e programimit. Printim n\u00eb nj\u00eb printer me port\u00eb paralele i t\u00eb gjitha eventeve (nevojitet skeda opsionale). Software p\u00ebr menaxhimin e hartave grafike (opsional).<\/p>\t\t\t\t\t\t\t\t<\/div>\n\t\t\t\t<\/div>\n\t\t\t\t\t<\/details>\n\t\t\t\t\t\t<details id=\"e-n-accordion-item-1921\" class=\"e-n-accordion-item\" >\n\t\t\t\t<summary class=\"e-n-accordion-item-title\" data-accordion-index=\"2\" tabindex=\"-1\" aria-expanded=\"false\" aria-controls=\"e-n-accordion-item-1921\" >\n\t\t\t\t\t<span class='e-n-accordion-item-title-header'><div class=\"e-n-accordion-item-title-text\"> Aksesore per Sistemin Dixhital Sinjalizim Zjarri me Adresim <\/div><\/span>\n\t\t\t\t\t\t\t<span class='e-n-accordion-item-title-icon'>\n\t\t\t<span class='e-opened' ><svg aria-hidden=\"true\" class=\"e-font-icon-svg e-fas-minus\" viewBox=\"0 0 448 512\" xmlns=\"http:\/\/www.w3.org\/2000\/svg\"><path d=\"M416 208H32c-17.67 0-32 14.33-32 32v32c0 17.67 14.33 32 32 32h384c17.67 0 32-14.33 32-32v-32c0-17.67-14.33-32-32-32z\"><\/path><\/svg><\/span>\n\t\t\t<span class='e-closed'><svg aria-hidden=\"true\" class=\"e-font-icon-svg e-fas-plus\" viewBox=\"0 0 448 512\" xmlns=\"http:\/\/www.w3.org\/2000\/svg\"><path d=\"M416 208H272V64c0-17.67-14.33-32-32-32h-32c-17.67 0-32 14.33-32 32v144H32c-17.67 0-32 14.33-32 32v32c0 17.67 14.33 32 32 32h144v144c0 17.67 14.33 32 32 32h32c17.67 0 32-14.33 32-32V304h144c17.67 0 32-14.33 32-32v-32c0-17.67-14.33-32-32-32z\"><\/path><\/svg><\/span>\n\t\t<\/span>\n\n\t\t\t\t\t\t<\/summary>\n\t\t\t\t<div role=\"region\" aria-labelledby=\"e-n-accordion-item-1921\" class=\"elementor-element elementor-element-e04be7b e-con-full e-flex e-con e-child\" data-id=\"e04be7b\" data-element_type=\"container\" data-e-type=\"container\">\n\t\t\t\t<div class=\"elementor-element elementor-element-438459b color-scheme-inherit text-left elementor-widget elementor-widget-text-editor\" data-id=\"438459b\" data-element_type=\"widget\" data-e-type=\"widget\" data-widget_type=\"text-editor.default\">\n\t\t\t\t\t\t\t\t\t<a href=\"http:\/\/www.abiesse.al\/wp-content\/uploads\/2016\/02\/centrali-dixhital-550-560-570-2-1.png\"><img decoding=\"async\" class=\"alignnone wp-image-2424\" src=\"http:\/\/www.abiesse.al\/wp-content\/uploads\/2016\/02\/centrali-dixhital-550-560-570-3-300x208.png\" alt=\"centrali-dixhital-550-560-570\" width=\"145\" height=\"100\" \/><\/a>\u00a0<a href=\"http:\/\/www.abiesse.al\/wp-content\/uploads\/2016\/02\/1043-531-2.png\"><img decoding=\"async\" class=\"alignnone wp-image-2426\" src=\"http:\/\/www.abiesse.al\/wp-content\/uploads\/2016\/02\/1043-531-300x208.png\" alt=\"1043-531\" width=\"141\" height=\"100\" \/><\/a>\u00a0<a href=\"http:\/\/www.abiesse.al\/wp-content\/uploads\/2016\/02\/1043-532-2-1.png\"><img loading=\"lazy\" decoding=\"async\" class=\"alignnone wp-image-2428\" src=\"http:\/\/www.abiesse.al\/wp-content\/uploads\/2016\/02\/1043-532-1-300x208.png\" alt=\"1043-532\" width=\"144\" height=\"100\" \/><\/a>\u00a0<a href=\"http:\/\/www.abiesse.al\/wp-content\/uploads\/2016\/02\/1043-533-2.png\"><img loading=\"lazy\" decoding=\"async\" class=\"alignnone wp-image-2430\" src=\"http:\/\/www.abiesse.al\/wp-content\/uploads\/2016\/02\/1043-533-300x208.png\" alt=\"1043-533\" width=\"145\" height=\"100\" \/><\/a>\u00a0<a href=\"http:\/\/www.abiesse.al\/wp-content\/uploads\/2016\/02\/1043-5342.png\"><img loading=\"lazy\" decoding=\"async\" class=\"alignnone wp-image-2434\" src=\"http:\/\/www.abiesse.al\/wp-content\/uploads\/2016\/02\/11043-534-300x208.png\" alt=\"11043-534\" width=\"144\" height=\"100\" \/><\/a>\u00a0<a href=\"http:\/\/www.abiesse.al\/wp-content\/uploads\/2016\/02\/1043-5362.png\"><img loading=\"lazy\" decoding=\"async\" class=\"alignnone wp-image-2443\" src=\"http:\/\/www.abiesse.al\/wp-content\/uploads\/2016\/02\/1043-536-300x208.png\" alt=\"1043-536\" width=\"144\" height=\"100\" \/><\/a> <a href=\"http:\/\/www.abiesse.al\/wp-content\/uploads\/2016\/02\/1043-5372.png\"><img loading=\"lazy\" decoding=\"async\" class=\"alignnone wp-image-2445\" src=\"http:\/\/www.abiesse.al\/wp-content\/uploads\/2016\/02\/1043-537-300x208.png\" alt=\"1043-537\" width=\"144\" height=\"100\" \/><\/a> <a href=\"http:\/\/www.abiesse.al\/wp-content\/uploads\/2016\/02\/1043-538-2.png\"><img loading=\"lazy\" decoding=\"async\" class=\"alignnone wp-image-2446\" src=\"http:\/\/www.abiesse.al\/wp-content\/uploads\/2016\/02\/1043-538-300x208.png\" alt=\"1043-538\" width=\"144\" height=\"100\" \/><\/a> <a href=\"http:\/\/www.abiesse.al\/wp-content\/uploads\/2016\/02\/1043-541-2.png\"><img loading=\"lazy\" decoding=\"async\" class=\"alignnone wp-image-2448\" src=\"http:\/\/www.abiesse.al\/wp-content\/uploads\/2016\/02\/1043-541-300x208.png\" alt=\"1043-541\" width=\"144\" height=\"100\" \/><\/a> <a href=\"http:\/\/www.abiesse.al\/wp-content\/uploads\/2016\/02\/1043-547-2.png\"><img loading=\"lazy\" decoding=\"async\" class=\"alignnone wp-image-2450\" src=\"http:\/\/www.abiesse.al\/wp-content\/uploads\/2016\/02\/1043-547-300x208.png\" alt=\"1043-547\" width=\"144\" height=\"100\" \/><\/a>\u00a0<a href=\"http:\/\/www.abiesse.al\/wp-content\/uploads\/2016\/02\/1043-501-2.png\"><img loading=\"lazy\" decoding=\"async\" class=\"alignnone wp-image-2453\" src=\"http:\/\/www.abiesse.al\/wp-content\/uploads\/2016\/02\/1043-501-300x208.png\" alt=\"1043-501\" width=\"144\" height=\"100\" \/><\/a> <a href=\"http:\/\/www.abiesse.al\/wp-content\/uploads\/2016\/02\/1043-502-2.png\"><img loading=\"lazy\" decoding=\"async\" class=\"alignnone wp-image-2455\" src=\"http:\/\/www.abiesse.al\/wp-content\/uploads\/2016\/02\/1043-502-300x208.png\" alt=\"1043-502\" width=\"144\" height=\"100\" \/><\/a> <a href=\"http:\/\/www.abiesse.al\/wp-content\/uploads\/2016\/02\/1043-503-2.png\"><img loading=\"lazy\" decoding=\"async\" class=\"alignnone wp-image-2457\" src=\"http:\/\/www.abiesse.al\/wp-content\/uploads\/2016\/02\/1043-503-300x208.png\" alt=\"1043-503\" width=\"144\" height=\"100\" \/><\/a> <a href=\"http:\/\/www.abiesse.al\/wp-content\/uploads\/2016\/02\/1043-504-2.png\"><img loading=\"lazy\" decoding=\"async\" class=\"alignnone wp-image-2460\" src=\"http:\/\/www.abiesse.al\/wp-content\/uploads\/2016\/02\/1043-504-300x208.png\" alt=\"1043-504\" width=\"144\" height=\"100\" \/><\/a>\t\t\t\t\t\t\t\t<\/div>\n\t\t\t\t<\/div>\n\t\t\t\t\t<\/details>\n\t\t\t\t\t\t<details id=\"e-n-accordion-item-1922\" class=\"e-n-accordion-item\" >\n\t\t\t\t<summary class=\"e-n-accordion-item-title\" data-accordion-index=\"3\" tabindex=\"-1\" aria-expanded=\"false\" aria-controls=\"e-n-accordion-item-1922\" >\n\t\t\t\t\t<span class='e-n-accordion-item-title-header'><div class=\"e-n-accordion-item-title-text\"> Sistem Tradicional Sinjalizim Zjarri <\/div><\/span>\n\t\t\t\t\t\t\t<span class='e-n-accordion-item-title-icon'>\n\t\t\t<span class='e-opened' ><svg aria-hidden=\"true\" class=\"e-font-icon-svg e-fas-minus\" viewBox=\"0 0 448 512\" xmlns=\"http:\/\/www.w3.org\/2000\/svg\"><path d=\"M416 208H32c-17.67 0-32 14.33-32 32v32c0 17.67 14.33 32 32 32h384c17.67 0 32-14.33 32-32v-32c0-17.67-14.33-32-32-32z\"><\/path><\/svg><\/span>\n\t\t\t<span class='e-closed'><svg aria-hidden=\"true\" class=\"e-font-icon-svg e-fas-plus\" viewBox=\"0 0 448 512\" xmlns=\"http:\/\/www.w3.org\/2000\/svg\"><path d=\"M416 208H272V64c0-17.67-14.33-32-32-32h-32c-17.67 0-32 14.33-32 32v144H32c-17.67 0-32 14.33-32 32v32c0 17.67 14.33 32 32 32h144v144c0 17.67 14.33 32 32 32h32c17.67 0 32-14.33 32-32V304h144c17.67 0 32-14.33 32-32v-32c0-17.67-14.33-32-32-32z\"><\/path><\/svg><\/span>\n\t\t<\/span>\n\n\t\t\t\t\t\t<\/summary>\n\t\t\t\t<div role=\"region\" aria-labelledby=\"e-n-accordion-item-1922\" class=\"elementor-element elementor-element-9a5f4c7 e-con-full e-flex e-con e-child\" data-id=\"9a5f4c7\" data-element_type=\"container\" data-e-type=\"container\">\n\t\t\t\t<div class=\"elementor-element elementor-element-2e5a6de color-scheme-inherit text-left elementor-widget elementor-widget-text-editor\" data-id=\"2e5a6de\" data-element_type=\"widget\" data-e-type=\"widget\" data-widget_type=\"text-editor.default\">\n\t\t\t\t\t\t\t\t\t<a href=\"http:\/\/www.abiesse.al\/wp-content\/uploads\/2016\/02\/tabela-1.png\"><img loading=\"lazy\" decoding=\"async\" class=\"alignleft wp-image-1153\" src=\"http:\/\/www.abiesse.al\/wp-content\/uploads\/2016\/02\/zjarrii-300x276.png\" alt=\"zjarrii\" width=\"176\" height=\"162\" \/><\/a>Seria e centraleve tradicionale me mikroprocesor t\u00eb sinjalizimit t\u00eb zjarrit shkon nga 2 deri n\u00eb 20 zona. P\u00ebr \u00e7do zon\u00eb mund t\u00eb lidhen deri n\u00eb 32 pajisje, deri n\u00eb nj\u00eb maksimum prej 512 pajisjesh. \u00c7do zon\u00eb mund t\u00eb programohet n\u00eb m\u00ebnyr\u00eb t\u00eb pavarur, q\u00eb t\u00eb sinjalizoj\u00eb vet\u00ebm me nj\u00eb sensor n\u00eb alarm, ose me t\u00eb pakt\u00ebn dy sensor\u00eb n\u00eb alarm. Centrali ka memorie p\u00eb regjistrimin e eventeve. Te gjitha eventet mund t\u00eb kontrollohen n\u00eb central ose t\u00eb printohen n\u00eb nj\u00eb printer me port\u00eb paralele (nevojitet skeda opsionale). Modeli 1043\/428 ka ekran me 4&#215;40 karaktere, regjistron deri n\u00eb 1000 evente dhe mund t\u00eb lidhet \u00a0t\u00eb lidhet me nj\u00eb tastier\u00eb PS2 p\u00ebr t\u00eb leht\u00ebsuar programimin.\n\n&nbsp;\n\n&nbsp;\n\n&nbsp;\t\t\t\t\t\t\t\t<\/div>\n\t\t\t\t<\/div>\n\t\t\t\t\t<\/details>\n\t\t\t\t\t<\/div>\n\t\t\t\t\t\t<\/div>\n\t\t\t\t\t<\/div>\n\t\t\t\t<\/div>\n\t\t\t\t<\/div>\n\t\t","protected":false},"excerpt":{"rendered":"<p>Sisteme Alarm Zjarri Jan\u00eb t\u00eb gjith\u00eb me mikroprocesor me sinjalizim zonash nga 2 deri 16 zona ose me identifikim\u00a0sensori pa<\/p>\n","protected":false},"author":1,"featured_media":0,"parent":56812,"menu_order":0,"comment_status":"closed","ping_status":"closed","template":"elementor_header_footer","meta":{"_acf_changed":false,"footnotes":""},"class_list":["post-57216","page","type-page","status-publish","hentry"],"acf":[],"_links":{"self":[{"href":"https:\/\/tokdev.al\/abiesse\/wp-json\/wp\/v2\/pages\/57216","targetHints":{"allow":["GET"]}}],"collection":[{"href":"https:\/\/tokdev.al\/abiesse\/wp-json\/wp\/v2\/pages"}],"about":[{"href":"https:\/\/tokdev.al\/abiesse\/wp-json\/wp\/v2\/types\/page"}],"author":[{"embeddable":true,"href":"https:\/\/tokdev.al\/abiesse\/wp-json\/wp\/v2\/users\/1"}],"replies":[{"embeddable":true,"href":"https:\/\/tokdev.al\/abiesse\/wp-json\/wp\/v2\/comments?post=57216"}],"version-history":[{"count":4,"href":"https:\/\/tokdev.al\/abiesse\/wp-json\/wp\/v2\/pages\/57216\/revisions"}],"predecessor-version":[{"id":57232,"href":"https:\/\/tokdev.al\/abiesse\/wp-json\/wp\/v2\/pages\/57216\/revisions\/57232"}],"up":[{"embeddable":true,"href":"https:\/\/tokdev.al\/abiesse\/wp-json\/wp\/v2\/pages\/56812"}],"wp:attachment":[{"href":"https:\/\/tokdev.al\/abiesse\/wp-json\/wp\/v2\/media?parent=57216"}],"curies":[{"name":"wp","href":"https:\/\/api.w.org\/{rel}","templated":true}]}}