{"id":57656,"date":"2025-12-18T15:35:47","date_gmt":"2025-12-18T15:35:47","guid":{"rendered":"https:\/\/tokdev.al\/abiesse\/?page_id=57656"},"modified":"2026-01-07T16:44:44","modified_gmt":"2026-01-07T16:44:44","slug":"studio-luce","status":"publish","type":"page","link":"https:\/\/tokdev.al\/abiesse\/studio-luce\/","title":{"rendered":"Studio Luce"},"content":{"rendered":"\t\t<div data-elementor-type=\"wp-page\" data-elementor-id=\"57656\" class=\"elementor elementor-57656\" data-elementor-post-type=\"page\">\n\t\t\t\t<div class=\"wd-negative-gap elementor-element elementor-element-cb6f44e e-flex e-con-boxed e-con e-parent\" data-id=\"cb6f44e\" data-element_type=\"container\" data-e-type=\"container\">\n\t\t\t\t\t<div class=\"e-con-inner\">\n\t\t\t\t<div class=\"elementor-element elementor-element-1f2d2ae elementor-arrows-position-inside elementor-widget elementor-widget-n-carousel\" data-id=\"1f2d2ae\" data-element_type=\"widget\" data-e-type=\"widget\" data-settings=\"{&quot;carousel_items&quot;:[{&quot;slide_title&quot;:&quot;Slide #1&quot;,&quot;_id&quot;:&quot;98f5062&quot;},{&quot;slide_title&quot;:&quot;Slide #1&quot;,&quot;_id&quot;:&quot;a04b6b0&quot;}],&quot;slides_to_show&quot;:&quot;1&quot;,&quot;slides_to_show_tablet&quot;:&quot;1&quot;,&quot;slides_to_scroll&quot;:&quot;1&quot;,&quot;slides_to_scroll_mobile&quot;:&quot;1&quot;,&quot;image_spacing_custom_mobile&quot;:{&quot;unit&quot;:&quot;px&quot;,&quot;size&quot;:10,&quot;sizes&quot;:[]},&quot;slides_to_show_mobile&quot;:&quot;1&quot;,&quot;autoplay&quot;:&quot;yes&quot;,&quot;autoplay_speed&quot;:5000,&quot;pause_on_hover&quot;:&quot;yes&quot;,&quot;pause_on_interaction&quot;:&quot;yes&quot;,&quot;infinite&quot;:&quot;yes&quot;,&quot;speed&quot;:500,&quot;offset_sides&quot;:&quot;none&quot;,&quot;arrows&quot;:&quot;yes&quot;,&quot;image_spacing_custom&quot;:{&quot;unit&quot;:&quot;px&quot;,&quot;size&quot;:10,&quot;sizes&quot;:[]},&quot;image_spacing_custom_tablet&quot;:{&quot;unit&quot;:&quot;px&quot;,&quot;size&quot;:&quot;&quot;,&quot;sizes&quot;:[]}}\" data-widget_type=\"nested-carousel.default\">\n\t\t\t\t\t\t\t<div class=\"e-n-carousel swiper\" role=\"region\" aria-roledescription=\"carousel\" aria-label=\"Carousel\" dir=\"ltr\">\n\t\t\t<div class=\"swiper-wrapper\" aria-live=\"off\">\n\t\t\t\t\t\t\t\t\t\t<div class=\"swiper-slide\" data-slide=\"1\" role=\"group\" aria-roledescription=\"slide\" aria-label=\"1 of 2\">\n\t\t\t\t\t\t\t<div class=\"wd-negative-gap elementor-element elementor-element-0e56f92 e-flex e-con-boxed e-con e-child\" data-id=\"0e56f92\" data-element_type=\"container\" data-e-type=\"container\">\n\t\t\t\t\t<div class=\"e-con-inner\">\n\t\t<div class=\"elementor-element elementor-element-f1f2951 e-con-full e-flex e-con e-child\" data-id=\"f1f2951\" data-element_type=\"container\" data-e-type=\"container\" data-settings=\"{&quot;background_background&quot;:&quot;classic&quot;}\">\n\t\t\t\t<div class=\"elementor-element elementor-element-4115878 elementor-widget elementor-widget-heading\" data-id=\"4115878\" data-element_type=\"widget\" data-e-type=\"widget\" data-widget_type=\"heading.default\">\n\t\t\t\t\t<h2 class=\"elementor-heading-title elementor-size-default\">STUDIO LUCE by ABIESSE<\/h2>\t\t\t\t<\/div>\n\t\t\t\t<div class=\"elementor-element elementor-element-e2d0b82 elementor-widget elementor-widget-heading\" data-id=\"e2d0b82\" data-element_type=\"widget\" data-e-type=\"widget\" data-widget_type=\"heading.default\">\n\t\t\t\t\t<h2 class=\"elementor-heading-title elementor-size-default\">Hap\u00ebsira ku drita b\u00ebhet art<\/h2>\t\t\t\t<\/div>\n\t\t\t\t<\/div>\n\t\t\t\t\t<\/div>\n\t\t\t\t<\/div>\n\t\t\t\t\t\t\t\t<\/div>\n\t\t\t\t\t\t\t\t\t\t\t<div class=\"swiper-slide\" data-slide=\"2\" role=\"group\" aria-roledescription=\"slide\" aria-label=\"2 of 2\">\n\t\t\t\t\t\t\t<div class=\"wd-negative-gap elementor-element elementor-element-66524a2 e-flex e-con-boxed e-con e-child\" data-id=\"66524a2\" data-element_type=\"container\" data-e-type=\"container\">\n\t\t\t\t\t<div class=\"e-con-inner\">\n\t\t<div class=\"elementor-element elementor-element-7a51b79 e-con-full e-flex e-con e-child\" data-id=\"7a51b79\" data-element_type=\"container\" data-e-type=\"container\" data-settings=\"{&quot;background_background&quot;:&quot;classic&quot;}\">\n\t\t\t\t<div class=\"elementor-element elementor-element-04d5d03 elementor-widget elementor-widget-heading\" data-id=\"04d5d03\" data-element_type=\"widget\" data-e-type=\"widget\" data-widget_type=\"heading.default\">\n\t\t\t\t\t<h2 class=\"elementor-heading-title elementor-size-default\">STUDIO LUCE by A BIESSE<\/h2>\t\t\t\t<\/div>\n\t\t\t\t<div class=\"elementor-element elementor-element-21660ab elementor-widget elementor-widget-heading\" data-id=\"21660ab\" data-element_type=\"widget\" data-e-type=\"widget\" data-widget_type=\"heading.default\">\n\t\t\t\t\t<h2 class=\"elementor-heading-title elementor-size-default\">Hap\u00ebsira ku drita b\u00ebhet art<\/h2>\t\t\t\t<\/div>\n\t\t\t\t<\/div>\n\t\t\t\t\t<\/div>\n\t\t\t\t<\/div>\n\t\t\t\t\t\t\t\t<\/div>\n\t\t\t\t\t\t\t\t<\/div>\n\t\t<\/div>\n\t\t\t\t\t<div class=\"elementor-swiper-button elementor-swiper-button-prev\" role=\"button\" tabindex=\"0\" aria-label=\"Previous\">\n\t\t\t\t<svg aria-hidden=\"true\" class=\"e-font-icon-svg e-eicon-chevron-left\" viewBox=\"0 0 1000 1000\" xmlns=\"http:\/\/www.w3.org\/2000\/svg\"><path d=\"M646 125C629 125 613 133 604 142L308 442C296 454 292 471 292 487 292 504 296 521 308 533L604 854C617 867 629 875 646 875 663 875 679 871 692 858 704 846 713 829 713 812 713 796 708 779 692 767L438 487 692 225C700 217 708 204 708 187 708 171 704 154 692 142 675 129 663 125 646 125Z\"><\/path><\/svg>\t\t\t<\/div>\n\t\t\t<div class=\"elementor-swiper-button elementor-swiper-button-next\" role=\"button\" tabindex=\"0\" aria-label=\"Next\">\n\t\t\t\t<svg aria-hidden=\"true\" class=\"e-font-icon-svg e-eicon-chevron-right\" viewBox=\"0 0 1000 1000\" xmlns=\"http:\/\/www.w3.org\/2000\/svg\"><path d=\"M696 533C708 521 713 504 713 487 713 471 708 454 696 446L400 146C388 133 375 125 354 125 338 125 325 129 313 142 300 154 292 171 292 187 292 204 296 221 308 233L563 492 304 771C292 783 288 800 288 817 288 833 296 850 308 863 321 871 338 875 354 875 371 875 388 867 400 854L696 533Z\"><\/path><\/svg>\t\t\t<\/div>\n\t\t\t\t\t\t<\/div>\n\t\t\t\t\t<\/div>\n\t\t\t\t<\/div>\n\t\t<div class=\"wd-negative-gap elementor-element elementor-element-baf0cfa e-flex e-con-boxed e-con e-parent\" data-id=\"baf0cfa\" data-element_type=\"container\" data-e-type=\"container\">\n\t\t\t\t\t<div class=\"e-con-inner\">\n\t\t<div class=\"elementor-element elementor-element-ee17c6c e-con-full e-flex e-con e-child\" data-id=\"ee17c6c\" data-element_type=\"container\" data-e-type=\"container\">\n\t\t\t\t<div class=\"elementor-element elementor-element-1b5a46c color-scheme-inherit text-left elementor-widget elementor-widget-text-editor\" data-id=\"1b5a46c\" data-element_type=\"widget\" data-e-type=\"widget\" data-widget_type=\"text-editor.default\">\n\t\t\t\t\t\t\t\t\t<p><strong>Studio Luce by ABIESSE<\/strong> \u00ebsht\u00eb nj\u00eb hap\u00ebsir\u00eb e dedikuar drit\u00ebs artificiale. Me nj\u00eb eksperienc\u00eb prej dy dekadash, ajo ofron konsulenc\u00eb p\u00ebr \u00e7do projekt ndri\u00e7imi, si dhe akses n\u00eb koleksionet e ndri\u00e7uesve teknik\u00eb dhe dekorativ\u00eb nga nd\u00ebrmarrjet m\u00eb n\u00eb z\u00eb.<\/p><p>E konceptuar si nj\u00eb galeri, me linja minimaliste dhe t\u00eb zhveshura nga ngjyrat, secili ndri\u00e7ues p\u00ebrb\u00ebn nj\u00eb vep\u00ebr arti, duke ofruar nj\u00eb eksperienc\u00eb unike.<\/p>\t\t\t\t\t\t\t\t<\/div>\n\t\t\t\t<\/div>\n\t\t<div class=\"elementor-element elementor-element-22fd14e e-con-full e-flex e-con e-child\" data-id=\"22fd14e\" data-element_type=\"container\" data-e-type=\"container\" data-settings=\"{&quot;background_background&quot;:&quot;classic&quot;}\">\n\t\t\t\t<\/div>\n\t\t\t\t\t<\/div>\n\t\t\t\t<\/div>\n\t\t<div class=\"wd-negative-gap elementor-element elementor-element-45c076d e-flex e-con-boxed e-con e-parent\" data-id=\"45c076d\" data-element_type=\"container\" data-e-type=\"container\">\n\t\t\t\t\t<div class=\"e-con-inner\">\n\t\t<div class=\"elementor-element elementor-element-5ae2f6e e-con-full e-flex e-con e-child\" data-id=\"5ae2f6e\" data-element_type=\"container\" data-e-type=\"container\" data-settings=\"{&quot;background_background&quot;:&quot;classic&quot;}\">\n\t\t\t\t<\/div>\n\t\t<div class=\"elementor-element elementor-element-080f366 e-con-full e-flex e-con e-child\" data-id=\"080f366\" data-element_type=\"container\" data-e-type=\"container\">\n\t\t\t\t<div class=\"elementor-element elementor-element-15951aa elementor-widget__width-initial color-scheme-inherit text-left elementor-widget elementor-widget-text-editor\" data-id=\"15951aa\" data-element_type=\"widget\" data-e-type=\"widget\" data-widget_type=\"text-editor.default\">\n\t\t\t\t\t\t\t\t\t<p>N\u00eb hap\u00ebsir\u00ebn e <strong>STUDIO LUCE<\/strong> do t\u00eb gjeni nj\u00eb vep\u00ebr t\u00eb v\u00ebrtet\u00eb arti, e cila b\u00ebhet pjes\u00eb integrale e hap\u00ebsir\u00ebs ku merr jet\u00eb.<\/p>\t\t\t\t\t\t\t\t<\/div>\n\t\t\t\t<\/div>\n\t\t\t\t\t<\/div>\n\t\t\t\t<\/div>\n\t\t<div class=\"wd-negative-gap elementor-element elementor-element-270d591 e-flex e-con-boxed e-con e-parent\" data-id=\"270d591\" data-element_type=\"container\" data-e-type=\"container\">\n\t\t\t\t\t<div class=\"e-con-inner\">\n\t\t<div class=\"elementor-element elementor-element-bae1b3b e-con-full e-flex e-con e-child\" data-id=\"bae1b3b\" data-element_type=\"container\" data-e-type=\"container\">\n\t\t\t\t<div class=\"elementor-element elementor-element-8c41a02 elementor-widget__width-initial color-scheme-inherit text-left elementor-widget elementor-widget-text-editor\" data-id=\"8c41a02\" data-element_type=\"widget\" data-e-type=\"widget\" data-widget_type=\"text-editor.default\">\n\t\t\t\t\t\t\t\t\t<p><strong>STUDIO LUCE by ABIESSE<\/strong>, koncepti m\u00eb i ri i ndri\u00e7imit n\u00eb nj\u00eb showroom fantastik, mir\u00ebpret arkitekt\u00eb, interior designers, dizajner\u00eb dhe t\u00eb apasionuar pas dizajnit bashk\u00ebkohor, p\u00ebr t\u2019i frym\u00ebzuar dhe p\u00ebr t\u2019u b\u00ebr\u00eb shpirt i \u00e7do projekti t\u00eb \u00e7do dimensioni.<\/p>\t\t\t\t\t\t\t\t<\/div>\n\t\t\t\t<\/div>\n\t\t<div class=\"elementor-element elementor-element-0917c87 e-con-full e-flex e-con e-child\" data-id=\"0917c87\" data-element_type=\"container\" data-e-type=\"container\" data-settings=\"{&quot;background_background&quot;:&quot;classic&quot;}\">\n\t\t\t\t<\/div>\n\t\t\t\t\t<\/div>\n\t\t\t\t<\/div>\n\t\t\t\t<\/div>\n\t\t","protected":false},"excerpt":{"rendered":"<p>STUDIO LUCE by ABIESSE Hap\u00ebsira ku drita b\u00ebhet art STUDIO LUCE by A BIESSE Hap\u00ebsira ku drita b\u00ebhet art STUDIO<\/p>\n","protected":false},"author":1,"featured_media":0,"parent":0,"menu_order":0,"comment_status":"closed","ping_status":"closed","template":"elementor_header_footer","meta":{"_acf_changed":false,"footnotes":""},"class_list":["post-57656","page","type-page","status-publish","hentry"],"acf":[],"_links":{"self":[{"href":"https:\/\/tokdev.al\/abiesse\/wp-json\/wp\/v2\/pages\/57656","targetHints":{"allow":["GET"]}}],"collection":[{"href":"https:\/\/tokdev.al\/abiesse\/wp-json\/wp\/v2\/pages"}],"about":[{"href":"https:\/\/tokdev.al\/abiesse\/wp-json\/wp\/v2\/types\/page"}],"author":[{"embeddable":true,"href":"https:\/\/tokdev.al\/abiesse\/wp-json\/wp\/v2\/users\/1"}],"replies":[{"embeddable":true,"href":"https:\/\/tokdev.al\/abiesse\/wp-json\/wp\/v2\/comments?post=57656"}],"version-history":[{"count":100,"href":"https:\/\/tokdev.al\/abiesse\/wp-json\/wp\/v2\/pages\/57656\/revisions"}],"predecessor-version":[{"id":58301,"href":"https:\/\/tokdev.al\/abiesse\/wp-json\/wp\/v2\/pages\/57656\/revisions\/58301"}],"wp:attachment":[{"href":"https:\/\/tokdev.al\/abiesse\/wp-json\/wp\/v2\/media?parent=57656"}],"curies":[{"name":"wp","href":"https:\/\/api.w.org\/{rel}","templated":true}]}}