{"id":6047,"date":"2025-10-21T15:03:22","date_gmt":"2025-10-21T15:03:22","guid":{"rendered":"https:\/\/tokdev.al\/spring-pharma\/?post_type=product&#038;p=6047"},"modified":"2025-10-22T10:47:19","modified_gmt":"2025-10-22T10:47:19","slug":"biopress","status":"publish","type":"product","link":"https:\/\/tokdev.al\/spring-pharma\/product\/biopress\/","title":{"rendered":"Biopress"},"content":{"rendered":"<p>Vetit\u00eb e tij anti-inflamatore, antioksidante, vazodilatuese, s\u00eb bashku me aft\u00ebsin\u00eb e tij p\u00ebr t\u00eb stabilizuar ekuilibrin neurovegjetativ, \u00e7ojn\u00eb n\u00eb p\u00ebrfitime specifike p\u00ebr sistemin kardiovaskular.<br \/>\nBIOPRESS indikohet n\u00eb sindromat neuro-distonike, takiaritmit\u00eb e lidhura me sistemin endokrin, rregullimin e dinamik\u00ebs s\u00eb inflamacionit si dhe qarkullimin e gjakut duke p\u00ebrmir\u00ebsuar funksionin kardiovaskular.<br \/>\nP\u00ebr m\u00eb tep\u00ebr, p\u00ebr shkak t\u00eb sinergjis\u00eb, t\u00ebr\u00ebsis\u00eb dhe veprimeve plot\u00ebsuese t\u00eb p\u00ebrb\u00ebr\u00ebsve t\u00eb tij, BIOPRESS ndihmon n\u00eb ruajtjen e niveleve normale t\u00eb presionit t\u00eb gjakut dhe redukton nivelet e rritura t\u00eb homocistein\u00ebs plazmatike.<\/p>\n","protected":false},"excerpt":{"rendered":"<p>Vetit\u00eb e tij anti-inflamatore, antioksidante, vazodilatuese, s\u00eb bashku me aft\u00ebsin\u00eb e tij p\u00ebr t\u00eb stabilizuar ekuilibrin neurovegjetativ, \u00e7ojn\u00eb n\u00eb p\u00ebrfitime specifike p\u00ebr sistemin kardiovaskular. BIOPRESS indikohet n\u00eb sindromat neuro-distonike, takiaritmit\u00eb e lidhura me sistemin endokrin, rregullimin e dinamik\u00ebs s\u00eb inflamacionit si dhe qarkullimin e gjakut duke p\u00ebrmir\u00ebsuar funksionin kardiovaskular. P\u00ebr m\u00eb tep\u00ebr, p\u00ebr shkak t\u00eb [&hellip;]<\/p>\n","protected":false},"featured_media":6352,"comment_status":"closed","ping_status":"closed","template":"","meta":{"_acf_changed":false},"product_brand":[],"product_cat":[215],"product_tag":[145,146,142,141,144,130,143],"class_list":{"0":"post-6047","1":"product","2":"type-product","3":"status-publish","4":"has-post-thumbnail","6":"product_cat-metabolizem","7":"product_tag-arterioskeroze","8":"product_tag-ateroskleroze","9":"product_tag-hipertension","10":"product_tag-hypertension","11":"product_tag-kardiologji","12":"product_tag-semundje-zemre","13":"product_tag-takikardi","15":"first","16":"instock","17":"shipping-taxable","18":"purchasable","19":"product-type-simple"},"acf":[],"_links":{"self":[{"href":"https:\/\/tokdev.al\/spring-pharma\/wp-json\/wp\/v2\/product\/6047","targetHints":{"allow":["GET"]}}],"collection":[{"href":"https:\/\/tokdev.al\/spring-pharma\/wp-json\/wp\/v2\/product"}],"about":[{"href":"https:\/\/tokdev.al\/spring-pharma\/wp-json\/wp\/v2\/types\/product"}],"replies":[{"embeddable":true,"href":"https:\/\/tokdev.al\/spring-pharma\/wp-json\/wp\/v2\/comments?post=6047"}],"version-history":[{"count":4,"href":"https:\/\/tokdev.al\/spring-pharma\/wp-json\/wp\/v2\/product\/6047\/revisions"}],"predecessor-version":[{"id":6055,"href":"https:\/\/tokdev.al\/spring-pharma\/wp-json\/wp\/v2\/product\/6047\/revisions\/6055"}],"wp:featuredmedia":[{"embeddable":true,"href":"https:\/\/tokdev.al\/spring-pharma\/wp-json\/wp\/v2\/media\/6352"}],"wp:attachment":[{"href":"https:\/\/tokdev.al\/spring-pharma\/wp-json\/wp\/v2\/media?parent=6047"}],"wp:term":[{"taxonomy":"product_brand","embeddable":true,"href":"https:\/\/tokdev.al\/spring-pharma\/wp-json\/wp\/v2\/product_brand?post=6047"},{"taxonomy":"product_cat","embeddable":true,"href":"https:\/\/tokdev.al\/spring-pharma\/wp-json\/wp\/v2\/product_cat?post=6047"},{"taxonomy":"product_tag","embeddable":true,"href":"https:\/\/tokdev.al\/spring-pharma\/wp-json\/wp\/v2\/product_tag?post=6047"}],"curies":[{"name":"wp","href":"https:\/\/api.w.org\/{rel}","templated":true}]}}