{"id":6082,"date":"2025-09-25T07:43:20","date_gmt":"2025-09-25T07:43:20","guid":{"rendered":"https:\/\/tokdev.al\/spring-pharma\/?post_type=product&#038;p=6082"},"modified":"2025-10-22T10:43:39","modified_gmt":"2025-10-22T10:43:39","slug":"intestivis","status":"publish","type":"product","link":"https:\/\/tokdev.al\/spring-pharma\/product\/intestivis\/","title":{"rendered":"Intestivis"},"content":{"rendered":"<p><strong>INTESTIVIS<\/strong> \u00ebsht\u00eb nj\u00eb suplement ushqimor me baz\u00eb vajin esencial t\u00eb Pimpinella anisum , kopr\u00ebs dhe kamomilit t\u00eb cilat ndihmojn\u00eb p\u00ebr t\u00eb ruajtur gjendjen e shendetshme fiziologjike gastrointestinale, \u00a0t\u00eb f\u00ebmij\u00ebve dhe t\u00eb rriturve me dhimbje barku dhe meteoriz\u00ebm . Ai \u00ebsht\u00eb nj\u00eb produkt me origjin\u00eb bimore q\u00eb leht\u00ebson fryrjen.\u00a0 N\u00ebp\u00ebrmjet kombinimin e t\u00eb tre vajrave esenciale anise, kop\u00ebr dhe kamomil ai p\u00ebrmir\u00ebson tretjen, eliminon spazmat e zorr\u00ebve, fryrjen, kapsll\u00ebkun dhe stimulon oreksin. \u00cbsht\u00eb v\u00ebrtetuar se p\u00ebrb\u00ebr\u00ebsit aktiv\u00eb t\u00eb secilit nga tre vajrat esencial\u00eb sh\u00ebrbejn\u00eb si laksativ t\u00eb moderuar dhe nxisin gjithashtu normalizimin e peristaltik\u00ebs s\u00eb traktit gastrointestinal.<br \/>\n<br \/><Br><br \/>\n<strong>Vaji esencial i Pimpinella anisum<\/strong> rregullon tretjen, parandalon fryrjen, ka efekt antispazmatik dhe p\u00ebr k\u00ebt\u00eb arsye p\u00ebrdoret p\u00ebr trajtim dhe profilaksi p\u00ebr dhimbjet e barkut, dispepsin\u00eb, flatulenc\u00ebn, \u00e7rregullimet funksionale t\u00eb traktit gastrointestinal, t\u00eb p\u00ebrziera, t\u00eb vjella dhe ka gjithashtu veti antiseptike.<br \/>\n<br \/><Br><br \/>\n<strong>Vaji esencial i Foeniculum vulgare<\/strong> p\u00ebrdoret si trajtim karminativ ( qet\u00ebsues I fryrjeve), eliminon spazmat e stomakut , dhe \u00ebsht\u00eb nj\u00eb agjent antimikrobik.<br \/>\n<br \/><Br><br \/>\n<strong>Vaji esencial i Anthemis nobilis<\/strong> ka veti baktericide, qet\u00ebsuese, koleretike, anti-inflamatore, ka gjithashtu efekte antispazmatike dhe analgjezike.<\/p>\n","protected":false},"excerpt":{"rendered":"<p><strong>INTESTIVIS<\/strong> \u00ebsht\u00eb nj\u00eb suplement ushqimor me baz\u00eb vajin esencial t\u00eb Pimpinella anisum , kopr\u00ebs dhe kamomilit t\u00eb cilat ndihmojn\u00eb p\u00ebr t\u00eb ruajtur gjendjen e shendetshme fiziologjike gastrointestinale, \u00a0t\u00eb f\u00ebmij\u00ebve dhe t\u00eb rriturve me dhimbje barku dhe meteoriz\u00ebm .<\/p>\n","protected":false},"featured_media":6329,"comment_status":"closed","ping_status":"closed","template":"","meta":{"_acf_changed":false},"product_brand":[],"product_cat":[216],"product_tag":[177,176,178,180,175,125,179,174,99,181],"class_list":{"0":"post-6082","1":"product","2":"type-product","3":"status-publish","4":"has-post-thumbnail","6":"product_cat-sistemi-gastro-intestinal","7":"product_tag-areofagi","8":"product_tag-crregullimeintestinale","9":"product_tag-flatulenca","10":"product_tag-intestin","11":"product_tag-kolika-femije","12":"product_tag-pediater","13":"product_tag-renieoreksi","14":"product_tag-traktiintestinal","15":"product_tag-zorre","16":"product_tag-zorreholle","18":"first","19":"instock","20":"featured","21":"shipping-taxable","22":"purchasable","23":"product-type-simple"},"acf":[],"_links":{"self":[{"href":"https:\/\/tokdev.al\/spring-pharma\/wp-json\/wp\/v2\/product\/6082","targetHints":{"allow":["GET"]}}],"collection":[{"href":"https:\/\/tokdev.al\/spring-pharma\/wp-json\/wp\/v2\/product"}],"about":[{"href":"https:\/\/tokdev.al\/spring-pharma\/wp-json\/wp\/v2\/types\/product"}],"replies":[{"embeddable":true,"href":"https:\/\/tokdev.al\/spring-pharma\/wp-json\/wp\/v2\/comments?post=6082"}],"version-history":[{"count":6,"href":"https:\/\/tokdev.al\/spring-pharma\/wp-json\/wp\/v2\/product\/6082\/revisions"}],"predecessor-version":[{"id":6481,"href":"https:\/\/tokdev.al\/spring-pharma\/wp-json\/wp\/v2\/product\/6082\/revisions\/6481"}],"wp:featuredmedia":[{"embeddable":true,"href":"https:\/\/tokdev.al\/spring-pharma\/wp-json\/wp\/v2\/media\/6329"}],"wp:attachment":[{"href":"https:\/\/tokdev.al\/spring-pharma\/wp-json\/wp\/v2\/media?parent=6082"}],"wp:term":[{"taxonomy":"product_brand","embeddable":true,"href":"https:\/\/tokdev.al\/spring-pharma\/wp-json\/wp\/v2\/product_brand?post=6082"},{"taxonomy":"product_cat","embeddable":true,"href":"https:\/\/tokdev.al\/spring-pharma\/wp-json\/wp\/v2\/product_cat?post=6082"},{"taxonomy":"product_tag","embeddable":true,"href":"https:\/\/tokdev.al\/spring-pharma\/wp-json\/wp\/v2\/product_tag?post=6082"}],"curies":[{"name":"wp","href":"https:\/\/api.w.org\/{rel}","templated":true}]}}