{"id":6092,"date":"2025-09-25T07:53:07","date_gmt":"2025-09-25T07:53:07","guid":{"rendered":"https:\/\/tokdev.al\/spring-pharma\/?post_type=product&#038;p=6092"},"modified":"2025-10-14T12:49:29","modified_gmt":"2025-10-14T12:49:29","slug":"moringa-oleifera","status":"publish","type":"product","link":"https:\/\/tokdev.al\/spring-pharma\/product\/moringa-oleifera\/","title":{"rendered":"Moringa Oleifera"},"content":{"rendered":"<p><strong>Moringa oleifera<\/strong> \u00ebsht\u00eb nj\u00eb suplement n\u00eb form\u00eb kapsulash, i p\u00ebrb\u00ebr\u00eb nga pluhuri i bim\u00ebs Moringa q\u00eb ndihmon funksionin tret\u00ebs, fluiditetin e sekrecioneve t\u00eb bronkeve, rregullimin e procesit t\u00eb djersitjes, normalizimin e qarkullimit t\u00eb gjakut, metabolizmin e lipideve dhe balancimin e pesh\u00ebs trupore.<\/p>\n","protected":false},"excerpt":{"rendered":"<p>Moringa oleifera \u00ebsht\u00eb nj\u00eb suplement n\u00eb form\u00eb kapsulash, i p\u00ebrb\u00ebr\u00eb nga pluhuri i bim\u00ebs Moringa q\u00eb ndihmon funksionin tret\u00ebs, fluiditetin e sekrecioneve t\u00eb bronkeve, rregullimin e procesit t\u00eb djersitjes, normalizimin e qarkullimit t\u00eb gjakut, metabolizmin e lipideve dhe balancimin e pesh\u00ebs trupore.<\/p>\n","protected":false},"featured_media":6461,"comment_status":"closed","ping_status":"closed","template":"","meta":{"_acf_changed":false},"product_brand":[],"product_cat":[215],"product_tag":[182,184,168,152,183],"class_list":{"0":"post-6092","1":"product","2":"type-product","3":"status-publish","4":"has-post-thumbnail","6":"product_cat-metabolizem","7":"product_tag-antioksidant","8":"product_tag-djerse","9":"product_tag-energji","10":"product_tag-imunitet","11":"product_tag-moringa","13":"first","14":"instock","15":"shipping-taxable","16":"purchasable","17":"product-type-simple"},"acf":[],"_links":{"self":[{"href":"https:\/\/tokdev.al\/spring-pharma\/wp-json\/wp\/v2\/product\/6092","targetHints":{"allow":["GET"]}}],"collection":[{"href":"https:\/\/tokdev.al\/spring-pharma\/wp-json\/wp\/v2\/product"}],"about":[{"href":"https:\/\/tokdev.al\/spring-pharma\/wp-json\/wp\/v2\/types\/product"}],"replies":[{"embeddable":true,"href":"https:\/\/tokdev.al\/spring-pharma\/wp-json\/wp\/v2\/comments?post=6092"}],"version-history":[{"count":3,"href":"https:\/\/tokdev.al\/spring-pharma\/wp-json\/wp\/v2\/product\/6092\/revisions"}],"predecessor-version":[{"id":6480,"href":"https:\/\/tokdev.al\/spring-pharma\/wp-json\/wp\/v2\/product\/6092\/revisions\/6480"}],"wp:featuredmedia":[{"embeddable":true,"href":"https:\/\/tokdev.al\/spring-pharma\/wp-json\/wp\/v2\/media\/6461"}],"wp:attachment":[{"href":"https:\/\/tokdev.al\/spring-pharma\/wp-json\/wp\/v2\/media?parent=6092"}],"wp:term":[{"taxonomy":"product_brand","embeddable":true,"href":"https:\/\/tokdev.al\/spring-pharma\/wp-json\/wp\/v2\/product_brand?post=6092"},{"taxonomy":"product_cat","embeddable":true,"href":"https:\/\/tokdev.al\/spring-pharma\/wp-json\/wp\/v2\/product_cat?post=6092"},{"taxonomy":"product_tag","embeddable":true,"href":"https:\/\/tokdev.al\/spring-pharma\/wp-json\/wp\/v2\/product_tag?post=6092"}],"curies":[{"name":"wp","href":"https:\/\/api.w.org\/{rel}","templated":true}]}}