{"id":6120,"date":"2025-09-25T09:29:34","date_gmt":"2025-09-25T09:29:34","guid":{"rendered":"https:\/\/tokdev.al\/spring-pharma\/?post_type=product&#038;p=6120"},"modified":"2025-10-21T14:32:45","modified_gmt":"2025-10-21T14:32:45","slug":"pulmovis-junior","status":"publish","type":"product","link":"https:\/\/tokdev.al\/spring-pharma\/product\/pulmovis-junior\/","title":{"rendered":"Pulmovis Junior"},"content":{"rendered":"<p>Pulmovis \u00ebsht\u00eb nj\u00eb produkt me origjin\u00eb bimore, i cila ka veti ekspektorante.<\/p>\n<p>Efekti i produktit jepet nga kombinimi i substancave aktive t\u00eb pranishme n\u00eb disa p\u00ebrb\u00ebr\u00ebs t\u00eb ekstrakteve bimore. Ekstraktet e rr\u00ebnj\u00ebs Althaea dhe gjethet e timusit kan\u00eb veprime mukolitike dhe mukokinetike. Ekstraktet e gjetheve t\u00eb grindelia, rr\u00ebnj\u00ebs althea, gjethet e\u00a0 Plantago dhe timusit p\u00ebrmbajn\u00eb vajra esencial\u00eb t\u00eb cil\u00ebt stimulojn\u00eb aktivitetin e cilieve t\u00eb epitelit ciliar n\u00eb rrug\u00ebt e ajrit, kan\u00eb veti ekspektorante, antibakteriale dhe anti-inflamatore. P\u00ebrve\u00e7 k\u00ebsaj, ekstrakte t\u00eb grindelia dhe gjethet e timusit kan\u00eb veprim spazmolitik n\u00eb muskujt e l\u00ebmuar t\u00eb bronkeve, t\u00eb cilat leht\u00ebsojn\u00eb largimin e mukusit. Ekstrakti I rr\u00ebnj\u00ebs s\u00eb althaea ka surfaktant, veprim mukolitik dhe \u00a0anti-inflamator. Ekstrakte t\u00eb Abies \u00a0alba dhe gjethet eukaliptit p\u00ebrmbajn\u00eb \u00a0vaj esencial dhe vitamina natyrale q\u00eb jan\u00eb shum\u00eb t\u00eb nevojshme p\u00ebr organizmin n\u00eb periudha t\u00eb s\u00ebmundjes p\u00ebr stimulimin e sistemit imunitar.<\/p>\n","protected":false},"excerpt":{"rendered":"<p>Pulmovis \u00ebsht\u00eb nj\u00eb produkt me origjin\u00eb bimore, i cila ka veti ekspektorante.<\/p>\n","protected":false},"featured_media":6317,"comment_status":"closed","ping_status":"closed","template":"","meta":{"_acf_changed":false},"product_brand":[],"product_cat":[29,222],"product_tag":[123,126,107,115,117,116,119,118,125,122],"class_list":{"0":"post-6120","1":"product","2":"type-product","3":"status-publish","4":"has-post-thumbnail","6":"product_cat-sistemi-respirator","7":"product_cat-kujdesi-per-femijet","8":"product_tag-astma-bronkiale","9":"product_tag-azma","10":"product_tag-femije","11":"product_tag-kolle","12":"product_tag-kolle-e-thate","13":"product_tag-kolle-me-sekrecione","14":"product_tag-manuka-honey","15":"product_tag-mjalt-manuka","16":"product_tag-pediater","17":"product_tag-pneumonia","19":"first","20":"instock","21":"shipping-taxable","22":"purchasable","23":"product-type-simple"},"acf":[],"_links":{"self":[{"href":"https:\/\/tokdev.al\/spring-pharma\/wp-json\/wp\/v2\/product\/6120","targetHints":{"allow":["GET"]}}],"collection":[{"href":"https:\/\/tokdev.al\/spring-pharma\/wp-json\/wp\/v2\/product"}],"about":[{"href":"https:\/\/tokdev.al\/spring-pharma\/wp-json\/wp\/v2\/types\/product"}],"replies":[{"embeddable":true,"href":"https:\/\/tokdev.al\/spring-pharma\/wp-json\/wp\/v2\/comments?post=6120"}],"version-history":[{"count":7,"href":"https:\/\/tokdev.al\/spring-pharma\/wp-json\/wp\/v2\/product\/6120\/revisions"}],"predecessor-version":[{"id":6474,"href":"https:\/\/tokdev.al\/spring-pharma\/wp-json\/wp\/v2\/product\/6120\/revisions\/6474"}],"wp:featuredmedia":[{"embeddable":true,"href":"https:\/\/tokdev.al\/spring-pharma\/wp-json\/wp\/v2\/media\/6317"}],"wp:attachment":[{"href":"https:\/\/tokdev.al\/spring-pharma\/wp-json\/wp\/v2\/media?parent=6120"}],"wp:term":[{"taxonomy":"product_brand","embeddable":true,"href":"https:\/\/tokdev.al\/spring-pharma\/wp-json\/wp\/v2\/product_brand?post=6120"},{"taxonomy":"product_cat","embeddable":true,"href":"https:\/\/tokdev.al\/spring-pharma\/wp-json\/wp\/v2\/product_cat?post=6120"},{"taxonomy":"product_tag","embeddable":true,"href":"https:\/\/tokdev.al\/spring-pharma\/wp-json\/wp\/v2\/product_tag?post=6120"}],"curies":[{"name":"wp","href":"https:\/\/api.w.org\/{rel}","templated":true}]}}