{"id":6152,"date":"2025-09-25T13:36:06","date_gmt":"2025-09-25T13:36:06","guid":{"rendered":"https:\/\/tokdev.al\/spring-pharma\/?post_type=product&#038;p=6152"},"modified":"2025-10-21T14:41:18","modified_gmt":"2025-10-21T14:41:18","slug":"tossevis","status":"publish","type":"product","link":"https:\/\/tokdev.al\/spring-pharma\/product\/tossevis\/","title":{"rendered":"Tossevis"},"content":{"rendered":"<p><strong>Ekstrakti i that\u00eb i dredhk\u00ebs<\/strong> (e njohur ndryshe si Hedera) dhe saponinat e saj, \u00a0jan\u00eb t\u00eb njohura\u00a0 p\u00ebr efektin e tyre si anti-inflamator, antibakterial, mukolitik dhe antispazmatik. Ekstraktet e gjetheve t\u00eb dredhk\u00ebs p\u00ebrmbajn\u00eb saponinat dhe komponimet e tjera q\u00eb mund t\u00eb ndihmojn\u00eb, qet\u00ebsojn\u00eb dhe pastrojn\u00eb bronket e irrituara. Kjo e b\u00ebn at\u00eb nj\u00eb produkt natyral t\u00eb dobish\u00ebm\u00a0 p\u00ebr individ\u00ebt q\u00eb vuajn\u00eb nga problemet e frym\u00ebmarrjes si bronkiti dhe astma. Efekti qet\u00ebsues mund t\u00eb leht\u00ebsoj\u00eb koll\u00ebn dhe p\u00ebrmir\u00ebsimin e p\u00ebrgjithsh\u00ebm t\u00eb frym\u00ebmarrjes. P\u00ebrdorimi i rregullt i ekstrakteve t\u00eb gjetheve t\u00eb dredhk\u00ebs mb\u00ebshtet funksionimin e sh\u00ebndetsh\u00ebm t\u00eb mushk\u00ebrive duke rritur pastrimin e mukusit. Kjo ndihmon n\u00eb reduktimin e kongjestionit dhe sigurimin q\u00eb sistemi respirator t\u00eb funksionoj\u00eb n\u00eb m\u00ebnyr\u00eb efikase. Vetit\u00eb anti-inflamatore t\u00eb gjetheve t\u00eb dredhk\u00ebs gjithashtu kontribuojn\u00eb n\u00eb reduktimin e inflamacionit n\u00eb rrug\u00ebt e frym\u00ebmarrjes, t\u00eb cilat mund t\u00eb jen\u00eb t\u00eb dobishme tek personat me probleme kronike t\u00eb frym\u00ebmarrjes<\/p>\n<p><strong>Grindelia<\/strong>, p\u00ebrdoret gjer\u00ebsisht n\u00eb fitoterapi, sidomos pjeset e lul\u00ebzuara t\u00eb saj,\u00a0 t\u00eb cilat p\u00ebrmbajn\u00eb acide \u2013 fenole (acidet ferulike, klorogjenike dhe kafeike), taninet, saponozidet si dhe flavonoidet t\u00eb tilla si quercetol, kaempferol dhe apigenin. Grindelia ka edhe nj\u00eb esenc\u00eb t\u00eb p\u00ebrb\u00ebr\u00eb nga borneol, terpineol dhe \u03b1\/\u03b2-pinene, q\u00eb p\u00ebrdoret p\u00ebr koll\u00ebn inflamatore, bronkitin dhe ethet e barit. Kjo bim\u00eb ka veti anti-inflamatore dhe antioksiduese. \u00cbsht\u00eb gjithashtu antibakterial i fuqish\u00ebm fal\u00eb veprimit t\u00eb polifenoleve dhe saponozideve t\u00eb saj. Fal\u00eb vetive ekspektorante dhe antispazmatike, grindelia ndihmon n\u00eb qet\u00ebsimin e koll\u00ebs.<\/p>\n<p><strong>Hedge mustard <\/strong>\u00ebsht\u00eb nj\u00eb ekspektorant i njohur, i cili \u00ebsht\u00eb p\u00ebrdorur historikisht kund\u00ebr ngjirjes s\u00eb z\u00ebrit, koll\u00ebs, astm\u00ebs dhe dhimbjeve t\u00eb fytit, po ashtu thuhet se ushtron nj\u00eb ndikim mesatar si diuretik n\u00eb obstruksionin urinar. Veprimtaria e <em>Sisymbrium officinale<\/em> ka qen\u00eb e lidhur ngusht\u00eb me komponent\u00ebt e sulfatizuar; t\u00eb cilat jan\u00eb t\u00eb njohura p\u00ebr t\u00eb stimuluar sekretimin e mukoz\u00ebs n\u00eb pjes\u00ebn e sip\u00ebrme t\u00eb traktit t\u00eb frym\u00ebmarrjes, duke rritur k\u00ebshtu nxjerrjen e sekrecioneve.<\/p>\n<p><strong>Lul\u00ebkuqja<\/strong> \u00ebsht\u00eb nj\u00eb bim\u00eb mjek\u00ebsore tradicionale.\u00a0 Lulet, t\u00eb cilat zakonisht b\u00ebhen ose \u00e7aj ose shurup n\u00eb mjek\u00ebsin\u00eb popullore, kan\u00eb nj\u00eb efekt analgjezik dhe qet\u00ebsues. Ato p\u00ebrdoren tradicionalisht p\u00ebr tensionin nervor, pagjum\u00ebsian\u00eb, nervozizmin, por edhe p\u00ebr koll\u00ebn dhe astm\u00ebn.<\/p>\n<p><strong>Blackcurrant<\/strong> ( Ribes nigrum) ka nj\u00eb p\u00ebrqendrim t\u00eb lart\u00eb t\u00eb: antocianin- substanca polifenolike, antioksidant\u00eb,\u00a0 vitamin\u00eb C,\u00a0 acid gama-linolenik (GLA). Ribes nigrum kan\u00eb qen\u00eb gjer\u00ebsisht t\u00eb studiuara dhe dihet se kan\u00eb veti shum\u00eb t\u00eb larta antioksidante, polifenolike dhe p\u00ebrqendrime t\u00eb bollshme t\u00eb vitamin\u00ebs C. Nj\u00eb num\u00ebr I konsideruesh\u00ebm I vetive terapeutike i\u00a0 jan\u00eb atribuar\u00a0 antocianinave t\u00eb Ribes Nigrum. K\u00ebto antioksidant\u00eb ndihmojn\u00eb n\u00eb rritjen e\u00a0 imunitetit duke b\u00ebr\u00eb t\u00eb mundur q\u00eb nj\u00eb organiz\u00ebm i fort\u00eb t\u00eb luftoj\u00eb infeksionet dhe viruset n\u00eb m\u00ebnyr\u00eb m\u00eb efektive.<\/p>\n","protected":false},"excerpt":{"rendered":"<p><em>Tossevis<\/em> \u00ebsht\u00eb nj\u00eb suplement ushqimor me baz\u00eb ekstarktin e that\u00eb t\u00eb drethk\u00ebs (Ivy ose Hedera) , Grindelia, Hedge mustard, Lul\u00ebkuqe dhe ekstraktet e thata t\u00eb Ribes nigrum q\u00eb ndihmojn\u00eb n\u00eb ruajtjen e gjendjes fiziologjike t\u00eb traktit t\u00eb frym\u00ebmarrjes dhe p\u00ebrmir\u00ebsimin e koll\u00ebs n\u00eb afeksionet e rrug\u00ebve respiratore.<\/p>\n","protected":false},"featured_media":6311,"comment_status":"closed","ping_status":"closed","template":"","meta":{"_acf_changed":false},"product_brand":[],"product_cat":[29],"product_tag":[124,123,126,214,120,213,115,117,116,122,212],"class_list":{"0":"post-6152","1":"product","2":"type-product","3":"status-publish","4":"has-post-thumbnail","6":"product_cat-sistemi-respirator","7":"product_tag-astma","8":"product_tag-astma-bronkiale","9":"product_tag-azma","10":"product_tag-bronkiektazi","11":"product_tag-bronkiti","12":"product_tag-emfizeme","13":"product_tag-kolle","14":"product_tag-kolle-e-thate","15":"product_tag-kolle-me-sekrecione","16":"product_tag-pneumonia","17":"product_tag-spok","19":"first","20":"instock","21":"shipping-taxable","22":"purchasable","23":"product-type-simple"},"acf":[],"_links":{"self":[{"href":"https:\/\/tokdev.al\/spring-pharma\/wp-json\/wp\/v2\/product\/6152","targetHints":{"allow":["GET"]}}],"collection":[{"href":"https:\/\/tokdev.al\/spring-pharma\/wp-json\/wp\/v2\/product"}],"about":[{"href":"https:\/\/tokdev.al\/spring-pharma\/wp-json\/wp\/v2\/types\/product"}],"replies":[{"embeddable":true,"href":"https:\/\/tokdev.al\/spring-pharma\/wp-json\/wp\/v2\/comments?post=6152"}],"version-history":[{"count":4,"href":"https:\/\/tokdev.al\/spring-pharma\/wp-json\/wp\/v2\/product\/6152\/revisions"}],"predecessor-version":[{"id":6813,"href":"https:\/\/tokdev.al\/spring-pharma\/wp-json\/wp\/v2\/product\/6152\/revisions\/6813"}],"wp:featuredmedia":[{"embeddable":true,"href":"https:\/\/tokdev.al\/spring-pharma\/wp-json\/wp\/v2\/media\/6311"}],"wp:attachment":[{"href":"https:\/\/tokdev.al\/spring-pharma\/wp-json\/wp\/v2\/media?parent=6152"}],"wp:term":[{"taxonomy":"product_brand","embeddable":true,"href":"https:\/\/tokdev.al\/spring-pharma\/wp-json\/wp\/v2\/product_brand?post=6152"},{"taxonomy":"product_cat","embeddable":true,"href":"https:\/\/tokdev.al\/spring-pharma\/wp-json\/wp\/v2\/product_cat?post=6152"},{"taxonomy":"product_tag","embeddable":true,"href":"https:\/\/tokdev.al\/spring-pharma\/wp-json\/wp\/v2\/product_tag?post=6152"}],"curies":[{"name":"wp","href":"https:\/\/api.w.org\/{rel}","templated":true}]}}